{"id":88,"date":"2018-11-11T18:13:55","date_gmt":"2018-11-11T18:13:55","guid":{"rendered":"http:\/\/www.wsaconsultoriadigital.com.br\/virtual\/?post_type=product&#038;p=88"},"modified":"2025-03-30T22:56:00","modified_gmt":"2025-03-30T22:56:00","slug":"construcao-de-blog-profissional-para-marketing-de-conteudo","status":"publish","type":"product","link":"https:\/\/www.wsaconsultoriadigital.com.br\/virtual\/produto\/construcao-de-blog-profissional-para-marketing-de-conteudo\/","title":{"rendered":"Cria\u00e7\u00e3o de Blog Profissional para Marketing de Conte\u00fado"},"content":{"rendered":"<div id=\"text_5c0e71514ad71\">\n<p><strong>Fa\u00e7a o investimento certo<\/strong><\/p>\n<\/div>\n<div id=\"_5779599445_1537366656\">\n<div id=\"_1014195673_1537366656\">\n<div id=\"text_5c0e71514b70a\">\n<ul>\n<li>Os benef\u00edcios s\u00e3o duradouros;<\/li>\n<li>Os conte\u00fados rendem resultados enquanto estiverem online;<\/li>\n<li>Aumenta a taxa de convers\u00e3o dos leads;<\/li>\n<li>Sua empresa ganha credibilidade;<\/li>\n<li>\u00c9 poss\u00edvel criar conte\u00fados que solucionem as &#8220;dores&#8221; dos seus clientes.<\/li>\n<\/ul>\n<div class=\"elementor-element elementor-element-1208d7e elementor-widget elementor-widget-divider\" data-id=\"1208d7e\" data-element_type=\"divider.default\">\n<div class=\"elementor-widget-container\">\n<div class=\"elementor-divider\">Desenvolvemos uma estrutura a partir do que voc\u00ea necessita para divulga\u00e7\u00e3o de seu servi\u00e7os e ou produtos, atrav\u00e9s de um conjunto de ideias bem direcionadas para atender a todos os segmentos da sua empresa.<\/div>\n<div><\/div>\n<div class=\"elementor-divider\">O que est\u00e1 incluso:<\/div>\n<\/div>\n<\/div>\n<div class=\"elementor-element elementor-element-1208d7e elementor-widget elementor-widget-divider\" data-id=\"1208d7e\" data-element_type=\"divider.default\">\n<div class=\"elementor-widget-container\">\n<ul>\n<li>DOM\u00cdNIO NACIONAL (vigente 12 meses);<\/li>\n<li>HOSPEDAGEM DE SITE (vigente 12 meses);<\/li>\n<li>5 CONTAS DE E-MAIL PROFISSIONAL \u00a0(vigente 12 meses);<\/li>\n<li>OTIMIZA\u00c7\u00c3O DO SITE (SEO);<\/li>\n<li>SITE RESPONSIVO;<\/li>\n<li>ESTAT\u00cdSTICAS DO SITE;<\/li>\n<li>CERTIFICADO SSL DV ESSENCIAL \u2013 (Para novas contrata\u00e7\u00f5es a partir 05\/2020)***;<\/li>\n<li>LGPD \u2013 LEI GERAL DE PROTE\u00c7\u00c3O DE DADOS \u2013 Site j\u00e1 adaptado.<\/li>\n<\/ul>\n<\/div>\n<\/div>\n<\/div>\n<\/div>\n<\/div>\n<!-- AddThis Advanced Settings generic via filter on the_content --><!-- AddThis Share Buttons generic via filter on the_content -->","protected":false},"excerpt":{"rendered":"<div id=\"text_5c0e71514890c\" class=\"col-xs-12 col-sm-12 col-md-12 col-xs-offset-0 col-sm-offset-0 col-md-offset-0\">\n<p><strong>Um portal de not\u00edcias \u00e9 a estrat\u00e9gia certa para alavancar seu neg\u00f3cio<\/strong><\/p>\n<\/div>\n<div id=\"text_5c0e715148b40\" class=\"col-xs-12 col-sm-12 col-md-10 col-xs-offset-0 col-sm-offset-0 col-md-offset-0\">\n<p>Voc\u00ea j\u00e1 se perguntou qual \u00e9 a melhor op\u00e7\u00e3o para a sua marca? Um blog ou um portal de not\u00edcias?<\/p>\n<div tabindex=\"1506\" role=\"tab\" data-tab=\"6\" aria-controls=\"elementor-tab-content-1506\"><strong>MAIS INFORMA\u00c7\u00d5ES:<br \/>\n<\/strong>Para cria\u00e7\u00f5es mais complexas\u00a0<em><strong>SOLICITAR<\/strong>\u00a0<strong>OR\u00c7AMENTO<\/strong><\/em>\u00a0via\u00a0<a href=\"https:\/\/api.whatsapp.com\/send?l=pt_BR&amp;phone=55021993813195\" target=\"_blank\" rel=\"noopener noreferrer\">WhatsApp<\/a>.<br \/>\nOu, envie um e-mail para <a href=\"mailto:orcamento@wsaconsultoriadigital.com.br\">orcamento@wsaconsultoriadigital.com.br<\/a><\/div>\n<\/div>\n<p><!-- AddThis Advanced Settings generic via filter on get_the_excerpt --><!-- AddThis Share Buttons generic via filter on get_the_excerpt --><\/p>\n","protected":false},"featured_media":7419,"comment_status":"open","ping_status":"closed","template":"","meta":[],"product_brand":[],"product_cat":[17],"product_tag":[38],"class_list":{"0":"post-88","1":"product","2":"type-product","3":"status-publish","4":"has-post-thumbnail","6":"product_cat-criacao-de-sites","7":"product_tag-criacao-de-blog","8":"post","10":"first","11":"instock","12":"sale","13":"virtual","14":"purchasable","15":"product-type-simple"},"yoast_head":"<!-- This site is optimized with the Yoast SEO plugin v27.3 - https:\/\/yoast.com\/product\/yoast-seo-wordpress\/ -->\n<title>Cria\u00e7\u00e3o de Blog Profissional para Marketing de Conte\u00fado - Wsa Consultoria em Marketing Digital<\/title>\n<meta name=\"robots\" content=\"index, follow, max-snippet:-1, max-image-preview:large, max-video-preview:-1\" \/>\n<link rel=\"canonical\" href=\"https:\/\/www.wsaconsultoriadigital.com.br\/virtual\/produto\/construcao-de-blog-profissional-para-marketing-de-conteudo\/\" \/>\n<meta property=\"og:locale\" content=\"pt_BR\" \/>\n<meta property=\"og:type\" content=\"article\" \/>\n<meta property=\"og:title\" content=\"Cria\u00e7\u00e3o de Blog Profissional para Marketing de Conte\u00fado - Wsa Consultoria em Marketing Digital\" \/>\n<meta property=\"og:description\" content=\"Um portal de not\u00edcias \u00e9 a estrat\u00e9gia certa para alavancar seu neg\u00f3cio     Voc\u00ea j\u00e1 se perguntou qual \u00e9 a melhor op\u00e7\u00e3o para a sua marca? Um blog ou um portal de not\u00edcias? MAIS INFORMA\u00c7\u00d5ES: Para cria\u00e7\u00f5es mais complexas\u00a0SOLICITAR\u00a0OR\u00c7AMENTO\u00a0via\u00a0WhatsApp. Ou, envie um e-mail para orcamento@wsaconsultoriadigital.com.br\" \/>\n<meta property=\"og:url\" content=\"https:\/\/www.wsaconsultoriadigital.com.br\/virtual\/produto\/construcao-de-blog-profissional-para-marketing-de-conteudo\/\" \/>\n<meta property=\"og:site_name\" content=\"Wsa Consultoria em Marketing Digital\" \/>\n<meta property=\"article:publisher\" content=\"https:\/\/facebook.com\/wsaconsultoria\" \/>\n<meta property=\"article:modified_time\" content=\"2025-03-30T22:56:00+00:00\" \/>\n<meta property=\"og:image\" content=\"https:\/\/www.wsaconsultoriadigital.com.br\/virtual\/wp-content\/uploads\/2018\/11\/wsa_consultoria-marketing-digital-site-portal-blog-marketing-de-conteudo-scaled.jpg\" \/>\n\t<meta property=\"og:image:width\" content=\"2048\" \/>\n\t<meta property=\"og:image:height\" content=\"2560\" \/>\n\t<meta property=\"og:image:type\" content=\"image\/jpeg\" \/>\n<meta name=\"twitter:card\" content=\"summary_large_image\" \/>\n<meta name=\"twitter:site\" content=\"@wsa_consultoria\" \/>\n<meta name=\"twitter:label1\" content=\"Est. tempo de leitura\" \/>\n\t<meta name=\"twitter:data1\" content=\"1 minuto\" \/>\n<script type=\"application\/ld+json\" class=\"yoast-schema-graph\">{\"@context\":\"https:\\\/\\\/schema.org\",\"@graph\":[{\"@type\":\"WebPage\",\"@id\":\"https:\\\/\\\/www.wsaconsultoriadigital.com.br\\\/virtual\\\/produto\\\/construcao-de-blog-profissional-para-marketing-de-conteudo\\\/\",\"url\":\"https:\\\/\\\/www.wsaconsultoriadigital.com.br\\\/virtual\\\/produto\\\/construcao-de-blog-profissional-para-marketing-de-conteudo\\\/\",\"name\":\"Cria\u00e7\u00e3o de Blog Profissional para Marketing de Conte\u00fado - Wsa Consultoria em Marketing Digital\",\"isPartOf\":{\"@id\":\"https:\\\/\\\/www.wsaconsultoriadigital.com.br\\\/virtual\\\/#website\"},\"primaryImageOfPage\":{\"@id\":\"https:\\\/\\\/www.wsaconsultoriadigital.com.br\\\/virtual\\\/produto\\\/construcao-de-blog-profissional-para-marketing-de-conteudo\\\/#primaryimage\"},\"image\":{\"@id\":\"https:\\\/\\\/www.wsaconsultoriadigital.com.br\\\/virtual\\\/produto\\\/construcao-de-blog-profissional-para-marketing-de-conteudo\\\/#primaryimage\"},\"thumbnailUrl\":\"https:\\\/\\\/www.wsaconsultoriadigital.com.br\\\/virtual\\\/wp-content\\\/uploads\\\/2018\\\/11\\\/wsa_consultoria-marketing-digital-site-portal-blog-marketing-de-conteudo-scaled.jpg\",\"datePublished\":\"2018-11-11T18:13:55+00:00\",\"dateModified\":\"2025-03-30T22:56:00+00:00\",\"breadcrumb\":{\"@id\":\"https:\\\/\\\/www.wsaconsultoriadigital.com.br\\\/virtual\\\/produto\\\/construcao-de-blog-profissional-para-marketing-de-conteudo\\\/#breadcrumb\"},\"inLanguage\":\"pt-BR\",\"potentialAction\":[{\"@type\":\"ReadAction\",\"target\":[\"https:\\\/\\\/www.wsaconsultoriadigital.com.br\\\/virtual\\\/produto\\\/construcao-de-blog-profissional-para-marketing-de-conteudo\\\/\"]}]},{\"@type\":\"ImageObject\",\"inLanguage\":\"pt-BR\",\"@id\":\"https:\\\/\\\/www.wsaconsultoriadigital.com.br\\\/virtual\\\/produto\\\/construcao-de-blog-profissional-para-marketing-de-conteudo\\\/#primaryimage\",\"url\":\"https:\\\/\\\/www.wsaconsultoriadigital.com.br\\\/virtual\\\/wp-content\\\/uploads\\\/2018\\\/11\\\/wsa_consultoria-marketing-digital-site-portal-blog-marketing-de-conteudo-scaled.jpg\",\"contentUrl\":\"https:\\\/\\\/www.wsaconsultoriadigital.com.br\\\/virtual\\\/wp-content\\\/uploads\\\/2018\\\/11\\\/wsa_consultoria-marketing-digital-site-portal-blog-marketing-de-conteudo-scaled.jpg\",\"width\":1536,\"height\":1920},{\"@type\":\"BreadcrumbList\",\"@id\":\"https:\\\/\\\/www.wsaconsultoriadigital.com.br\\\/virtual\\\/produto\\\/construcao-de-blog-profissional-para-marketing-de-conteudo\\\/#breadcrumb\",\"itemListElement\":[{\"@type\":\"ListItem\",\"position\":1,\"name\":\"In\u00edcio\",\"item\":\"https:\\\/\\\/www.wsaconsultoriadigital.com.br\\\/virtual\\\/\"},{\"@type\":\"ListItem\",\"position\":2,\"name\":\"Loja\",\"item\":\"https:\\\/\\\/www.wsaconsultoriadigital.com.br\\\/virtual\\\/loja\\\/\"},{\"@type\":\"ListItem\",\"position\":3,\"name\":\"Cria\u00e7\u00e3o de Blog Profissional para Marketing de Conte\u00fado\"}]},{\"@type\":\"WebSite\",\"@id\":\"https:\\\/\\\/www.wsaconsultoriadigital.com.br\\\/virtual\\\/#website\",\"url\":\"https:\\\/\\\/www.wsaconsultoriadigital.com.br\\\/virtual\\\/\",\"name\":\"Wsa Consultoria em Marketing Digital\",\"description\":\"Ag\u00eancia de Marketing Digital no Rio de Janeiro - RJ - Online\",\"publisher\":{\"@id\":\"https:\\\/\\\/www.wsaconsultoriadigital.com.br\\\/virtual\\\/#organization\"},\"potentialAction\":[{\"@type\":\"SearchAction\",\"target\":{\"@type\":\"EntryPoint\",\"urlTemplate\":\"https:\\\/\\\/www.wsaconsultoriadigital.com.br\\\/virtual\\\/?s={search_term_string}\"},\"query-input\":{\"@type\":\"PropertyValueSpecification\",\"valueRequired\":true,\"valueName\":\"search_term_string\"}}],\"inLanguage\":\"pt-BR\"},{\"@type\":\"Organization\",\"@id\":\"https:\\\/\\\/www.wsaconsultoriadigital.com.br\\\/virtual\\\/#organization\",\"name\":\"Wsa Consultoria em Marketing Digital \\\/ RJ\",\"url\":\"https:\\\/\\\/www.wsaconsultoriadigital.com.br\\\/virtual\\\/\",\"logo\":{\"@type\":\"ImageObject\",\"inLanguage\":\"pt-BR\",\"@id\":\"https:\\\/\\\/www.wsaconsultoriadigital.com.br\\\/virtual\\\/#\\\/schema\\\/logo\\\/image\\\/\",\"url\":\"https:\\\/\\\/www.wsaconsultoriadigital.com.br\\\/virtual\\\/wp-content\\\/uploads\\\/2018\\\/11\\\/wsa_consultoria-logo.png\",\"contentUrl\":\"https:\\\/\\\/www.wsaconsultoriadigital.com.br\\\/virtual\\\/wp-content\\\/uploads\\\/2018\\\/11\\\/wsa_consultoria-logo.png\",\"width\":440,\"height\":214,\"caption\":\"Wsa Consultoria em Marketing Digital \\\/ RJ\"},\"image\":{\"@id\":\"https:\\\/\\\/www.wsaconsultoriadigital.com.br\\\/virtual\\\/#\\\/schema\\\/logo\\\/image\\\/\"},\"sameAs\":[\"https:\\\/\\\/facebook.com\\\/wsaconsultoria\",\"https:\\\/\\\/x.com\\\/wsa_consultoria\",\"https:\\\/\\\/www.instagram.com\\\/wsa_consultoria\\\/\",\"https:\\\/\\\/www.linkedin.com\\\/in\\\/wsa-consultoria-em-marketing-digital-2842a8141\\\/\",\"https:\\\/\\\/br.pinterest.com\\\/wsaconsultoria\\\/\"]}]}<\/script>\n<!-- \/ Yoast SEO plugin. -->","yoast_head_json":{"title":"Cria\u00e7\u00e3o de Blog Profissional para Marketing de Conte\u00fado - Wsa Consultoria em Marketing Digital","robots":{"index":"index","follow":"follow","max-snippet":"max-snippet:-1","max-image-preview":"max-image-preview:large","max-video-preview":"max-video-preview:-1"},"canonical":"https:\/\/www.wsaconsultoriadigital.com.br\/virtual\/produto\/construcao-de-blog-profissional-para-marketing-de-conteudo\/","og_locale":"pt_BR","og_type":"article","og_title":"Cria\u00e7\u00e3o de Blog Profissional para Marketing de Conte\u00fado - Wsa Consultoria em Marketing Digital","og_description":"Um portal de not\u00edcias \u00e9 a estrat\u00e9gia certa para alavancar seu neg\u00f3cio     Voc\u00ea j\u00e1 se perguntou qual \u00e9 a melhor op\u00e7\u00e3o para a sua marca? Um blog ou um portal de not\u00edcias? MAIS INFORMA\u00c7\u00d5ES: Para cria\u00e7\u00f5es mais complexas\u00a0SOLICITAR\u00a0OR\u00c7AMENTO\u00a0via\u00a0WhatsApp. Ou, envie um e-mail para orcamento@wsaconsultoriadigital.com.br","og_url":"https:\/\/www.wsaconsultoriadigital.com.br\/virtual\/produto\/construcao-de-blog-profissional-para-marketing-de-conteudo\/","og_site_name":"Wsa Consultoria em Marketing Digital","article_publisher":"https:\/\/facebook.com\/wsaconsultoria","article_modified_time":"2025-03-30T22:56:00+00:00","og_image":[{"width":2048,"height":2560,"url":"https:\/\/www.wsaconsultoriadigital.com.br\/virtual\/wp-content\/uploads\/2018\/11\/wsa_consultoria-marketing-digital-site-portal-blog-marketing-de-conteudo-scaled.jpg","type":"image\/jpeg"}],"twitter_card":"summary_large_image","twitter_site":"@wsa_consultoria","twitter_misc":{"Est. tempo de leitura":"1 minuto"},"schema":{"@context":"https:\/\/schema.org","@graph":[{"@type":"WebPage","@id":"https:\/\/www.wsaconsultoriadigital.com.br\/virtual\/produto\/construcao-de-blog-profissional-para-marketing-de-conteudo\/","url":"https:\/\/www.wsaconsultoriadigital.com.br\/virtual\/produto\/construcao-de-blog-profissional-para-marketing-de-conteudo\/","name":"Cria\u00e7\u00e3o de Blog Profissional para Marketing de Conte\u00fado - Wsa Consultoria em Marketing Digital","isPartOf":{"@id":"https:\/\/www.wsaconsultoriadigital.com.br\/virtual\/#website"},"primaryImageOfPage":{"@id":"https:\/\/www.wsaconsultoriadigital.com.br\/virtual\/produto\/construcao-de-blog-profissional-para-marketing-de-conteudo\/#primaryimage"},"image":{"@id":"https:\/\/www.wsaconsultoriadigital.com.br\/virtual\/produto\/construcao-de-blog-profissional-para-marketing-de-conteudo\/#primaryimage"},"thumbnailUrl":"https:\/\/www.wsaconsultoriadigital.com.br\/virtual\/wp-content\/uploads\/2018\/11\/wsa_consultoria-marketing-digital-site-portal-blog-marketing-de-conteudo-scaled.jpg","datePublished":"2018-11-11T18:13:55+00:00","dateModified":"2025-03-30T22:56:00+00:00","breadcrumb":{"@id":"https:\/\/www.wsaconsultoriadigital.com.br\/virtual\/produto\/construcao-de-blog-profissional-para-marketing-de-conteudo\/#breadcrumb"},"inLanguage":"pt-BR","potentialAction":[{"@type":"ReadAction","target":["https:\/\/www.wsaconsultoriadigital.com.br\/virtual\/produto\/construcao-de-blog-profissional-para-marketing-de-conteudo\/"]}]},{"@type":"ImageObject","inLanguage":"pt-BR","@id":"https:\/\/www.wsaconsultoriadigital.com.br\/virtual\/produto\/construcao-de-blog-profissional-para-marketing-de-conteudo\/#primaryimage","url":"https:\/\/www.wsaconsultoriadigital.com.br\/virtual\/wp-content\/uploads\/2018\/11\/wsa_consultoria-marketing-digital-site-portal-blog-marketing-de-conteudo-scaled.jpg","contentUrl":"https:\/\/www.wsaconsultoriadigital.com.br\/virtual\/wp-content\/uploads\/2018\/11\/wsa_consultoria-marketing-digital-site-portal-blog-marketing-de-conteudo-scaled.jpg","width":1536,"height":1920},{"@type":"BreadcrumbList","@id":"https:\/\/www.wsaconsultoriadigital.com.br\/virtual\/produto\/construcao-de-blog-profissional-para-marketing-de-conteudo\/#breadcrumb","itemListElement":[{"@type":"ListItem","position":1,"name":"In\u00edcio","item":"https:\/\/www.wsaconsultoriadigital.com.br\/virtual\/"},{"@type":"ListItem","position":2,"name":"Loja","item":"https:\/\/www.wsaconsultoriadigital.com.br\/virtual\/loja\/"},{"@type":"ListItem","position":3,"name":"Cria\u00e7\u00e3o de Blog Profissional para Marketing de Conte\u00fado"}]},{"@type":"WebSite","@id":"https:\/\/www.wsaconsultoriadigital.com.br\/virtual\/#website","url":"https:\/\/www.wsaconsultoriadigital.com.br\/virtual\/","name":"Wsa Consultoria em Marketing Digital","description":"Ag\u00eancia de Marketing Digital no Rio de Janeiro - RJ - Online","publisher":{"@id":"https:\/\/www.wsaconsultoriadigital.com.br\/virtual\/#organization"},"potentialAction":[{"@type":"SearchAction","target":{"@type":"EntryPoint","urlTemplate":"https:\/\/www.wsaconsultoriadigital.com.br\/virtual\/?s={search_term_string}"},"query-input":{"@type":"PropertyValueSpecification","valueRequired":true,"valueName":"search_term_string"}}],"inLanguage":"pt-BR"},{"@type":"Organization","@id":"https:\/\/www.wsaconsultoriadigital.com.br\/virtual\/#organization","name":"Wsa Consultoria em Marketing Digital \/ RJ","url":"https:\/\/www.wsaconsultoriadigital.com.br\/virtual\/","logo":{"@type":"ImageObject","inLanguage":"pt-BR","@id":"https:\/\/www.wsaconsultoriadigital.com.br\/virtual\/#\/schema\/logo\/image\/","url":"https:\/\/www.wsaconsultoriadigital.com.br\/virtual\/wp-content\/uploads\/2018\/11\/wsa_consultoria-logo.png","contentUrl":"https:\/\/www.wsaconsultoriadigital.com.br\/virtual\/wp-content\/uploads\/2018\/11\/wsa_consultoria-logo.png","width":440,"height":214,"caption":"Wsa Consultoria em Marketing Digital \/ RJ"},"image":{"@id":"https:\/\/www.wsaconsultoriadigital.com.br\/virtual\/#\/schema\/logo\/image\/"},"sameAs":["https:\/\/facebook.com\/wsaconsultoria","https:\/\/x.com\/wsa_consultoria","https:\/\/www.instagram.com\/wsa_consultoria\/","https:\/\/www.linkedin.com\/in\/wsa-consultoria-em-marketing-digital-2842a8141\/","https:\/\/br.pinterest.com\/wsaconsultoria\/"]}]}},"_links":{"self":[{"href":"https:\/\/www.wsaconsultoriadigital.com.br\/virtual\/wp-json\/wp\/v2\/product\/88","targetHints":{"allow":["GET"]}}],"collection":[{"href":"https:\/\/www.wsaconsultoriadigital.com.br\/virtual\/wp-json\/wp\/v2\/product"}],"about":[{"href":"https:\/\/www.wsaconsultoriadigital.com.br\/virtual\/wp-json\/wp\/v2\/types\/product"}],"replies":[{"embeddable":true,"href":"https:\/\/www.wsaconsultoriadigital.com.br\/virtual\/wp-json\/wp\/v2\/comments?post=88"}],"version-history":[{"count":8,"href":"https:\/\/www.wsaconsultoriadigital.com.br\/virtual\/wp-json\/wp\/v2\/product\/88\/revisions"}],"predecessor-version":[{"id":7083,"href":"https:\/\/www.wsaconsultoriadigital.com.br\/virtual\/wp-json\/wp\/v2\/product\/88\/revisions\/7083"}],"wp:featuredmedia":[{"embeddable":true,"href":"https:\/\/www.wsaconsultoriadigital.com.br\/virtual\/wp-json\/wp\/v2\/media\/7419"}],"wp:attachment":[{"href":"https:\/\/www.wsaconsultoriadigital.com.br\/virtual\/wp-json\/wp\/v2\/media?parent=88"}],"wp:term":[{"taxonomy":"product_brand","embeddable":true,"href":"https:\/\/www.wsaconsultoriadigital.com.br\/virtual\/wp-json\/wp\/v2\/product_brand?post=88"},{"taxonomy":"product_cat","embeddable":true,"href":"https:\/\/www.wsaconsultoriadigital.com.br\/virtual\/wp-json\/wp\/v2\/product_cat?post=88"},{"taxonomy":"product_tag","embeddable":true,"href":"https:\/\/www.wsaconsultoriadigital.com.br\/virtual\/wp-json\/wp\/v2\/product_tag?post=88"}],"curies":[{"name":"wp","href":"https:\/\/api.w.org\/{rel}","templated":true}]}}