{"id":74,"date":"2018-11-11T17:36:05","date_gmt":"2018-11-11T17:36:05","guid":{"rendered":"http:\/\/www.wsaconsultoriadigital.com.br\/virtual\/?post_type=product&#038;p=74"},"modified":"2025-03-30T23:05:54","modified_gmt":"2025-03-30T23:05:54","slug":"criacao-de-landing-page-ou-hotsite-profissional","status":"publish","type":"product","link":"https:\/\/www.wsaconsultoriadigital.com.br\/virtual\/produto\/criacao-de-landing-page-ou-hotsite-profissional\/","title":{"rendered":"Cria\u00e7\u00e3o de Landing Page ou Hotsite Profissional"},"content":{"rendered":"<div class=\"elementor-element elementor-element-9afc9f3 elementor-widget elementor-widget-heading\" data-id=\"9afc9f3\" data-element_type=\"heading.default\">\n<div class=\"elementor-widget-container\">O marketing digital \u00e9 a melhor op\u00e7\u00e3o para captar contatos e gerar neg\u00f3cios. Pode ser dividida em tr\u00eas etapas: atra\u00e7\u00e3o, encantamento e convers\u00e3o.<\/div>\n<\/div>\n<div class=\"elementor-element elementor-element-1208d7e elementor-widget elementor-widget-divider\" data-id=\"1208d7e\" data-element_type=\"divider.default\">\n<div class=\"elementor-widget-container\">\n<div>\n<ul>\n<li>Atra\u00e7\u00e3o: ocorre com campanhas de marketing digital ou nas buscas no Google.<\/li>\n<li>\u00a0Encantamento: quando o visitante chega ao website, deve encontrar as informa\u00e7\u00f5es e um visual que promovam a confian\u00e7a e convencimento.<\/li>\n<li>Convers\u00e3o: \u00e9 o contato ou compra, atrav\u00e9s de formul\u00e1rio para enviar e-mail, liga\u00e7\u00e3o ou uma compra no caso de loja online.<\/li>\n<\/ul>\n<p>Para facilitar a convers\u00e3o, deve-se criar uma landing page (ou hotsite). Trata-se de um site simples ou p\u00e1gina em uma website, com informa\u00e7\u00f5es objetivas sobre um ou mais produtos, servi\u00e7os ou empresa. Inclui tamb\u00e9m a\u00e7\u00f5es para gerar a convers\u00e3o, ou seja, transformar um visitante em um cliente em potencial.<\/p>\n<p><strong>O que est\u00e1 incluso:<\/strong><\/p>\n<\/div>\n<\/div>\n<\/div>\n<div class=\"elementor-element elementor-element-1208d7e elementor-widget elementor-widget-divider\" data-id=\"1208d7e\" data-element_type=\"divider.default\">\n<div class=\"elementor-widget-container\">\n<ul>\n<li>DOM\u00cdNIO NACIONAL (vigente 12 meses);<\/li>\n<li>HOSPEDAGEM DE SITE (vigente 12 meses);<\/li>\n<li>5 CONTAS DE E-MAIL PROFISSIONAL (vigente 12 meses);<\/li>\n<li>OTIMIZA\u00c7\u00c3O DO SITE (SEO);<\/li>\n<li>SITE RESPONSIVO;<\/li>\n<li>ESTAT\u00cdSTICAS DO SITE;<\/li>\n<li>CERTIFICADO SSL DV ESSENCIAL \u2013 (Para novas contrata\u00e7\u00f5es a partir 05\/2020)***<\/li>\n<\/ul>\n<\/div>\n<\/div>\n<!-- AddThis Advanced Settings generic via filter on the_content --><!-- AddThis Share Buttons generic via filter on the_content -->","protected":false},"excerpt":{"rendered":"<div class=\"elementor-element elementor-element-8af5646 elementor-column elementor-col-50 elementor-top-column\" data-id=\"8af5646\" data-element_type=\"column\">\n<div class=\"elementor-column-wrap elementor-element-populated\">\n<div class=\"elementor-widget-wrap\">\n<div class=\"elementor-element elementor-element-8f93415 elementor-widget elementor-widget-accordion\" data-id=\"8f93415\" data-element_type=\"accordion.default\">\n<div class=\"elementor-widget-container\">\n<div class=\"elementor-accordion\" role=\"tablist\">\n<div class=\"elementor-accordion-item\">\n<p id=\"elementor-tab-title-1506\" class=\"elementor-tab-title\" tabindex=\"1506\" role=\"tab\" data-tab=\"6\" aria-controls=\"elementor-tab-content-1506\"><strong>Um site do jeito que voc\u00ea precisa<br \/>\n<\/strong>Sua empresa na internet com um site eficiente, flex\u00edvel, bonito e que traga resultados para o seu neg\u00f3cio.<\/p>\n<\/div>\n<\/div>\n<\/div>\n<\/div>\n<\/div>\n<\/div>\n<\/div>\n<div tabindex=\"1506\" role=\"tab\" data-tab=\"6\" aria-controls=\"elementor-tab-content-1506\">\n<div class=\"elementor-element elementor-element-8af5646 elementor-column elementor-col-50 elementor-top-column\" data-id=\"8af5646\" data-element_type=\"column\">\n<div class=\"elementor-column-wrap elementor-element-populated\">\n<div class=\"elementor-widget-wrap\">\n<div class=\"elementor-element elementor-element-8f93415 elementor-widget elementor-widget-accordion\" data-id=\"8f93415\" data-element_type=\"accordion.default\">\n<div class=\"elementor-widget-container\">\n<div class=\"elementor-accordion\" role=\"tablist\">\n<div class=\"elementor-accordion-item\">\n<p tabindex=\"1506\" role=\"tab\" data-tab=\"6\" aria-controls=\"elementor-tab-content-1506\"><strong>MAIS INFORMA\u00c7\u00d5ES:<br \/>\n<\/strong>Mande um e-mail para <a href=\"mailto:orcamento@wsaconsultoriadigital.com.br\">orcamento@wsaconsultoriadigital.com.br<\/a><br \/>\nPara cria\u00e7\u00f5es mais complexas\u00a0<em><strong>SOLICITAR<\/strong>\u00a0<strong>OR\u00c7AMENTO<\/strong><\/em>\u00a0via\u00a0<a href=\"https:\/\/api.whatsapp.com\/send?l=pt_BR&amp;phone=5502136785348\" target=\"_blank\" rel=\"noopener noreferrer\">WhatsApp<\/a>.<\/p>\n<\/div>\n<\/div>\n<\/div>\n<\/div>\n<\/div>\n<\/div>\n<\/div>\n<div tabindex=\"1506\" role=\"tab\" data-tab=\"6\" aria-controls=\"elementor-tab-content-1506\"><\/div>\n<\/div>\n<p><!-- AddThis Advanced Settings generic via filter on get_the_excerpt --><!-- AddThis Share Buttons generic via filter on get_the_excerpt --><\/p>\n","protected":false},"featured_media":7420,"comment_status":"open","ping_status":"closed","template":"","meta":[],"product_brand":[],"product_cat":[17],"product_tag":[19,21,18,24,34,22,98,97],"class_list":{"0":"post-74","1":"product","2":"type-product","3":"status-publish","4":"has-post-thumbnail","6":"product_cat-criacao-de-sites","7":"product_tag-criacao_de_site_basico","8":"product_tag-criacao_de_site_responsivo","9":"product_tag-criacao_de_web_sites","10":"product_tag-hotsite","11":"product_tag-landing_page","12":"product_tag-one_page","13":"product_tag-web","14":"product_tag-www","15":"post","17":"first","18":"instock","19":"virtual","20":"purchasable","21":"product-type-simple"},"yoast_head":"<!-- This site is optimized with the Yoast SEO plugin v27.3 - https:\/\/yoast.com\/product\/yoast-seo-wordpress\/ -->\n<title>Cria\u00e7\u00e3o de Landing Page ou Hotsite Profissional - Wsa Consultoria em Marketing Digital<\/title>\n<meta name=\"robots\" content=\"index, follow, max-snippet:-1, max-image-preview:large, max-video-preview:-1\" \/>\n<link rel=\"canonical\" href=\"https:\/\/www.wsaconsultoriadigital.com.br\/virtual\/produto\/criacao-de-landing-page-ou-hotsite-profissional\/\" \/>\n<meta property=\"og:locale\" content=\"pt_BR\" \/>\n<meta property=\"og:type\" content=\"article\" \/>\n<meta property=\"og:title\" content=\"Cria\u00e7\u00e3o de Landing Page ou Hotsite Profissional - Wsa Consultoria em Marketing Digital\" \/>\n<meta property=\"og:description\" content=\"Um site do jeito que voc\u00ea precisa Sua empresa na internet com um site eficiente, flex\u00edvel, bonito e que traga resultados para o seu neg\u00f3cio.                 MAIS INFORMA\u00c7\u00d5ES: Mande um e-mail para orcamento@wsaconsultoriadigital.com.br Para cria\u00e7\u00f5es mais complexas\u00a0SOLICITAR\u00a0OR\u00c7AMENTO\u00a0via\u00a0WhatsApp.\" \/>\n<meta property=\"og:url\" content=\"https:\/\/www.wsaconsultoriadigital.com.br\/virtual\/produto\/criacao-de-landing-page-ou-hotsite-profissional\/\" \/>\n<meta property=\"og:site_name\" content=\"Wsa Consultoria em Marketing Digital\" \/>\n<meta property=\"article:publisher\" content=\"https:\/\/facebook.com\/wsaconsultoria\" \/>\n<meta property=\"article:modified_time\" content=\"2025-03-30T23:05:54+00:00\" \/>\n<meta property=\"og:image\" content=\"https:\/\/www.wsaconsultoriadigital.com.br\/virtual\/wp-content\/uploads\/2018\/11\/wsa_consultoria-marketing-digital-Landing-page-ou-hotsite-1-scaled.jpg\" \/>\n\t<meta property=\"og:image:width\" content=\"2048\" \/>\n\t<meta property=\"og:image:height\" content=\"2560\" \/>\n\t<meta property=\"og:image:type\" content=\"image\/jpeg\" \/>\n<meta name=\"twitter:card\" content=\"summary_large_image\" \/>\n<meta name=\"twitter:site\" content=\"@wsa_consultoria\" \/>\n<meta name=\"twitter:label1\" content=\"Est. tempo de leitura\" \/>\n\t<meta name=\"twitter:data1\" content=\"2 minutos\" \/>\n<script type=\"application\/ld+json\" class=\"yoast-schema-graph\">{\"@context\":\"https:\\\/\\\/schema.org\",\"@graph\":[{\"@type\":\"WebPage\",\"@id\":\"https:\\\/\\\/www.wsaconsultoriadigital.com.br\\\/virtual\\\/produto\\\/criacao-de-landing-page-ou-hotsite-profissional\\\/\",\"url\":\"https:\\\/\\\/www.wsaconsultoriadigital.com.br\\\/virtual\\\/produto\\\/criacao-de-landing-page-ou-hotsite-profissional\\\/\",\"name\":\"Cria\u00e7\u00e3o de Landing Page ou Hotsite Profissional - Wsa Consultoria em Marketing Digital\",\"isPartOf\":{\"@id\":\"https:\\\/\\\/www.wsaconsultoriadigital.com.br\\\/virtual\\\/#website\"},\"primaryImageOfPage\":{\"@id\":\"https:\\\/\\\/www.wsaconsultoriadigital.com.br\\\/virtual\\\/produto\\\/criacao-de-landing-page-ou-hotsite-profissional\\\/#primaryimage\"},\"image\":{\"@id\":\"https:\\\/\\\/www.wsaconsultoriadigital.com.br\\\/virtual\\\/produto\\\/criacao-de-landing-page-ou-hotsite-profissional\\\/#primaryimage\"},\"thumbnailUrl\":\"https:\\\/\\\/www.wsaconsultoriadigital.com.br\\\/virtual\\\/wp-content\\\/uploads\\\/2018\\\/11\\\/wsa_consultoria-marketing-digital-Landing-page-ou-hotsite-1-scaled.jpg\",\"datePublished\":\"2018-11-11T17:36:05+00:00\",\"dateModified\":\"2025-03-30T23:05:54+00:00\",\"breadcrumb\":{\"@id\":\"https:\\\/\\\/www.wsaconsultoriadigital.com.br\\\/virtual\\\/produto\\\/criacao-de-landing-page-ou-hotsite-profissional\\\/#breadcrumb\"},\"inLanguage\":\"pt-BR\",\"potentialAction\":[{\"@type\":\"ReadAction\",\"target\":[\"https:\\\/\\\/www.wsaconsultoriadigital.com.br\\\/virtual\\\/produto\\\/criacao-de-landing-page-ou-hotsite-profissional\\\/\"]}]},{\"@type\":\"ImageObject\",\"inLanguage\":\"pt-BR\",\"@id\":\"https:\\\/\\\/www.wsaconsultoriadigital.com.br\\\/virtual\\\/produto\\\/criacao-de-landing-page-ou-hotsite-profissional\\\/#primaryimage\",\"url\":\"https:\\\/\\\/www.wsaconsultoriadigital.com.br\\\/virtual\\\/wp-content\\\/uploads\\\/2018\\\/11\\\/wsa_consultoria-marketing-digital-Landing-page-ou-hotsite-1-scaled.jpg\",\"contentUrl\":\"https:\\\/\\\/www.wsaconsultoriadigital.com.br\\\/virtual\\\/wp-content\\\/uploads\\\/2018\\\/11\\\/wsa_consultoria-marketing-digital-Landing-page-ou-hotsite-1-scaled.jpg\",\"width\":1536,\"height\":1920},{\"@type\":\"BreadcrumbList\",\"@id\":\"https:\\\/\\\/www.wsaconsultoriadigital.com.br\\\/virtual\\\/produto\\\/criacao-de-landing-page-ou-hotsite-profissional\\\/#breadcrumb\",\"itemListElement\":[{\"@type\":\"ListItem\",\"position\":1,\"name\":\"In\u00edcio\",\"item\":\"https:\\\/\\\/www.wsaconsultoriadigital.com.br\\\/virtual\\\/\"},{\"@type\":\"ListItem\",\"position\":2,\"name\":\"Loja\",\"item\":\"https:\\\/\\\/www.wsaconsultoriadigital.com.br\\\/virtual\\\/loja\\\/\"},{\"@type\":\"ListItem\",\"position\":3,\"name\":\"Cria\u00e7\u00e3o de Landing Page ou Hotsite Profissional\"}]},{\"@type\":\"WebSite\",\"@id\":\"https:\\\/\\\/www.wsaconsultoriadigital.com.br\\\/virtual\\\/#website\",\"url\":\"https:\\\/\\\/www.wsaconsultoriadigital.com.br\\\/virtual\\\/\",\"name\":\"Wsa Consultoria em Marketing Digital\",\"description\":\"Ag\u00eancia de Marketing Digital no Rio de Janeiro - RJ - Online\",\"publisher\":{\"@id\":\"https:\\\/\\\/www.wsaconsultoriadigital.com.br\\\/virtual\\\/#organization\"},\"potentialAction\":[{\"@type\":\"SearchAction\",\"target\":{\"@type\":\"EntryPoint\",\"urlTemplate\":\"https:\\\/\\\/www.wsaconsultoriadigital.com.br\\\/virtual\\\/?s={search_term_string}\"},\"query-input\":{\"@type\":\"PropertyValueSpecification\",\"valueRequired\":true,\"valueName\":\"search_term_string\"}}],\"inLanguage\":\"pt-BR\"},{\"@type\":\"Organization\",\"@id\":\"https:\\\/\\\/www.wsaconsultoriadigital.com.br\\\/virtual\\\/#organization\",\"name\":\"Wsa Consultoria em Marketing Digital \\\/ RJ\",\"url\":\"https:\\\/\\\/www.wsaconsultoriadigital.com.br\\\/virtual\\\/\",\"logo\":{\"@type\":\"ImageObject\",\"inLanguage\":\"pt-BR\",\"@id\":\"https:\\\/\\\/www.wsaconsultoriadigital.com.br\\\/virtual\\\/#\\\/schema\\\/logo\\\/image\\\/\",\"url\":\"https:\\\/\\\/www.wsaconsultoriadigital.com.br\\\/virtual\\\/wp-content\\\/uploads\\\/2018\\\/11\\\/wsa_consultoria-logo.png\",\"contentUrl\":\"https:\\\/\\\/www.wsaconsultoriadigital.com.br\\\/virtual\\\/wp-content\\\/uploads\\\/2018\\\/11\\\/wsa_consultoria-logo.png\",\"width\":440,\"height\":214,\"caption\":\"Wsa Consultoria em Marketing Digital \\\/ RJ\"},\"image\":{\"@id\":\"https:\\\/\\\/www.wsaconsultoriadigital.com.br\\\/virtual\\\/#\\\/schema\\\/logo\\\/image\\\/\"},\"sameAs\":[\"https:\\\/\\\/facebook.com\\\/wsaconsultoria\",\"https:\\\/\\\/x.com\\\/wsa_consultoria\",\"https:\\\/\\\/www.instagram.com\\\/wsa_consultoria\\\/\",\"https:\\\/\\\/www.linkedin.com\\\/in\\\/wsa-consultoria-em-marketing-digital-2842a8141\\\/\",\"https:\\\/\\\/br.pinterest.com\\\/wsaconsultoria\\\/\"]}]}<\/script>\n<!-- \/ Yoast SEO plugin. -->","yoast_head_json":{"title":"Cria\u00e7\u00e3o de Landing Page ou Hotsite Profissional - Wsa Consultoria em Marketing Digital","robots":{"index":"index","follow":"follow","max-snippet":"max-snippet:-1","max-image-preview":"max-image-preview:large","max-video-preview":"max-video-preview:-1"},"canonical":"https:\/\/www.wsaconsultoriadigital.com.br\/virtual\/produto\/criacao-de-landing-page-ou-hotsite-profissional\/","og_locale":"pt_BR","og_type":"article","og_title":"Cria\u00e7\u00e3o de Landing Page ou Hotsite Profissional - Wsa Consultoria em Marketing Digital","og_description":"Um site do jeito que voc\u00ea precisa Sua empresa na internet com um site eficiente, flex\u00edvel, bonito e que traga resultados para o seu neg\u00f3cio.                 MAIS INFORMA\u00c7\u00d5ES: Mande um e-mail para orcamento@wsaconsultoriadigital.com.br Para cria\u00e7\u00f5es mais complexas\u00a0SOLICITAR\u00a0OR\u00c7AMENTO\u00a0via\u00a0WhatsApp.","og_url":"https:\/\/www.wsaconsultoriadigital.com.br\/virtual\/produto\/criacao-de-landing-page-ou-hotsite-profissional\/","og_site_name":"Wsa Consultoria em Marketing Digital","article_publisher":"https:\/\/facebook.com\/wsaconsultoria","article_modified_time":"2025-03-30T23:05:54+00:00","og_image":[{"width":2048,"height":2560,"url":"https:\/\/www.wsaconsultoriadigital.com.br\/virtual\/wp-content\/uploads\/2018\/11\/wsa_consultoria-marketing-digital-Landing-page-ou-hotsite-1-scaled.jpg","type":"image\/jpeg"}],"twitter_card":"summary_large_image","twitter_site":"@wsa_consultoria","twitter_misc":{"Est. tempo de leitura":"2 minutos"},"schema":{"@context":"https:\/\/schema.org","@graph":[{"@type":"WebPage","@id":"https:\/\/www.wsaconsultoriadigital.com.br\/virtual\/produto\/criacao-de-landing-page-ou-hotsite-profissional\/","url":"https:\/\/www.wsaconsultoriadigital.com.br\/virtual\/produto\/criacao-de-landing-page-ou-hotsite-profissional\/","name":"Cria\u00e7\u00e3o de Landing Page ou Hotsite Profissional - Wsa Consultoria em Marketing Digital","isPartOf":{"@id":"https:\/\/www.wsaconsultoriadigital.com.br\/virtual\/#website"},"primaryImageOfPage":{"@id":"https:\/\/www.wsaconsultoriadigital.com.br\/virtual\/produto\/criacao-de-landing-page-ou-hotsite-profissional\/#primaryimage"},"image":{"@id":"https:\/\/www.wsaconsultoriadigital.com.br\/virtual\/produto\/criacao-de-landing-page-ou-hotsite-profissional\/#primaryimage"},"thumbnailUrl":"https:\/\/www.wsaconsultoriadigital.com.br\/virtual\/wp-content\/uploads\/2018\/11\/wsa_consultoria-marketing-digital-Landing-page-ou-hotsite-1-scaled.jpg","datePublished":"2018-11-11T17:36:05+00:00","dateModified":"2025-03-30T23:05:54+00:00","breadcrumb":{"@id":"https:\/\/www.wsaconsultoriadigital.com.br\/virtual\/produto\/criacao-de-landing-page-ou-hotsite-profissional\/#breadcrumb"},"inLanguage":"pt-BR","potentialAction":[{"@type":"ReadAction","target":["https:\/\/www.wsaconsultoriadigital.com.br\/virtual\/produto\/criacao-de-landing-page-ou-hotsite-profissional\/"]}]},{"@type":"ImageObject","inLanguage":"pt-BR","@id":"https:\/\/www.wsaconsultoriadigital.com.br\/virtual\/produto\/criacao-de-landing-page-ou-hotsite-profissional\/#primaryimage","url":"https:\/\/www.wsaconsultoriadigital.com.br\/virtual\/wp-content\/uploads\/2018\/11\/wsa_consultoria-marketing-digital-Landing-page-ou-hotsite-1-scaled.jpg","contentUrl":"https:\/\/www.wsaconsultoriadigital.com.br\/virtual\/wp-content\/uploads\/2018\/11\/wsa_consultoria-marketing-digital-Landing-page-ou-hotsite-1-scaled.jpg","width":1536,"height":1920},{"@type":"BreadcrumbList","@id":"https:\/\/www.wsaconsultoriadigital.com.br\/virtual\/produto\/criacao-de-landing-page-ou-hotsite-profissional\/#breadcrumb","itemListElement":[{"@type":"ListItem","position":1,"name":"In\u00edcio","item":"https:\/\/www.wsaconsultoriadigital.com.br\/virtual\/"},{"@type":"ListItem","position":2,"name":"Loja","item":"https:\/\/www.wsaconsultoriadigital.com.br\/virtual\/loja\/"},{"@type":"ListItem","position":3,"name":"Cria\u00e7\u00e3o de Landing Page ou Hotsite Profissional"}]},{"@type":"WebSite","@id":"https:\/\/www.wsaconsultoriadigital.com.br\/virtual\/#website","url":"https:\/\/www.wsaconsultoriadigital.com.br\/virtual\/","name":"Wsa Consultoria em Marketing Digital","description":"Ag\u00eancia de Marketing Digital no Rio de Janeiro - RJ - Online","publisher":{"@id":"https:\/\/www.wsaconsultoriadigital.com.br\/virtual\/#organization"},"potentialAction":[{"@type":"SearchAction","target":{"@type":"EntryPoint","urlTemplate":"https:\/\/www.wsaconsultoriadigital.com.br\/virtual\/?s={search_term_string}"},"query-input":{"@type":"PropertyValueSpecification","valueRequired":true,"valueName":"search_term_string"}}],"inLanguage":"pt-BR"},{"@type":"Organization","@id":"https:\/\/www.wsaconsultoriadigital.com.br\/virtual\/#organization","name":"Wsa Consultoria em Marketing Digital \/ RJ","url":"https:\/\/www.wsaconsultoriadigital.com.br\/virtual\/","logo":{"@type":"ImageObject","inLanguage":"pt-BR","@id":"https:\/\/www.wsaconsultoriadigital.com.br\/virtual\/#\/schema\/logo\/image\/","url":"https:\/\/www.wsaconsultoriadigital.com.br\/virtual\/wp-content\/uploads\/2018\/11\/wsa_consultoria-logo.png","contentUrl":"https:\/\/www.wsaconsultoriadigital.com.br\/virtual\/wp-content\/uploads\/2018\/11\/wsa_consultoria-logo.png","width":440,"height":214,"caption":"Wsa Consultoria em Marketing Digital \/ RJ"},"image":{"@id":"https:\/\/www.wsaconsultoriadigital.com.br\/virtual\/#\/schema\/logo\/image\/"},"sameAs":["https:\/\/facebook.com\/wsaconsultoria","https:\/\/x.com\/wsa_consultoria","https:\/\/www.instagram.com\/wsa_consultoria\/","https:\/\/www.linkedin.com\/in\/wsa-consultoria-em-marketing-digital-2842a8141\/","https:\/\/br.pinterest.com\/wsaconsultoria\/"]}]}},"_links":{"self":[{"href":"https:\/\/www.wsaconsultoriadigital.com.br\/virtual\/wp-json\/wp\/v2\/product\/74","targetHints":{"allow":["GET"]}}],"collection":[{"href":"https:\/\/www.wsaconsultoriadigital.com.br\/virtual\/wp-json\/wp\/v2\/product"}],"about":[{"href":"https:\/\/www.wsaconsultoriadigital.com.br\/virtual\/wp-json\/wp\/v2\/types\/product"}],"replies":[{"embeddable":true,"href":"https:\/\/www.wsaconsultoriadigital.com.br\/virtual\/wp-json\/wp\/v2\/comments?post=74"}],"version-history":[{"count":14,"href":"https:\/\/www.wsaconsultoriadigital.com.br\/virtual\/wp-json\/wp\/v2\/product\/74\/revisions"}],"predecessor-version":[{"id":6128,"href":"https:\/\/www.wsaconsultoriadigital.com.br\/virtual\/wp-json\/wp\/v2\/product\/74\/revisions\/6128"}],"wp:featuredmedia":[{"embeddable":true,"href":"https:\/\/www.wsaconsultoriadigital.com.br\/virtual\/wp-json\/wp\/v2\/media\/7420"}],"wp:attachment":[{"href":"https:\/\/www.wsaconsultoriadigital.com.br\/virtual\/wp-json\/wp\/v2\/media?parent=74"}],"wp:term":[{"taxonomy":"product_brand","embeddable":true,"href":"https:\/\/www.wsaconsultoriadigital.com.br\/virtual\/wp-json\/wp\/v2\/product_brand?post=74"},{"taxonomy":"product_cat","embeddable":true,"href":"https:\/\/www.wsaconsultoriadigital.com.br\/virtual\/wp-json\/wp\/v2\/product_cat?post=74"},{"taxonomy":"product_tag","embeddable":true,"href":"https:\/\/www.wsaconsultoriadigital.com.br\/virtual\/wp-json\/wp\/v2\/product_tag?post=74"}],"curies":[{"name":"wp","href":"https:\/\/api.w.org\/{rel}","templated":true}]}}