{"id":517,"date":"2018-12-17T17:30:13","date_gmt":"2018-12-17T17:30:13","guid":{"rendered":"http:\/\/www.wsaconsultoriadigital.com.br\/virtual\/?post_type=product&#038;p=517"},"modified":"2025-06-09T00:46:27","modified_gmt":"2025-06-09T00:46:27","slug":"calendario-de-mesa-triangular-personalizada-a-partir-de-100-und","status":"publish","type":"product","link":"https:\/\/www.wsaconsultoriadigital.com.br\/virtual\/produto\/calendario-de-mesa-triangular-personalizada-a-partir-de-100-und\/","title":{"rendered":"Calend\u00e1rio de mesa triangular personalizada a partir de 100 und"},"content":{"rendered":"<div class=\"txtMaisDetal\">\n<p><strong>INFORMA\u00c7\u00d5ES T\u00c9CNICAS:<\/strong><br \/>\nQuando configurar seu produto, voc\u00ea poder\u00e1 escolher dentre as especifica\u00e7\u00f5es abaixo.<\/p>\n<p><strong>1. Quantidade<\/strong>: Este produto pode ser solicitado \u00e0 partir de 100 unidades, podendo ser impresso com a mesma qualidade em digital ou offset, conforme a quantidade solicitada.<br \/>\n<strong>2. Formato Padr\u00e3o<\/strong>: 20x10cm &#8211; Formato A4 com 3 dobras.<br \/>\n<strong>3. Pap\u00e9is e Gramatura: <\/strong>Os pap\u00e9is mais utilizados para as l\u00e2minas s\u00e3o Couche, Supremo, Offset e Reciclado, acima de 210gr.<br \/>\n<strong>4. Acabamentos: <\/strong>Lamina\u00e7\u00e3o: Pel\u00edcula de prote\u00e7\u00e3o fosca ou brilhante que al\u00e9m de melhorar a durabilidade do calend\u00e1rio, torna a apresenta\u00e7\u00e3o mais sofisticada.<\/p>\n<div class=\"txtMaisDetal\"><strong>Observa\u00e7\u00e3o:<\/strong><\/div>\n<div class=\"txtMaisDetal\"><em><b>informa\u00e7\u00f5es adicionais na op\u00e7\u00e3o -&gt; Finalizar Compra \u2013 &gt; Informa\u00e7\u00e3o adicional -&gt; Notas do pedido\u00a0<\/b><span class=\"optional\">(opcional)<\/span><\/em><\/div>\n<\/div>\n<!-- AddThis Advanced Settings generic via filter on the_content --><!-- AddThis Share Buttons generic via filter on the_content -->","protected":false},"excerpt":{"rendered":"<p><b>Papel \/ Material: <\/b>Couch\u00ea brilho 210g\u00a0 \/ Papel fotogr\u00e1fico \/\u00a0Supremo 250g\/m\u00b2<br \/>\n<b><\/b><b>Cores:\u00a0<\/b>4\/0<br \/>\n<b>Tamanho final: <\/b>20x10cm<b><br \/>\nTamanho com Sangria:\u00a0<\/b>20x10cm<br \/>\n<strong>Prazo de produ\u00e7\u00e3o<\/strong>:\u00a0<span style=\"font-size: 16px;\">10 dias \u00fateis + prazo de entrega<br \/>\n<\/span>*** Quantidade m\u00ednima por pedido 100 pe\u00e7as<\/p>\n<p><strong>MAIS INFORMA\u00c7\u00d5ES:<br \/>\n<\/strong>Para cria\u00e7\u00f5es mais complexas\u00a0<em><strong>SOLICITAR<\/strong>\u00a0<strong>OR\u00c7AMENTO<\/strong><\/em>\u00a0via\u00a0<a href=\"https:\/\/api.whatsapp.com\/send?l=pt_BR&amp;phone=5502136785348\" target=\"_blank\" rel=\"noopener noreferrer\">WhatsApp<\/a>.<br \/>\nEnvie um e-mail para <a href=\"mailto:orcamento@wsaconsultoriadigital.com.br\">orcamento@wsaconsultoriadigital.com.br<\/a><!-- AddThis Advanced Settings generic via filter on get_the_excerpt --><!-- AddThis Share Buttons generic via filter on get_the_excerpt --><\/p>\n","protected":false},"featured_media":7449,"comment_status":"open","ping_status":"closed","template":"","meta":[],"product_brand":[],"product_cat":[116,239,39,170],"product_tag":[],"class_list":{"0":"post-517","1":"product","2":"type-product","3":"status-publish","4":"has-post-thumbnail","6":"product_cat-brinde-personalizado","7":"product_cat-comunicacao-visual","8":"product_cat-identidade-corporativa","9":"product_cat-servicos-graficos","10":"pa_criacao-de-arte-digital-arte-para-calendario","11":"pa_criacao-de-arte-digital-sem-arte","12":"post","14":"first","15":"instock","16":"shipping-taxable","17":"purchasable","18":"product-type-variable"},"yoast_head":"<!-- This site is optimized with the Yoast SEO plugin v27.3 - https:\/\/yoast.com\/product\/yoast-seo-wordpress\/ -->\n<title>Calend\u00e1rio de mesa triangular personalizada a partir de 100 und - Wsa Consultoria em Marketing Digital<\/title>\n<meta name=\"robots\" content=\"index, follow, max-snippet:-1, max-image-preview:large, max-video-preview:-1\" \/>\n<link rel=\"canonical\" href=\"https:\/\/www.wsaconsultoriadigital.com.br\/virtual\/produto\/calendario-de-mesa-triangular-personalizada-a-partir-de-100-und\/\" \/>\n<meta property=\"og:locale\" content=\"pt_BR\" \/>\n<meta property=\"og:type\" content=\"article\" \/>\n<meta property=\"og:title\" content=\"Calend\u00e1rio de mesa triangular personalizada a partir de 100 und - Wsa Consultoria em Marketing Digital\" \/>\n<meta property=\"og:description\" content=\"Papel \/ Material: Couch\u00ea brilho 210g\u00a0 \/ Papel fotogr\u00e1fico \/\u00a0Supremo 250g\/m\u00b2 Cores:\u00a04\/0 Tamanho final: 20x10cm Tamanho com Sangria:\u00a020x10cm Prazo de produ\u00e7\u00e3o:\u00a010 dias \u00fateis + prazo de entrega *** Quantidade m\u00ednima por pedido 100 pe\u00e7as  MAIS INFORMA\u00c7\u00d5ES: Para cria\u00e7\u00f5es mais complexas\u00a0SOLICITAR\u00a0OR\u00c7AMENTO\u00a0via\u00a0WhatsApp. Envie um e-mail para orcamento@wsaconsultoriadigital.com.br\" \/>\n<meta property=\"og:url\" content=\"https:\/\/www.wsaconsultoriadigital.com.br\/virtual\/produto\/calendario-de-mesa-triangular-personalizada-a-partir-de-100-und\/\" \/>\n<meta property=\"og:site_name\" content=\"Wsa Consultoria em Marketing Digital\" \/>\n<meta property=\"article:publisher\" content=\"https:\/\/facebook.com\/wsaconsultoria\" \/>\n<meta property=\"article:modified_time\" content=\"2025-06-09T00:46:27+00:00\" \/>\n<meta property=\"og:image\" content=\"https:\/\/www.wsaconsultoriadigital.com.br\/virtual\/wp-content\/uploads\/2018\/12\/wsa_consultoria_marketing_digital-brindes-personalizados-calendario-de-mesa.jpg\" \/>\n\t<meta property=\"og:image:width\" content=\"1536\" \/>\n\t<meta property=\"og:image:height\" content=\"1920\" \/>\n\t<meta property=\"og:image:type\" content=\"image\/jpeg\" \/>\n<meta name=\"twitter:card\" content=\"summary_large_image\" \/>\n<meta name=\"twitter:site\" content=\"@wsa_consultoria\" \/>\n<meta name=\"twitter:label1\" content=\"Est. tempo de leitura\" \/>\n\t<meta name=\"twitter:data1\" content=\"1 minuto\" \/>\n<script type=\"application\/ld+json\" class=\"yoast-schema-graph\">{\"@context\":\"https:\\\/\\\/schema.org\",\"@graph\":[{\"@type\":\"WebPage\",\"@id\":\"https:\\\/\\\/www.wsaconsultoriadigital.com.br\\\/virtual\\\/produto\\\/calendario-de-mesa-triangular-personalizada-a-partir-de-100-und\\\/\",\"url\":\"https:\\\/\\\/www.wsaconsultoriadigital.com.br\\\/virtual\\\/produto\\\/calendario-de-mesa-triangular-personalizada-a-partir-de-100-und\\\/\",\"name\":\"Calend\u00e1rio de mesa triangular personalizada a partir de 100 und - Wsa Consultoria em Marketing Digital\",\"isPartOf\":{\"@id\":\"https:\\\/\\\/www.wsaconsultoriadigital.com.br\\\/virtual\\\/#website\"},\"primaryImageOfPage\":{\"@id\":\"https:\\\/\\\/www.wsaconsultoriadigital.com.br\\\/virtual\\\/produto\\\/calendario-de-mesa-triangular-personalizada-a-partir-de-100-und\\\/#primaryimage\"},\"image\":{\"@id\":\"https:\\\/\\\/www.wsaconsultoriadigital.com.br\\\/virtual\\\/produto\\\/calendario-de-mesa-triangular-personalizada-a-partir-de-100-und\\\/#primaryimage\"},\"thumbnailUrl\":\"https:\\\/\\\/www.wsaconsultoriadigital.com.br\\\/virtual\\\/wp-content\\\/uploads\\\/2018\\\/12\\\/wsa_consultoria_marketing_digital-brindes-personalizados-calendario-de-mesa.jpg\",\"datePublished\":\"2018-12-17T17:30:13+00:00\",\"dateModified\":\"2025-06-09T00:46:27+00:00\",\"breadcrumb\":{\"@id\":\"https:\\\/\\\/www.wsaconsultoriadigital.com.br\\\/virtual\\\/produto\\\/calendario-de-mesa-triangular-personalizada-a-partir-de-100-und\\\/#breadcrumb\"},\"inLanguage\":\"pt-BR\",\"potentialAction\":[{\"@type\":\"ReadAction\",\"target\":[\"https:\\\/\\\/www.wsaconsultoriadigital.com.br\\\/virtual\\\/produto\\\/calendario-de-mesa-triangular-personalizada-a-partir-de-100-und\\\/\"]}]},{\"@type\":\"ImageObject\",\"inLanguage\":\"pt-BR\",\"@id\":\"https:\\\/\\\/www.wsaconsultoriadigital.com.br\\\/virtual\\\/produto\\\/calendario-de-mesa-triangular-personalizada-a-partir-de-100-und\\\/#primaryimage\",\"url\":\"https:\\\/\\\/www.wsaconsultoriadigital.com.br\\\/virtual\\\/wp-content\\\/uploads\\\/2018\\\/12\\\/wsa_consultoria_marketing_digital-brindes-personalizados-calendario-de-mesa.jpg\",\"contentUrl\":\"https:\\\/\\\/www.wsaconsultoriadigital.com.br\\\/virtual\\\/wp-content\\\/uploads\\\/2018\\\/12\\\/wsa_consultoria_marketing_digital-brindes-personalizados-calendario-de-mesa.jpg\",\"width\":1536,\"height\":1920},{\"@type\":\"BreadcrumbList\",\"@id\":\"https:\\\/\\\/www.wsaconsultoriadigital.com.br\\\/virtual\\\/produto\\\/calendario-de-mesa-triangular-personalizada-a-partir-de-100-und\\\/#breadcrumb\",\"itemListElement\":[{\"@type\":\"ListItem\",\"position\":1,\"name\":\"In\u00edcio\",\"item\":\"https:\\\/\\\/www.wsaconsultoriadigital.com.br\\\/virtual\\\/\"},{\"@type\":\"ListItem\",\"position\":2,\"name\":\"Loja\",\"item\":\"https:\\\/\\\/www.wsaconsultoriadigital.com.br\\\/virtual\\\/loja\\\/\"},{\"@type\":\"ListItem\",\"position\":3,\"name\":\"Calend\u00e1rio de mesa triangular personalizada a partir de 100 und\"}]},{\"@type\":\"WebSite\",\"@id\":\"https:\\\/\\\/www.wsaconsultoriadigital.com.br\\\/virtual\\\/#website\",\"url\":\"https:\\\/\\\/www.wsaconsultoriadigital.com.br\\\/virtual\\\/\",\"name\":\"Wsa Consultoria em Marketing Digital\",\"description\":\"Ag\u00eancia de Marketing Digital no Rio de Janeiro - RJ - Online\",\"publisher\":{\"@id\":\"https:\\\/\\\/www.wsaconsultoriadigital.com.br\\\/virtual\\\/#organization\"},\"potentialAction\":[{\"@type\":\"SearchAction\",\"target\":{\"@type\":\"EntryPoint\",\"urlTemplate\":\"https:\\\/\\\/www.wsaconsultoriadigital.com.br\\\/virtual\\\/?s={search_term_string}\"},\"query-input\":{\"@type\":\"PropertyValueSpecification\",\"valueRequired\":true,\"valueName\":\"search_term_string\"}}],\"inLanguage\":\"pt-BR\"},{\"@type\":\"Organization\",\"@id\":\"https:\\\/\\\/www.wsaconsultoriadigital.com.br\\\/virtual\\\/#organization\",\"name\":\"Wsa Consultoria em Marketing Digital \\\/ RJ\",\"url\":\"https:\\\/\\\/www.wsaconsultoriadigital.com.br\\\/virtual\\\/\",\"logo\":{\"@type\":\"ImageObject\",\"inLanguage\":\"pt-BR\",\"@id\":\"https:\\\/\\\/www.wsaconsultoriadigital.com.br\\\/virtual\\\/#\\\/schema\\\/logo\\\/image\\\/\",\"url\":\"https:\\\/\\\/www.wsaconsultoriadigital.com.br\\\/virtual\\\/wp-content\\\/uploads\\\/2018\\\/11\\\/wsa_consultoria-logo.png\",\"contentUrl\":\"https:\\\/\\\/www.wsaconsultoriadigital.com.br\\\/virtual\\\/wp-content\\\/uploads\\\/2018\\\/11\\\/wsa_consultoria-logo.png\",\"width\":440,\"height\":214,\"caption\":\"Wsa Consultoria em Marketing Digital \\\/ RJ\"},\"image\":{\"@id\":\"https:\\\/\\\/www.wsaconsultoriadigital.com.br\\\/virtual\\\/#\\\/schema\\\/logo\\\/image\\\/\"},\"sameAs\":[\"https:\\\/\\\/facebook.com\\\/wsaconsultoria\",\"https:\\\/\\\/x.com\\\/wsa_consultoria\",\"https:\\\/\\\/www.instagram.com\\\/wsa_consultoria\\\/\",\"https:\\\/\\\/www.linkedin.com\\\/in\\\/wsa-consultoria-em-marketing-digital-2842a8141\\\/\",\"https:\\\/\\\/br.pinterest.com\\\/wsaconsultoria\\\/\"]}]}<\/script>\n<!-- \/ Yoast SEO plugin. -->","yoast_head_json":{"title":"Calend\u00e1rio de mesa triangular personalizada a partir de 100 und - Wsa Consultoria em Marketing Digital","robots":{"index":"index","follow":"follow","max-snippet":"max-snippet:-1","max-image-preview":"max-image-preview:large","max-video-preview":"max-video-preview:-1"},"canonical":"https:\/\/www.wsaconsultoriadigital.com.br\/virtual\/produto\/calendario-de-mesa-triangular-personalizada-a-partir-de-100-und\/","og_locale":"pt_BR","og_type":"article","og_title":"Calend\u00e1rio de mesa triangular personalizada a partir de 100 und - Wsa Consultoria em Marketing Digital","og_description":"Papel \/ Material: Couch\u00ea brilho 210g\u00a0 \/ Papel fotogr\u00e1fico \/\u00a0Supremo 250g\/m\u00b2 Cores:\u00a04\/0 Tamanho final: 20x10cm Tamanho com Sangria:\u00a020x10cm Prazo de produ\u00e7\u00e3o:\u00a010 dias \u00fateis + prazo de entrega *** Quantidade m\u00ednima por pedido 100 pe\u00e7as  MAIS INFORMA\u00c7\u00d5ES: Para cria\u00e7\u00f5es mais complexas\u00a0SOLICITAR\u00a0OR\u00c7AMENTO\u00a0via\u00a0WhatsApp. Envie um e-mail para orcamento@wsaconsultoriadigital.com.br","og_url":"https:\/\/www.wsaconsultoriadigital.com.br\/virtual\/produto\/calendario-de-mesa-triangular-personalizada-a-partir-de-100-und\/","og_site_name":"Wsa Consultoria em Marketing Digital","article_publisher":"https:\/\/facebook.com\/wsaconsultoria","article_modified_time":"2025-06-09T00:46:27+00:00","og_image":[{"width":1536,"height":1920,"url":"https:\/\/www.wsaconsultoriadigital.com.br\/virtual\/wp-content\/uploads\/2018\/12\/wsa_consultoria_marketing_digital-brindes-personalizados-calendario-de-mesa.jpg","type":"image\/jpeg"}],"twitter_card":"summary_large_image","twitter_site":"@wsa_consultoria","twitter_misc":{"Est. tempo de leitura":"1 minuto"},"schema":{"@context":"https:\/\/schema.org","@graph":[{"@type":"WebPage","@id":"https:\/\/www.wsaconsultoriadigital.com.br\/virtual\/produto\/calendario-de-mesa-triangular-personalizada-a-partir-de-100-und\/","url":"https:\/\/www.wsaconsultoriadigital.com.br\/virtual\/produto\/calendario-de-mesa-triangular-personalizada-a-partir-de-100-und\/","name":"Calend\u00e1rio de mesa triangular personalizada a partir de 100 und - Wsa Consultoria em Marketing Digital","isPartOf":{"@id":"https:\/\/www.wsaconsultoriadigital.com.br\/virtual\/#website"},"primaryImageOfPage":{"@id":"https:\/\/www.wsaconsultoriadigital.com.br\/virtual\/produto\/calendario-de-mesa-triangular-personalizada-a-partir-de-100-und\/#primaryimage"},"image":{"@id":"https:\/\/www.wsaconsultoriadigital.com.br\/virtual\/produto\/calendario-de-mesa-triangular-personalizada-a-partir-de-100-und\/#primaryimage"},"thumbnailUrl":"https:\/\/www.wsaconsultoriadigital.com.br\/virtual\/wp-content\/uploads\/2018\/12\/wsa_consultoria_marketing_digital-brindes-personalizados-calendario-de-mesa.jpg","datePublished":"2018-12-17T17:30:13+00:00","dateModified":"2025-06-09T00:46:27+00:00","breadcrumb":{"@id":"https:\/\/www.wsaconsultoriadigital.com.br\/virtual\/produto\/calendario-de-mesa-triangular-personalizada-a-partir-de-100-und\/#breadcrumb"},"inLanguage":"pt-BR","potentialAction":[{"@type":"ReadAction","target":["https:\/\/www.wsaconsultoriadigital.com.br\/virtual\/produto\/calendario-de-mesa-triangular-personalizada-a-partir-de-100-und\/"]}]},{"@type":"ImageObject","inLanguage":"pt-BR","@id":"https:\/\/www.wsaconsultoriadigital.com.br\/virtual\/produto\/calendario-de-mesa-triangular-personalizada-a-partir-de-100-und\/#primaryimage","url":"https:\/\/www.wsaconsultoriadigital.com.br\/virtual\/wp-content\/uploads\/2018\/12\/wsa_consultoria_marketing_digital-brindes-personalizados-calendario-de-mesa.jpg","contentUrl":"https:\/\/www.wsaconsultoriadigital.com.br\/virtual\/wp-content\/uploads\/2018\/12\/wsa_consultoria_marketing_digital-brindes-personalizados-calendario-de-mesa.jpg","width":1536,"height":1920},{"@type":"BreadcrumbList","@id":"https:\/\/www.wsaconsultoriadigital.com.br\/virtual\/produto\/calendario-de-mesa-triangular-personalizada-a-partir-de-100-und\/#breadcrumb","itemListElement":[{"@type":"ListItem","position":1,"name":"In\u00edcio","item":"https:\/\/www.wsaconsultoriadigital.com.br\/virtual\/"},{"@type":"ListItem","position":2,"name":"Loja","item":"https:\/\/www.wsaconsultoriadigital.com.br\/virtual\/loja\/"},{"@type":"ListItem","position":3,"name":"Calend\u00e1rio de mesa triangular personalizada a partir de 100 und"}]},{"@type":"WebSite","@id":"https:\/\/www.wsaconsultoriadigital.com.br\/virtual\/#website","url":"https:\/\/www.wsaconsultoriadigital.com.br\/virtual\/","name":"Wsa Consultoria em Marketing Digital","description":"Ag\u00eancia de Marketing Digital no Rio de Janeiro - RJ - Online","publisher":{"@id":"https:\/\/www.wsaconsultoriadigital.com.br\/virtual\/#organization"},"potentialAction":[{"@type":"SearchAction","target":{"@type":"EntryPoint","urlTemplate":"https:\/\/www.wsaconsultoriadigital.com.br\/virtual\/?s={search_term_string}"},"query-input":{"@type":"PropertyValueSpecification","valueRequired":true,"valueName":"search_term_string"}}],"inLanguage":"pt-BR"},{"@type":"Organization","@id":"https:\/\/www.wsaconsultoriadigital.com.br\/virtual\/#organization","name":"Wsa Consultoria em Marketing Digital \/ RJ","url":"https:\/\/www.wsaconsultoriadigital.com.br\/virtual\/","logo":{"@type":"ImageObject","inLanguage":"pt-BR","@id":"https:\/\/www.wsaconsultoriadigital.com.br\/virtual\/#\/schema\/logo\/image\/","url":"https:\/\/www.wsaconsultoriadigital.com.br\/virtual\/wp-content\/uploads\/2018\/11\/wsa_consultoria-logo.png","contentUrl":"https:\/\/www.wsaconsultoriadigital.com.br\/virtual\/wp-content\/uploads\/2018\/11\/wsa_consultoria-logo.png","width":440,"height":214,"caption":"Wsa Consultoria em Marketing Digital \/ RJ"},"image":{"@id":"https:\/\/www.wsaconsultoriadigital.com.br\/virtual\/#\/schema\/logo\/image\/"},"sameAs":["https:\/\/facebook.com\/wsaconsultoria","https:\/\/x.com\/wsa_consultoria","https:\/\/www.instagram.com\/wsa_consultoria\/","https:\/\/www.linkedin.com\/in\/wsa-consultoria-em-marketing-digital-2842a8141\/","https:\/\/br.pinterest.com\/wsaconsultoria\/"]}]}},"_links":{"self":[{"href":"https:\/\/www.wsaconsultoriadigital.com.br\/virtual\/wp-json\/wp\/v2\/product\/517","targetHints":{"allow":["GET"]}}],"collection":[{"href":"https:\/\/www.wsaconsultoriadigital.com.br\/virtual\/wp-json\/wp\/v2\/product"}],"about":[{"href":"https:\/\/www.wsaconsultoriadigital.com.br\/virtual\/wp-json\/wp\/v2\/types\/product"}],"replies":[{"embeddable":true,"href":"https:\/\/www.wsaconsultoriadigital.com.br\/virtual\/wp-json\/wp\/v2\/comments?post=517"}],"version-history":[{"count":9,"href":"https:\/\/www.wsaconsultoriadigital.com.br\/virtual\/wp-json\/wp\/v2\/product\/517\/revisions"}],"predecessor-version":[{"id":6913,"href":"https:\/\/www.wsaconsultoriadigital.com.br\/virtual\/wp-json\/wp\/v2\/product\/517\/revisions\/6913"}],"wp:featuredmedia":[{"embeddable":true,"href":"https:\/\/www.wsaconsultoriadigital.com.br\/virtual\/wp-json\/wp\/v2\/media\/7449"}],"wp:attachment":[{"href":"https:\/\/www.wsaconsultoriadigital.com.br\/virtual\/wp-json\/wp\/v2\/media?parent=517"}],"wp:term":[{"taxonomy":"product_brand","embeddable":true,"href":"https:\/\/www.wsaconsultoriadigital.com.br\/virtual\/wp-json\/wp\/v2\/product_brand?post=517"},{"taxonomy":"product_cat","embeddable":true,"href":"https:\/\/www.wsaconsultoriadigital.com.br\/virtual\/wp-json\/wp\/v2\/product_cat?post=517"},{"taxonomy":"product_tag","embeddable":true,"href":"https:\/\/www.wsaconsultoriadigital.com.br\/virtual\/wp-json\/wp\/v2\/product_tag?post=517"}],"curies":[{"name":"wp","href":"https:\/\/api.w.org\/{rel}","templated":true}]}}