{"id":288,"date":"2018-11-21T19:00:15","date_gmt":"2018-11-21T19:00:15","guid":{"rendered":"http:\/\/www.wsaconsultoriadigital.com.br\/virtual\/?post_type=product&#038;p=288"},"modified":"2025-03-30T23:20:48","modified_gmt":"2025-03-30T23:20:48","slug":"loja-virtual-aluguel-mensal","status":"publish","type":"product","link":"https:\/\/www.wsaconsultoriadigital.com.br\/virtual\/produto\/loja-virtual-aluguel-mensal\/","title":{"rendered":"LOJA VIRTUAL &#8211; ALUGUEL MENSAL"},"content":{"rendered":"<div data-id=\"9afc9f3\" data-element_type=\"heading.default\">\n<div>\n<h3>Aumente suas vendas com uma Loja Virtual<\/h3>\n<\/div>\n<\/div>\n<div class=\"elementor-element elementor-element-1208d7e elementor-widget elementor-widget-divider\" data-id=\"1208d7e\" data-element_type=\"divider.default\">\n<div class=\"elementor-widget-container\">\n<div class=\"elementor-divider\">Crie j\u00e1 sua loja e coloque sua ideia na maior avenida do mundo, e expanda seus neg\u00f3cios para o mundo.<\/div>\n<div><\/div>\n<div class=\"elementor-divider\">Tenha uma loja virtual com todos os seus produtos expostos, divididos por categorias e com informa\u00e7\u00f5es complementares como pre\u00e7o, dimens\u00f5es e fotos adicionais para facilitar a divulga\u00e7\u00e3o da sua empresa.<\/div>\n<\/div>\n<\/div>\n<div>\n<div class=\"elementor-element elementor-element-c440aa7 elementor-view-stacked elementor-position-left elementor-shape-circle elementor-vertical-align-top elementor-widget elementor-widget-icon-box\" data-id=\"c440aa7\" data-element_type=\"icon-box.default\">\n<div class=\"elementor-widget-container\">\n<div class=\"elementor-icon-box-wrapper\">\n<div class=\"elementor-icon-box-content\">\n<h3 class=\"elementor-icon-box-title\">Painel Administrativo<\/h3>\n<p class=\"elementor-icon-box-description\">Intuitivo, f\u00e1cil de usar e completo. Tudo para atender as necessidades de uma loja simples a um Mega Store.<\/p>\n<\/div>\n<\/div>\n<\/div>\n<\/div>\n<div class=\"elementor-element elementor-element-35c8e4b elementor-view-stacked elementor-position-left elementor-shape-circle elementor-vertical-align-top elementor-widget elementor-widget-icon-box\" data-id=\"35c8e4b\" data-element_type=\"icon-box.default\">\n<div class=\"elementor-widget-container\">\n<div class=\"elementor-icon-box-wrapper\">\n<div class=\"elementor-icon-box-content\">\n<h3 class=\"elementor-icon-box-title\">Relat\u00f3rios completos<\/h3>\n<p class=\"elementor-icon-box-description\">Obtenha todas as informa\u00e7\u00f5es sobre as vendas de seus produtos, quem acessou a sua loja e seus lucros.<\/p>\n<\/div>\n<\/div>\n<\/div>\n<\/div>\n<div class=\"elementor-element elementor-element-06c76a8 elementor-view-stacked elementor-position-left elementor-shape-circle elementor-vertical-align-top elementor-widget elementor-widget-icon-box\" data-id=\"06c76a8\" data-element_type=\"icon-box.default\">\n<div class=\"elementor-widget-container\">\n<div class=\"elementor-icon-box-wrapper\">\n<div class=\"elementor-icon-box-content\">\n<h3 class=\"elementor-icon-box-title\">Hospedagem<\/h3>\n<p class=\"elementor-icon-box-description\">Servi\u00e7o completo. Al\u00e9m de criar sua loja ela ganha um espa\u00e7o em nossos melhores servidores para ficar hospedada.<\/p>\n<\/div>\n<\/div>\n<\/div>\n<\/div>\n<\/div>\n<!-- AddThis Advanced Settings generic via filter on the_content --><!-- AddThis Share Buttons generic via filter on the_content -->","protected":false},"excerpt":{"rendered":"<div data-id=\"9afc9f3\" data-element_type=\"heading.default\">\n<p>Tecnologia woorcomerce ou opencart.<br \/>\nJ\u00e1 acrescentado m\u00f3dulos de pagamento e envio de mercadorias.<\/p>\n<h5>Ela possui as seguintes funcionalidades:<\/h5>\n<ul class=\"normal-list\">\n<li>Cadastro limitado de produtos;<\/li>\n<li>Cadastro limitado de departamentos;<\/li>\n<li>Suporte para promo\u00e7\u00e3o de produtos por per\u00edodo;<\/li>\n<li>V\u00e1rios relat\u00f3rios de vendas, clientes, produtos, afiliados, etc.<\/li>\n<\/ul>\n<p><strong>MAIS INFORMA\u00c7\u00d5ES:<br \/>\n<\/strong>Envie um e-mail para <a href=\"mailto:orcamento@wsaconsultoriadigital.com.br\">orcamento@wsaconsultoriadigital.com.br<\/a><\/p>\n<p>Para cria\u00e7\u00f5es mais complexas <em><strong>SOLICITAR<\/strong>\u00a0<strong>OR\u00c7AMENTO<\/strong><\/em>\u00a0via\u00a0<a href=\"https:\/\/api.whatsapp.com\/send?l=pt_BR&amp;phone=55021993813195\" target=\"_blank\" rel=\"noopener noreferrer\">WhatsApp<\/a>.<\/p>\n<\/div>\n<p><!-- AddThis Advanced Settings generic via filter on get_the_excerpt --><!-- AddThis Share Buttons generic via filter on get_the_excerpt --><\/p>\n","protected":false},"featured_media":7425,"comment_status":"open","ping_status":"closed","template":"","meta":[],"product_brand":[],"product_cat":[40],"product_tag":[21,99,25,112,113,98,97],"class_list":{"0":"post-288","1":"product","2":"type-product","3":"status-publish","4":"has-post-thumbnail","6":"product_cat-loja-virtual","7":"product_tag-criacao_de_site_responsivo","8":"product_tag-e-commerce","9":"product_tag-loja_virtual","10":"product_tag-opencart","11":"product_tag-prestashop","12":"product_tag-web","13":"product_tag-www","14":"pa_plano-anual","15":"pa_plano-mensal","16":"post","18":"first","19":"instock","20":"shipping-taxable","21":"purchasable","22":"product-type-variable"},"yoast_head":"<!-- This site is optimized with the Yoast SEO plugin v27.3 - https:\/\/yoast.com\/product\/yoast-seo-wordpress\/ -->\n<title>LOJA VIRTUAL - ALUGUEL MENSAL - Wsa Consultoria em Marketing Digital<\/title>\n<meta name=\"robots\" content=\"index, follow, max-snippet:-1, max-image-preview:large, max-video-preview:-1\" \/>\n<link rel=\"canonical\" href=\"https:\/\/www.wsaconsultoriadigital.com.br\/virtual\/produto\/loja-virtual-aluguel-mensal\/\" \/>\n<meta property=\"og:locale\" content=\"pt_BR\" \/>\n<meta property=\"og:type\" content=\"article\" \/>\n<meta property=\"og:title\" content=\"LOJA VIRTUAL - ALUGUEL MENSAL - Wsa Consultoria em Marketing Digital\" \/>\n<meta property=\"og:description\" content=\"Tecnologia woorcomerce ou opencart. J\u00e1 acrescentado m\u00f3dulos de pagamento e envio de mercadorias. Ela possui as seguintes funcionalidades:   Cadastro limitado de produtos;  Cadastro limitado de departamentos;  Suporte para promo\u00e7\u00e3o de produtos por per\u00edodo;  V\u00e1rios relat\u00f3rios de vendas, clientes, produtos, afiliados, etc.  MAIS INFORMA\u00c7\u00d5ES: Envie um e-mail para orcamento@wsaconsultoriadigital.com.br  Para cria\u00e7\u00f5es mais complexas SOLICITAR\u00a0OR\u00c7AMENTO\u00a0via\u00a0WhatsApp.\" \/>\n<meta property=\"og:url\" content=\"https:\/\/www.wsaconsultoriadigital.com.br\/virtual\/produto\/loja-virtual-aluguel-mensal\/\" \/>\n<meta property=\"og:site_name\" content=\"Wsa Consultoria em Marketing Digital\" \/>\n<meta property=\"article:publisher\" content=\"https:\/\/facebook.com\/wsaconsultoria\" \/>\n<meta property=\"article:modified_time\" content=\"2025-03-30T23:20:48+00:00\" \/>\n<meta property=\"og:image\" content=\"https:\/\/www.wsaconsultoriadigital.com.br\/virtual\/wp-content\/uploads\/2018\/11\/wsa_consultoria-marketing-digital-loja-virtual-e-commerce-1-scaled.jpg\" \/>\n\t<meta property=\"og:image:width\" content=\"2048\" \/>\n\t<meta property=\"og:image:height\" content=\"2560\" \/>\n\t<meta property=\"og:image:type\" content=\"image\/jpeg\" \/>\n<meta name=\"twitter:card\" content=\"summary_large_image\" \/>\n<meta name=\"twitter:site\" content=\"@wsa_consultoria\" \/>\n<meta name=\"twitter:label1\" content=\"Est. tempo de leitura\" \/>\n\t<meta name=\"twitter:data1\" content=\"1 minuto\" \/>\n<script type=\"application\/ld+json\" class=\"yoast-schema-graph\">{\"@context\":\"https:\\\/\\\/schema.org\",\"@graph\":[{\"@type\":\"WebPage\",\"@id\":\"https:\\\/\\\/www.wsaconsultoriadigital.com.br\\\/virtual\\\/produto\\\/loja-virtual-aluguel-mensal\\\/\",\"url\":\"https:\\\/\\\/www.wsaconsultoriadigital.com.br\\\/virtual\\\/produto\\\/loja-virtual-aluguel-mensal\\\/\",\"name\":\"LOJA VIRTUAL - ALUGUEL MENSAL - Wsa Consultoria em Marketing Digital\",\"isPartOf\":{\"@id\":\"https:\\\/\\\/www.wsaconsultoriadigital.com.br\\\/virtual\\\/#website\"},\"primaryImageOfPage\":{\"@id\":\"https:\\\/\\\/www.wsaconsultoriadigital.com.br\\\/virtual\\\/produto\\\/loja-virtual-aluguel-mensal\\\/#primaryimage\"},\"image\":{\"@id\":\"https:\\\/\\\/www.wsaconsultoriadigital.com.br\\\/virtual\\\/produto\\\/loja-virtual-aluguel-mensal\\\/#primaryimage\"},\"thumbnailUrl\":\"https:\\\/\\\/www.wsaconsultoriadigital.com.br\\\/virtual\\\/wp-content\\\/uploads\\\/2018\\\/11\\\/wsa_consultoria-marketing-digital-loja-virtual-e-commerce-1-scaled.jpg\",\"datePublished\":\"2018-11-21T19:00:15+00:00\",\"dateModified\":\"2025-03-30T23:20:48+00:00\",\"breadcrumb\":{\"@id\":\"https:\\\/\\\/www.wsaconsultoriadigital.com.br\\\/virtual\\\/produto\\\/loja-virtual-aluguel-mensal\\\/#breadcrumb\"},\"inLanguage\":\"pt-BR\",\"potentialAction\":[{\"@type\":\"ReadAction\",\"target\":[\"https:\\\/\\\/www.wsaconsultoriadigital.com.br\\\/virtual\\\/produto\\\/loja-virtual-aluguel-mensal\\\/\"]}]},{\"@type\":\"ImageObject\",\"inLanguage\":\"pt-BR\",\"@id\":\"https:\\\/\\\/www.wsaconsultoriadigital.com.br\\\/virtual\\\/produto\\\/loja-virtual-aluguel-mensal\\\/#primaryimage\",\"url\":\"https:\\\/\\\/www.wsaconsultoriadigital.com.br\\\/virtual\\\/wp-content\\\/uploads\\\/2018\\\/11\\\/wsa_consultoria-marketing-digital-loja-virtual-e-commerce-1-scaled.jpg\",\"contentUrl\":\"https:\\\/\\\/www.wsaconsultoriadigital.com.br\\\/virtual\\\/wp-content\\\/uploads\\\/2018\\\/11\\\/wsa_consultoria-marketing-digital-loja-virtual-e-commerce-1-scaled.jpg\",\"width\":1536,\"height\":1920},{\"@type\":\"BreadcrumbList\",\"@id\":\"https:\\\/\\\/www.wsaconsultoriadigital.com.br\\\/virtual\\\/produto\\\/loja-virtual-aluguel-mensal\\\/#breadcrumb\",\"itemListElement\":[{\"@type\":\"ListItem\",\"position\":1,\"name\":\"In\u00edcio\",\"item\":\"https:\\\/\\\/www.wsaconsultoriadigital.com.br\\\/virtual\\\/\"},{\"@type\":\"ListItem\",\"position\":2,\"name\":\"Loja\",\"item\":\"https:\\\/\\\/www.wsaconsultoriadigital.com.br\\\/virtual\\\/loja\\\/\"},{\"@type\":\"ListItem\",\"position\":3,\"name\":\"LOJA VIRTUAL &#8211; ALUGUEL MENSAL\"}]},{\"@type\":\"WebSite\",\"@id\":\"https:\\\/\\\/www.wsaconsultoriadigital.com.br\\\/virtual\\\/#website\",\"url\":\"https:\\\/\\\/www.wsaconsultoriadigital.com.br\\\/virtual\\\/\",\"name\":\"Wsa Consultoria em Marketing Digital\",\"description\":\"Ag\u00eancia de Marketing Digital no Rio de Janeiro - RJ - Online\",\"publisher\":{\"@id\":\"https:\\\/\\\/www.wsaconsultoriadigital.com.br\\\/virtual\\\/#organization\"},\"potentialAction\":[{\"@type\":\"SearchAction\",\"target\":{\"@type\":\"EntryPoint\",\"urlTemplate\":\"https:\\\/\\\/www.wsaconsultoriadigital.com.br\\\/virtual\\\/?s={search_term_string}\"},\"query-input\":{\"@type\":\"PropertyValueSpecification\",\"valueRequired\":true,\"valueName\":\"search_term_string\"}}],\"inLanguage\":\"pt-BR\"},{\"@type\":\"Organization\",\"@id\":\"https:\\\/\\\/www.wsaconsultoriadigital.com.br\\\/virtual\\\/#organization\",\"name\":\"Wsa Consultoria em Marketing Digital \\\/ RJ\",\"url\":\"https:\\\/\\\/www.wsaconsultoriadigital.com.br\\\/virtual\\\/\",\"logo\":{\"@type\":\"ImageObject\",\"inLanguage\":\"pt-BR\",\"@id\":\"https:\\\/\\\/www.wsaconsultoriadigital.com.br\\\/virtual\\\/#\\\/schema\\\/logo\\\/image\\\/\",\"url\":\"https:\\\/\\\/www.wsaconsultoriadigital.com.br\\\/virtual\\\/wp-content\\\/uploads\\\/2018\\\/11\\\/wsa_consultoria-logo.png\",\"contentUrl\":\"https:\\\/\\\/www.wsaconsultoriadigital.com.br\\\/virtual\\\/wp-content\\\/uploads\\\/2018\\\/11\\\/wsa_consultoria-logo.png\",\"width\":440,\"height\":214,\"caption\":\"Wsa Consultoria em Marketing Digital \\\/ RJ\"},\"image\":{\"@id\":\"https:\\\/\\\/www.wsaconsultoriadigital.com.br\\\/virtual\\\/#\\\/schema\\\/logo\\\/image\\\/\"},\"sameAs\":[\"https:\\\/\\\/facebook.com\\\/wsaconsultoria\",\"https:\\\/\\\/x.com\\\/wsa_consultoria\",\"https:\\\/\\\/www.instagram.com\\\/wsa_consultoria\\\/\",\"https:\\\/\\\/www.linkedin.com\\\/in\\\/wsa-consultoria-em-marketing-digital-2842a8141\\\/\",\"https:\\\/\\\/br.pinterest.com\\\/wsaconsultoria\\\/\"]}]}<\/script>\n<!-- \/ Yoast SEO plugin. -->","yoast_head_json":{"title":"LOJA VIRTUAL - ALUGUEL MENSAL - Wsa Consultoria em Marketing Digital","robots":{"index":"index","follow":"follow","max-snippet":"max-snippet:-1","max-image-preview":"max-image-preview:large","max-video-preview":"max-video-preview:-1"},"canonical":"https:\/\/www.wsaconsultoriadigital.com.br\/virtual\/produto\/loja-virtual-aluguel-mensal\/","og_locale":"pt_BR","og_type":"article","og_title":"LOJA VIRTUAL - ALUGUEL MENSAL - Wsa Consultoria em Marketing Digital","og_description":"Tecnologia woorcomerce ou opencart. J\u00e1 acrescentado m\u00f3dulos de pagamento e envio de mercadorias. Ela possui as seguintes funcionalidades:   Cadastro limitado de produtos;  Cadastro limitado de departamentos;  Suporte para promo\u00e7\u00e3o de produtos por per\u00edodo;  V\u00e1rios relat\u00f3rios de vendas, clientes, produtos, afiliados, etc.  MAIS INFORMA\u00c7\u00d5ES: Envie um e-mail para orcamento@wsaconsultoriadigital.com.br  Para cria\u00e7\u00f5es mais complexas SOLICITAR\u00a0OR\u00c7AMENTO\u00a0via\u00a0WhatsApp.","og_url":"https:\/\/www.wsaconsultoriadigital.com.br\/virtual\/produto\/loja-virtual-aluguel-mensal\/","og_site_name":"Wsa Consultoria em Marketing Digital","article_publisher":"https:\/\/facebook.com\/wsaconsultoria","article_modified_time":"2025-03-30T23:20:48+00:00","og_image":[{"width":2048,"height":2560,"url":"https:\/\/www.wsaconsultoriadigital.com.br\/virtual\/wp-content\/uploads\/2018\/11\/wsa_consultoria-marketing-digital-loja-virtual-e-commerce-1-scaled.jpg","type":"image\/jpeg"}],"twitter_card":"summary_large_image","twitter_site":"@wsa_consultoria","twitter_misc":{"Est. tempo de leitura":"1 minuto"},"schema":{"@context":"https:\/\/schema.org","@graph":[{"@type":"WebPage","@id":"https:\/\/www.wsaconsultoriadigital.com.br\/virtual\/produto\/loja-virtual-aluguel-mensal\/","url":"https:\/\/www.wsaconsultoriadigital.com.br\/virtual\/produto\/loja-virtual-aluguel-mensal\/","name":"LOJA VIRTUAL - ALUGUEL MENSAL - Wsa Consultoria em Marketing Digital","isPartOf":{"@id":"https:\/\/www.wsaconsultoriadigital.com.br\/virtual\/#website"},"primaryImageOfPage":{"@id":"https:\/\/www.wsaconsultoriadigital.com.br\/virtual\/produto\/loja-virtual-aluguel-mensal\/#primaryimage"},"image":{"@id":"https:\/\/www.wsaconsultoriadigital.com.br\/virtual\/produto\/loja-virtual-aluguel-mensal\/#primaryimage"},"thumbnailUrl":"https:\/\/www.wsaconsultoriadigital.com.br\/virtual\/wp-content\/uploads\/2018\/11\/wsa_consultoria-marketing-digital-loja-virtual-e-commerce-1-scaled.jpg","datePublished":"2018-11-21T19:00:15+00:00","dateModified":"2025-03-30T23:20:48+00:00","breadcrumb":{"@id":"https:\/\/www.wsaconsultoriadigital.com.br\/virtual\/produto\/loja-virtual-aluguel-mensal\/#breadcrumb"},"inLanguage":"pt-BR","potentialAction":[{"@type":"ReadAction","target":["https:\/\/www.wsaconsultoriadigital.com.br\/virtual\/produto\/loja-virtual-aluguel-mensal\/"]}]},{"@type":"ImageObject","inLanguage":"pt-BR","@id":"https:\/\/www.wsaconsultoriadigital.com.br\/virtual\/produto\/loja-virtual-aluguel-mensal\/#primaryimage","url":"https:\/\/www.wsaconsultoriadigital.com.br\/virtual\/wp-content\/uploads\/2018\/11\/wsa_consultoria-marketing-digital-loja-virtual-e-commerce-1-scaled.jpg","contentUrl":"https:\/\/www.wsaconsultoriadigital.com.br\/virtual\/wp-content\/uploads\/2018\/11\/wsa_consultoria-marketing-digital-loja-virtual-e-commerce-1-scaled.jpg","width":1536,"height":1920},{"@type":"BreadcrumbList","@id":"https:\/\/www.wsaconsultoriadigital.com.br\/virtual\/produto\/loja-virtual-aluguel-mensal\/#breadcrumb","itemListElement":[{"@type":"ListItem","position":1,"name":"In\u00edcio","item":"https:\/\/www.wsaconsultoriadigital.com.br\/virtual\/"},{"@type":"ListItem","position":2,"name":"Loja","item":"https:\/\/www.wsaconsultoriadigital.com.br\/virtual\/loja\/"},{"@type":"ListItem","position":3,"name":"LOJA VIRTUAL &#8211; ALUGUEL MENSAL"}]},{"@type":"WebSite","@id":"https:\/\/www.wsaconsultoriadigital.com.br\/virtual\/#website","url":"https:\/\/www.wsaconsultoriadigital.com.br\/virtual\/","name":"Wsa Consultoria em Marketing Digital","description":"Ag\u00eancia de Marketing Digital no Rio de Janeiro - RJ - Online","publisher":{"@id":"https:\/\/www.wsaconsultoriadigital.com.br\/virtual\/#organization"},"potentialAction":[{"@type":"SearchAction","target":{"@type":"EntryPoint","urlTemplate":"https:\/\/www.wsaconsultoriadigital.com.br\/virtual\/?s={search_term_string}"},"query-input":{"@type":"PropertyValueSpecification","valueRequired":true,"valueName":"search_term_string"}}],"inLanguage":"pt-BR"},{"@type":"Organization","@id":"https:\/\/www.wsaconsultoriadigital.com.br\/virtual\/#organization","name":"Wsa Consultoria em Marketing Digital \/ RJ","url":"https:\/\/www.wsaconsultoriadigital.com.br\/virtual\/","logo":{"@type":"ImageObject","inLanguage":"pt-BR","@id":"https:\/\/www.wsaconsultoriadigital.com.br\/virtual\/#\/schema\/logo\/image\/","url":"https:\/\/www.wsaconsultoriadigital.com.br\/virtual\/wp-content\/uploads\/2018\/11\/wsa_consultoria-logo.png","contentUrl":"https:\/\/www.wsaconsultoriadigital.com.br\/virtual\/wp-content\/uploads\/2018\/11\/wsa_consultoria-logo.png","width":440,"height":214,"caption":"Wsa Consultoria em Marketing Digital \/ RJ"},"image":{"@id":"https:\/\/www.wsaconsultoriadigital.com.br\/virtual\/#\/schema\/logo\/image\/"},"sameAs":["https:\/\/facebook.com\/wsaconsultoria","https:\/\/x.com\/wsa_consultoria","https:\/\/www.instagram.com\/wsa_consultoria\/","https:\/\/www.linkedin.com\/in\/wsa-consultoria-em-marketing-digital-2842a8141\/","https:\/\/br.pinterest.com\/wsaconsultoria\/"]}]}},"_links":{"self":[{"href":"https:\/\/www.wsaconsultoriadigital.com.br\/virtual\/wp-json\/wp\/v2\/product\/288","targetHints":{"allow":["GET"]}}],"collection":[{"href":"https:\/\/www.wsaconsultoriadigital.com.br\/virtual\/wp-json\/wp\/v2\/product"}],"about":[{"href":"https:\/\/www.wsaconsultoriadigital.com.br\/virtual\/wp-json\/wp\/v2\/types\/product"}],"replies":[{"embeddable":true,"href":"https:\/\/www.wsaconsultoriadigital.com.br\/virtual\/wp-json\/wp\/v2\/comments?post=288"}],"version-history":[{"count":7,"href":"https:\/\/www.wsaconsultoriadigital.com.br\/virtual\/wp-json\/wp\/v2\/product\/288\/revisions"}],"predecessor-version":[{"id":7343,"href":"https:\/\/www.wsaconsultoriadigital.com.br\/virtual\/wp-json\/wp\/v2\/product\/288\/revisions\/7343"}],"wp:featuredmedia":[{"embeddable":true,"href":"https:\/\/www.wsaconsultoriadigital.com.br\/virtual\/wp-json\/wp\/v2\/media\/7425"}],"wp:attachment":[{"href":"https:\/\/www.wsaconsultoriadigital.com.br\/virtual\/wp-json\/wp\/v2\/media?parent=288"}],"wp:term":[{"taxonomy":"product_brand","embeddable":true,"href":"https:\/\/www.wsaconsultoriadigital.com.br\/virtual\/wp-json\/wp\/v2\/product_brand?post=288"},{"taxonomy":"product_cat","embeddable":true,"href":"https:\/\/www.wsaconsultoriadigital.com.br\/virtual\/wp-json\/wp\/v2\/product_cat?post=288"},{"taxonomy":"product_tag","embeddable":true,"href":"https:\/\/www.wsaconsultoriadigital.com.br\/virtual\/wp-json\/wp\/v2\/product_tag?post=288"}],"curies":[{"name":"wp","href":"https:\/\/api.w.org\/{rel}","templated":true}]}}