{"id":201,"date":"2018-11-20T14:38:31","date_gmt":"2018-11-20T14:38:31","guid":{"rendered":"http:\/\/www.wsaconsultoriadigital.com.br\/virtual\/?post_type=product&#038;p=201"},"modified":"2025-05-28T22:24:51","modified_gmt":"2025-05-28T22:24:51","slug":"gestao-campanha-de-pesquisa-google-adwords-aumento-na-sua-audiencia-em-sua-marca","status":"publish","type":"product","link":"https:\/\/www.wsaconsultoriadigital.com.br\/virtual\/produto\/gestao-campanha-de-pesquisa-google-adwords-aumento-na-sua-audiencia-em-sua-marca\/","title":{"rendered":"Gest\u00e3o Campanha de Pesquisa Google Adwords (Aumento na sua audi\u00eancia em sua marca)"},"content":{"rendered":"<p><em><strong>O que est\u00e1\u00a0<\/strong><\/em><b><i>inclu\u00eddo:<\/i><\/b><\/p>\n<ul>\n<li>Campanhas, an\u00fancios e palavras \u2013 chaves ilimitadas<\/li>\n<li>A\u00e7\u00f5es de SEO (Otimiza\u00e7\u00e3o de Sites)<\/li>\n<li>Google Analytics<\/li>\n<li>Google Ads<\/li>\n<li>Google Business<\/li>\n<li>Campanhas Dispositivos PC\/Tablet\/Celulares<\/li>\n<li>Acompanhamento de Convers\u00f5es<\/li>\n<li>Relat\u00f3rio Mensal<\/li>\n<li>Or\u00e7amento para impulsionar os an\u00fancios.<\/li>\n<li>Impulsionamento start dos an\u00fancios (campanha de liga\u00e7\u00e3o e remarketing)<\/li>\n<\/ul>\n<p><em><strong>O que N\u00c3O est\u00e1\u00a0<\/strong><\/em><b><i>inclu\u00eddo:<\/i><\/b><\/p>\n<ul>\n<li>Melhorias no site que receber\u00e1 as campanhas.<\/li>\n<li>Campanhas gr\u00e1ficas na rede de display do Google Adwords.<\/li>\n<li>Campanhas para e-commerce no comparador de pre\u00e7os do Google Shopping.<\/li>\n<\/ul>\n<!-- AddThis Advanced Settings generic via filter on the_content --><!-- AddThis Share Buttons generic via filter on the_content -->","protected":false},"excerpt":{"rendered":"<div class=\"woocommerce-product-details__short-description\">\n<p>Apare\u00e7a nos buscadores e aumente sua chance. Estrat\u00e9gia e execu\u00e7\u00e3o de campanhas profissionais para aparecer nos an\u00fancios do Google.<\/p>\n<\/div>\n<p><strong>MAIS INFORMA\u00c7\u00d5ES:<br \/>\n<\/strong>Envie um e-mail para <a href=\"mailto:orcamento@wsaconsultoriadigital.com.br\">orcamento@wsaconsultoriadigital.com.br<\/a><\/p>\n<p>Para cria\u00e7\u00f5es mais complexas <em><strong>SOLICITAR<\/strong>\u00a0<strong>OR\u00c7AMENTO<\/strong><\/em>\u00a0via\u00a0<a href=\"https:\/\/api.whatsapp.com\/send?l=pt_BR&amp;phone=55021993813195\" target=\"_blank\" rel=\"noopener noreferrer\">WhatsApp<\/a>.<!-- AddThis Advanced Settings generic via filter on get_the_excerpt --><!-- AddThis Share Buttons generic via filter on get_the_excerpt --><\/p>\n","protected":false},"featured_media":7409,"comment_status":"open","ping_status":"closed","template":"","meta":[],"product_brand":[],"product_cat":[41,85,277],"product_tag":[104,49,48],"class_list":{"0":"post-201","1":"product","2":"type-product","3":"status-publish","4":"has-post-thumbnail","6":"product_cat-marketing-digital","7":"product_cat-otimizacao-de-sites-seo","8":"product_cat-seo","9":"product_tag-google-ads","10":"product_tag-otimizacao-de-sites","11":"product_tag-seo","12":"pa_plano-anual","13":"pa_plano-mensal","14":"pa_plano-semestral","15":"pa_plano-trimestral","16":"post","18":"first","19":"instock","20":"shipping-taxable","21":"purchasable","22":"product-type-variable","23":"has-default-attributes"},"yoast_head":"<!-- This site is optimized with the Yoast SEO plugin v27.3 - https:\/\/yoast.com\/product\/yoast-seo-wordpress\/ -->\n<title>Gest\u00e3o Campanha de Pesquisa Google Adwords (Aumento na sua audi\u00eancia em sua marca) - Wsa Consultoria em Marketing Digital<\/title>\n<meta name=\"robots\" content=\"index, follow, max-snippet:-1, max-image-preview:large, max-video-preview:-1\" \/>\n<link rel=\"canonical\" href=\"https:\/\/www.wsaconsultoriadigital.com.br\/virtual\/produto\/gestao-campanha-de-pesquisa-google-adwords-aumento-na-sua-audiencia-em-sua-marca\/\" \/>\n<meta property=\"og:locale\" content=\"pt_BR\" \/>\n<meta property=\"og:type\" content=\"article\" \/>\n<meta property=\"og:title\" content=\"Gest\u00e3o Campanha de Pesquisa Google Adwords (Aumento na sua audi\u00eancia em sua marca) - Wsa Consultoria em Marketing Digital\" \/>\n<meta property=\"og:description\" content=\"Apare\u00e7a nos buscadores e aumente sua chance. Estrat\u00e9gia e execu\u00e7\u00e3o de campanhas profissionais para aparecer nos an\u00fancios do Google.   MAIS INFORMA\u00c7\u00d5ES: Envie um e-mail para orcamento@wsaconsultoriadigital.com.br  Para cria\u00e7\u00f5es mais complexas SOLICITAR\u00a0OR\u00c7AMENTO\u00a0via\u00a0WhatsApp.\" \/>\n<meta property=\"og:url\" content=\"https:\/\/www.wsaconsultoriadigital.com.br\/virtual\/produto\/gestao-campanha-de-pesquisa-google-adwords-aumento-na-sua-audiencia-em-sua-marca\/\" \/>\n<meta property=\"og:site_name\" content=\"Wsa Consultoria em Marketing Digital\" \/>\n<meta property=\"article:publisher\" content=\"https:\/\/facebook.com\/wsaconsultoria\" \/>\n<meta property=\"article:modified_time\" content=\"2025-05-28T22:24:51+00:00\" \/>\n<meta property=\"og:image\" content=\"https:\/\/www.wsaconsultoriadigital.com.br\/virtual\/wp-content\/uploads\/2018\/11\/wsa_consultoria_marketing_digital-gestao_campanhas-patrocinadas-ads.jpg\" \/>\n\t<meta property=\"og:image:width\" content=\"1800\" \/>\n\t<meta property=\"og:image:height\" content=\"1800\" \/>\n\t<meta property=\"og:image:type\" content=\"image\/jpeg\" \/>\n<meta name=\"twitter:card\" content=\"summary_large_image\" \/>\n<meta name=\"twitter:site\" content=\"@wsa_consultoria\" \/>\n<meta name=\"twitter:label1\" content=\"Est. tempo de leitura\" \/>\n\t<meta name=\"twitter:data1\" content=\"1 minuto\" \/>\n<script type=\"application\/ld+json\" class=\"yoast-schema-graph\">{\"@context\":\"https:\\\/\\\/schema.org\",\"@graph\":[{\"@type\":\"WebPage\",\"@id\":\"https:\\\/\\\/www.wsaconsultoriadigital.com.br\\\/virtual\\\/produto\\\/gestao-campanha-de-pesquisa-google-adwords-aumento-na-sua-audiencia-em-sua-marca\\\/\",\"url\":\"https:\\\/\\\/www.wsaconsultoriadigital.com.br\\\/virtual\\\/produto\\\/gestao-campanha-de-pesquisa-google-adwords-aumento-na-sua-audiencia-em-sua-marca\\\/\",\"name\":\"Gest\u00e3o Campanha de Pesquisa Google Adwords (Aumento na sua audi\u00eancia em sua marca) - Wsa Consultoria em Marketing Digital\",\"isPartOf\":{\"@id\":\"https:\\\/\\\/www.wsaconsultoriadigital.com.br\\\/virtual\\\/#website\"},\"primaryImageOfPage\":{\"@id\":\"https:\\\/\\\/www.wsaconsultoriadigital.com.br\\\/virtual\\\/produto\\\/gestao-campanha-de-pesquisa-google-adwords-aumento-na-sua-audiencia-em-sua-marca\\\/#primaryimage\"},\"image\":{\"@id\":\"https:\\\/\\\/www.wsaconsultoriadigital.com.br\\\/virtual\\\/produto\\\/gestao-campanha-de-pesquisa-google-adwords-aumento-na-sua-audiencia-em-sua-marca\\\/#primaryimage\"},\"thumbnailUrl\":\"https:\\\/\\\/www.wsaconsultoriadigital.com.br\\\/virtual\\\/wp-content\\\/uploads\\\/2018\\\/11\\\/wsa_consultoria_marketing_digital-gestao_campanhas-patrocinadas-ads.jpg\",\"datePublished\":\"2018-11-20T14:38:31+00:00\",\"dateModified\":\"2025-05-28T22:24:51+00:00\",\"breadcrumb\":{\"@id\":\"https:\\\/\\\/www.wsaconsultoriadigital.com.br\\\/virtual\\\/produto\\\/gestao-campanha-de-pesquisa-google-adwords-aumento-na-sua-audiencia-em-sua-marca\\\/#breadcrumb\"},\"inLanguage\":\"pt-BR\",\"potentialAction\":[{\"@type\":\"ReadAction\",\"target\":[\"https:\\\/\\\/www.wsaconsultoriadigital.com.br\\\/virtual\\\/produto\\\/gestao-campanha-de-pesquisa-google-adwords-aumento-na-sua-audiencia-em-sua-marca\\\/\"]}]},{\"@type\":\"ImageObject\",\"inLanguage\":\"pt-BR\",\"@id\":\"https:\\\/\\\/www.wsaconsultoriadigital.com.br\\\/virtual\\\/produto\\\/gestao-campanha-de-pesquisa-google-adwords-aumento-na-sua-audiencia-em-sua-marca\\\/#primaryimage\",\"url\":\"https:\\\/\\\/www.wsaconsultoriadigital.com.br\\\/virtual\\\/wp-content\\\/uploads\\\/2018\\\/11\\\/wsa_consultoria_marketing_digital-gestao_campanhas-patrocinadas-ads.jpg\",\"contentUrl\":\"https:\\\/\\\/www.wsaconsultoriadigital.com.br\\\/virtual\\\/wp-content\\\/uploads\\\/2018\\\/11\\\/wsa_consultoria_marketing_digital-gestao_campanhas-patrocinadas-ads.jpg\",\"width\":1800,\"height\":1800},{\"@type\":\"BreadcrumbList\",\"@id\":\"https:\\\/\\\/www.wsaconsultoriadigital.com.br\\\/virtual\\\/produto\\\/gestao-campanha-de-pesquisa-google-adwords-aumento-na-sua-audiencia-em-sua-marca\\\/#breadcrumb\",\"itemListElement\":[{\"@type\":\"ListItem\",\"position\":1,\"name\":\"In\u00edcio\",\"item\":\"https:\\\/\\\/www.wsaconsultoriadigital.com.br\\\/virtual\\\/\"},{\"@type\":\"ListItem\",\"position\":2,\"name\":\"Loja\",\"item\":\"https:\\\/\\\/www.wsaconsultoriadigital.com.br\\\/virtual\\\/loja\\\/\"},{\"@type\":\"ListItem\",\"position\":3,\"name\":\"Gest\u00e3o Campanha de Pesquisa Google Adwords (Aumento na sua audi\u00eancia em sua marca)\"}]},{\"@type\":\"WebSite\",\"@id\":\"https:\\\/\\\/www.wsaconsultoriadigital.com.br\\\/virtual\\\/#website\",\"url\":\"https:\\\/\\\/www.wsaconsultoriadigital.com.br\\\/virtual\\\/\",\"name\":\"Wsa Consultoria em Marketing Digital\",\"description\":\"Ag\u00eancia de Marketing Digital no Rio de Janeiro - RJ - Online\",\"publisher\":{\"@id\":\"https:\\\/\\\/www.wsaconsultoriadigital.com.br\\\/virtual\\\/#organization\"},\"potentialAction\":[{\"@type\":\"SearchAction\",\"target\":{\"@type\":\"EntryPoint\",\"urlTemplate\":\"https:\\\/\\\/www.wsaconsultoriadigital.com.br\\\/virtual\\\/?s={search_term_string}\"},\"query-input\":{\"@type\":\"PropertyValueSpecification\",\"valueRequired\":true,\"valueName\":\"search_term_string\"}}],\"inLanguage\":\"pt-BR\"},{\"@type\":\"Organization\",\"@id\":\"https:\\\/\\\/www.wsaconsultoriadigital.com.br\\\/virtual\\\/#organization\",\"name\":\"Wsa Consultoria em Marketing Digital \\\/ RJ\",\"url\":\"https:\\\/\\\/www.wsaconsultoriadigital.com.br\\\/virtual\\\/\",\"logo\":{\"@type\":\"ImageObject\",\"inLanguage\":\"pt-BR\",\"@id\":\"https:\\\/\\\/www.wsaconsultoriadigital.com.br\\\/virtual\\\/#\\\/schema\\\/logo\\\/image\\\/\",\"url\":\"https:\\\/\\\/www.wsaconsultoriadigital.com.br\\\/virtual\\\/wp-content\\\/uploads\\\/2018\\\/11\\\/wsa_consultoria-logo.png\",\"contentUrl\":\"https:\\\/\\\/www.wsaconsultoriadigital.com.br\\\/virtual\\\/wp-content\\\/uploads\\\/2018\\\/11\\\/wsa_consultoria-logo.png\",\"width\":440,\"height\":214,\"caption\":\"Wsa Consultoria em Marketing Digital \\\/ RJ\"},\"image\":{\"@id\":\"https:\\\/\\\/www.wsaconsultoriadigital.com.br\\\/virtual\\\/#\\\/schema\\\/logo\\\/image\\\/\"},\"sameAs\":[\"https:\\\/\\\/facebook.com\\\/wsaconsultoria\",\"https:\\\/\\\/x.com\\\/wsa_consultoria\",\"https:\\\/\\\/www.instagram.com\\\/wsa_consultoria\\\/\",\"https:\\\/\\\/www.linkedin.com\\\/in\\\/wsa-consultoria-em-marketing-digital-2842a8141\\\/\",\"https:\\\/\\\/br.pinterest.com\\\/wsaconsultoria\\\/\"]}]}<\/script>\n<!-- \/ Yoast SEO plugin. -->","yoast_head_json":{"title":"Gest\u00e3o Campanha de Pesquisa Google Adwords (Aumento na sua audi\u00eancia em sua marca) - Wsa Consultoria em Marketing Digital","robots":{"index":"index","follow":"follow","max-snippet":"max-snippet:-1","max-image-preview":"max-image-preview:large","max-video-preview":"max-video-preview:-1"},"canonical":"https:\/\/www.wsaconsultoriadigital.com.br\/virtual\/produto\/gestao-campanha-de-pesquisa-google-adwords-aumento-na-sua-audiencia-em-sua-marca\/","og_locale":"pt_BR","og_type":"article","og_title":"Gest\u00e3o Campanha de Pesquisa Google Adwords (Aumento na sua audi\u00eancia em sua marca) - Wsa Consultoria em Marketing Digital","og_description":"Apare\u00e7a nos buscadores e aumente sua chance. Estrat\u00e9gia e execu\u00e7\u00e3o de campanhas profissionais para aparecer nos an\u00fancios do Google.   MAIS INFORMA\u00c7\u00d5ES: Envie um e-mail para orcamento@wsaconsultoriadigital.com.br  Para cria\u00e7\u00f5es mais complexas SOLICITAR\u00a0OR\u00c7AMENTO\u00a0via\u00a0WhatsApp.","og_url":"https:\/\/www.wsaconsultoriadigital.com.br\/virtual\/produto\/gestao-campanha-de-pesquisa-google-adwords-aumento-na-sua-audiencia-em-sua-marca\/","og_site_name":"Wsa Consultoria em Marketing Digital","article_publisher":"https:\/\/facebook.com\/wsaconsultoria","article_modified_time":"2025-05-28T22:24:51+00:00","og_image":[{"width":1800,"height":1800,"url":"https:\/\/www.wsaconsultoriadigital.com.br\/virtual\/wp-content\/uploads\/2018\/11\/wsa_consultoria_marketing_digital-gestao_campanhas-patrocinadas-ads.jpg","type":"image\/jpeg"}],"twitter_card":"summary_large_image","twitter_site":"@wsa_consultoria","twitter_misc":{"Est. tempo de leitura":"1 minuto"},"schema":{"@context":"https:\/\/schema.org","@graph":[{"@type":"WebPage","@id":"https:\/\/www.wsaconsultoriadigital.com.br\/virtual\/produto\/gestao-campanha-de-pesquisa-google-adwords-aumento-na-sua-audiencia-em-sua-marca\/","url":"https:\/\/www.wsaconsultoriadigital.com.br\/virtual\/produto\/gestao-campanha-de-pesquisa-google-adwords-aumento-na-sua-audiencia-em-sua-marca\/","name":"Gest\u00e3o Campanha de Pesquisa Google Adwords (Aumento na sua audi\u00eancia em sua marca) - Wsa Consultoria em Marketing Digital","isPartOf":{"@id":"https:\/\/www.wsaconsultoriadigital.com.br\/virtual\/#website"},"primaryImageOfPage":{"@id":"https:\/\/www.wsaconsultoriadigital.com.br\/virtual\/produto\/gestao-campanha-de-pesquisa-google-adwords-aumento-na-sua-audiencia-em-sua-marca\/#primaryimage"},"image":{"@id":"https:\/\/www.wsaconsultoriadigital.com.br\/virtual\/produto\/gestao-campanha-de-pesquisa-google-adwords-aumento-na-sua-audiencia-em-sua-marca\/#primaryimage"},"thumbnailUrl":"https:\/\/www.wsaconsultoriadigital.com.br\/virtual\/wp-content\/uploads\/2018\/11\/wsa_consultoria_marketing_digital-gestao_campanhas-patrocinadas-ads.jpg","datePublished":"2018-11-20T14:38:31+00:00","dateModified":"2025-05-28T22:24:51+00:00","breadcrumb":{"@id":"https:\/\/www.wsaconsultoriadigital.com.br\/virtual\/produto\/gestao-campanha-de-pesquisa-google-adwords-aumento-na-sua-audiencia-em-sua-marca\/#breadcrumb"},"inLanguage":"pt-BR","potentialAction":[{"@type":"ReadAction","target":["https:\/\/www.wsaconsultoriadigital.com.br\/virtual\/produto\/gestao-campanha-de-pesquisa-google-adwords-aumento-na-sua-audiencia-em-sua-marca\/"]}]},{"@type":"ImageObject","inLanguage":"pt-BR","@id":"https:\/\/www.wsaconsultoriadigital.com.br\/virtual\/produto\/gestao-campanha-de-pesquisa-google-adwords-aumento-na-sua-audiencia-em-sua-marca\/#primaryimage","url":"https:\/\/www.wsaconsultoriadigital.com.br\/virtual\/wp-content\/uploads\/2018\/11\/wsa_consultoria_marketing_digital-gestao_campanhas-patrocinadas-ads.jpg","contentUrl":"https:\/\/www.wsaconsultoriadigital.com.br\/virtual\/wp-content\/uploads\/2018\/11\/wsa_consultoria_marketing_digital-gestao_campanhas-patrocinadas-ads.jpg","width":1800,"height":1800},{"@type":"BreadcrumbList","@id":"https:\/\/www.wsaconsultoriadigital.com.br\/virtual\/produto\/gestao-campanha-de-pesquisa-google-adwords-aumento-na-sua-audiencia-em-sua-marca\/#breadcrumb","itemListElement":[{"@type":"ListItem","position":1,"name":"In\u00edcio","item":"https:\/\/www.wsaconsultoriadigital.com.br\/virtual\/"},{"@type":"ListItem","position":2,"name":"Loja","item":"https:\/\/www.wsaconsultoriadigital.com.br\/virtual\/loja\/"},{"@type":"ListItem","position":3,"name":"Gest\u00e3o Campanha de Pesquisa Google Adwords (Aumento na sua audi\u00eancia em sua marca)"}]},{"@type":"WebSite","@id":"https:\/\/www.wsaconsultoriadigital.com.br\/virtual\/#website","url":"https:\/\/www.wsaconsultoriadigital.com.br\/virtual\/","name":"Wsa Consultoria em Marketing Digital","description":"Ag\u00eancia de Marketing Digital no Rio de Janeiro - RJ - Online","publisher":{"@id":"https:\/\/www.wsaconsultoriadigital.com.br\/virtual\/#organization"},"potentialAction":[{"@type":"SearchAction","target":{"@type":"EntryPoint","urlTemplate":"https:\/\/www.wsaconsultoriadigital.com.br\/virtual\/?s={search_term_string}"},"query-input":{"@type":"PropertyValueSpecification","valueRequired":true,"valueName":"search_term_string"}}],"inLanguage":"pt-BR"},{"@type":"Organization","@id":"https:\/\/www.wsaconsultoriadigital.com.br\/virtual\/#organization","name":"Wsa Consultoria em Marketing Digital \/ RJ","url":"https:\/\/www.wsaconsultoriadigital.com.br\/virtual\/","logo":{"@type":"ImageObject","inLanguage":"pt-BR","@id":"https:\/\/www.wsaconsultoriadigital.com.br\/virtual\/#\/schema\/logo\/image\/","url":"https:\/\/www.wsaconsultoriadigital.com.br\/virtual\/wp-content\/uploads\/2018\/11\/wsa_consultoria-logo.png","contentUrl":"https:\/\/www.wsaconsultoriadigital.com.br\/virtual\/wp-content\/uploads\/2018\/11\/wsa_consultoria-logo.png","width":440,"height":214,"caption":"Wsa Consultoria em Marketing Digital \/ RJ"},"image":{"@id":"https:\/\/www.wsaconsultoriadigital.com.br\/virtual\/#\/schema\/logo\/image\/"},"sameAs":["https:\/\/facebook.com\/wsaconsultoria","https:\/\/x.com\/wsa_consultoria","https:\/\/www.instagram.com\/wsa_consultoria\/","https:\/\/www.linkedin.com\/in\/wsa-consultoria-em-marketing-digital-2842a8141\/","https:\/\/br.pinterest.com\/wsaconsultoria\/"]}]}},"_links":{"self":[{"href":"https:\/\/www.wsaconsultoriadigital.com.br\/virtual\/wp-json\/wp\/v2\/product\/201","targetHints":{"allow":["GET"]}}],"collection":[{"href":"https:\/\/www.wsaconsultoriadigital.com.br\/virtual\/wp-json\/wp\/v2\/product"}],"about":[{"href":"https:\/\/www.wsaconsultoriadigital.com.br\/virtual\/wp-json\/wp\/v2\/types\/product"}],"replies":[{"embeddable":true,"href":"https:\/\/www.wsaconsultoriadigital.com.br\/virtual\/wp-json\/wp\/v2\/comments?post=201"}],"version-history":[{"count":15,"href":"https:\/\/www.wsaconsultoriadigital.com.br\/virtual\/wp-json\/wp\/v2\/product\/201\/revisions"}],"predecessor-version":[{"id":7119,"href":"https:\/\/www.wsaconsultoriadigital.com.br\/virtual\/wp-json\/wp\/v2\/product\/201\/revisions\/7119"}],"wp:featuredmedia":[{"embeddable":true,"href":"https:\/\/www.wsaconsultoriadigital.com.br\/virtual\/wp-json\/wp\/v2\/media\/7409"}],"wp:attachment":[{"href":"https:\/\/www.wsaconsultoriadigital.com.br\/virtual\/wp-json\/wp\/v2\/media?parent=201"}],"wp:term":[{"taxonomy":"product_brand","embeddable":true,"href":"https:\/\/www.wsaconsultoriadigital.com.br\/virtual\/wp-json\/wp\/v2\/product_brand?post=201"},{"taxonomy":"product_cat","embeddable":true,"href":"https:\/\/www.wsaconsultoriadigital.com.br\/virtual\/wp-json\/wp\/v2\/product_cat?post=201"},{"taxonomy":"product_tag","embeddable":true,"href":"https:\/\/www.wsaconsultoriadigital.com.br\/virtual\/wp-json\/wp\/v2\/product_tag?post=201"}],"curies":[{"name":"wp","href":"https:\/\/api.w.org\/{rel}","templated":true}]}}