{"id":172,"date":"2018-11-12T20:09:36","date_gmt":"2018-11-12T20:09:36","guid":{"rendered":"http:\/\/www.wsaconsultoriadigital.com.br\/virtual\/?post_type=product&#038;p=172"},"modified":"2026-04-08T19:03:56","modified_gmt":"2026-04-08T19:03:56","slug":"criacao-de-arte-digital","status":"publish","type":"product","link":"https:\/\/www.wsaconsultoriadigital.com.br\/virtual\/produto\/criacao-de-arte-digital\/","title":{"rendered":"Cria\u00e7\u00e3o de Arte Digital"},"content":{"rendered":"<div class=\"elementor-element elementor-element-9afc9f3 elementor-widget elementor-widget-heading\" data-id=\"9afc9f3\" data-element_type=\"heading.default\">\n<div class=\"elementor-widget-container\">\n<h2 class=\"elementor-heading-title elementor-size-large\">Conte\u00fado de alta qualidade<\/h2>\n<\/div>\n<\/div>\n<div class=\"elementor-element elementor-element-1208d7e elementor-widget elementor-widget-divider\" data-id=\"1208d7e\" data-element_type=\"divider.default\">\n<div class=\"elementor-widget-container\">\n<div class=\"elementor-divider\">Criar uma identidade gr\u00e1fica equilibrada, marcante e vers\u00e1til \u00e9 o primeiro passo para transmitir confian\u00e7a e estabilidade ao cliente, al\u00e9m de facilitar a identifica\u00e7\u00e3o da sua empresa nos mais variados tipos de m\u00eddias.<\/div>\n<\/div>\n<\/div>\n<div><\/div>\n<div><em><strong>O que ser\u00e1 entregue:<\/strong><\/em><\/div>\n<div>\n<ul>\n<li>Artes gr\u00e1ficas seguindo a identidade visual da sua marca e tend\u00eancias de design do mercado.<\/li>\n<li>O n\u00famero de imagens \u00e9 defina por voc\u00ea ao contratar este pacote.<\/li>\n<li>Utilizamos banco de imagem devidamente licenciado com direitos autorais. Caso nos forne\u00e7a imagens de produtos ou algum outro tipo para complementar, as mesmas devem ser de propriedade ou autoria da sua empresa.<\/li>\n<\/ul>\n<\/div>\n<!-- AddThis Advanced Settings generic via filter on the_content --><!-- AddThis Share Buttons generic via filter on the_content -->","protected":false},"excerpt":{"rendered":"<p>Fa\u00e7a de sua marca um \u00edcone do mercado com uma identidade visual e um nome forte e marcante para seus clientes e concorrentes.<\/p>\n<p><b>Papel \/ Material:\u00a0<\/b>n\u00e3o se aplica<br \/>\n<b>Cores:\u00a0<\/b>n\u00e3o se aplica<br \/>\n<b>Tamanho final:\u00a0<\/b>n\u00e3o se aplica<br \/>\n<b>Tamanho com Sangria:\u00a0<\/b>n\u00e3o se aplica<br \/>\n<b>Prazo de produ\u00e7\u00e3o estimado:<\/b><em>10 dias + seu tempo + ajustes<\/em><\/p>\n<div class=\"desMaisDetal\"><strong>MAIS INFORMA\u00c7\u00d5ES:<\/strong><\/div>\n<div class=\"txtMaisDetal\">Envie um email para <a href=\"mailto:orcamento@wsaconsultoriadigital.com.br\">orcamento@wsaconsultoriadigital.com.br<\/a><\/div>\n<div class=\"txtMaisDetal\">\n<p>Para cria\u00e7\u00f5es mais complexas <em><strong>SOLICITAR or\u00e7amento<\/strong><\/em> via <a href=\"https:\/\/api.whatsapp.com\/send?l=pt_BR&amp;phone=5502136785348\" target=\"_blank\" rel=\"noopener noreferrer\">WhatsApp<\/a>.<\/p>\n<\/div>\n<div>\n<hr \/>\n<div><strong><span style=\"color: #ff0000;\">OBSERVA\u00c7\u00c3O<\/span><\/strong><\/div>\n<div><strong>Pacote v\u00e1lido\u00a0 por 30 dias corridos.<\/strong><\/div>\n<div><strong>Cr\u00e9ditos N\u00e3o acumulativo.<\/strong><\/div>\n<\/div>\n<p><!-- AddThis Advanced Settings generic via filter on get_the_excerpt --><!-- AddThis Share Buttons generic via filter on get_the_excerpt --><\/p>\n","protected":false},"featured_media":187,"comment_status":"open","ping_status":"closed","template":"","meta":[],"product_brand":[],"product_cat":[39,170],"product_tag":[65,50,51,66],"class_list":{"0":"post-172","1":"product","2":"type-product","3":"status-publish","4":"has-post-thumbnail","6":"product_cat-identidade-corporativa","7":"product_cat-servicos-graficos","8":"product_tag-criacao-de-arte-digital","9":"product_tag-criacao-de-logotipo","10":"product_tag-criacao-de-marca","11":"product_tag-papelaria","12":"pa_criacao-de-arte-digital-arte-banner-e-ou-adesivo-m","13":"pa_criacao-de-arte-digital-arte-cartao-de-visita","14":"pa_criacao-de-arte-digital-arte-panfletos-e-ou-folder","15":"pa_criacao-de-arte-digital-arte-papel-timbrado","16":"pa_criacao-de-arte-digital-arte-para-agenda","17":"pa_criacao-de-arte-digital-arte-para-assinatura-de-e-mail","18":"pa_criacao-de-arte-digital-arte-para-calendario","19":"pa_criacao-de-arte-digital-arte-para-camisa","20":"pa_criacao-de-arte-digital-arte-para-cardapio-e-ou-catalogo","21":"pa_criacao-de-arte-digital-arte-para-pasta-personalizada","22":"post","24":"first","25":"instock","26":"sale","27":"shipping-taxable","28":"purchasable","29":"product-type-variable","30":"has-default-attributes"},"yoast_head":"<!-- This site is optimized with the Yoast SEO plugin v27.3 - https:\/\/yoast.com\/product\/yoast-seo-wordpress\/ -->\n<title>Cria\u00e7\u00e3o de Arte Digital - Wsa Consultoria em Marketing Digital<\/title>\n<meta name=\"robots\" content=\"index, follow, max-snippet:-1, max-image-preview:large, max-video-preview:-1\" \/>\n<link rel=\"canonical\" href=\"https:\/\/www.wsaconsultoriadigital.com.br\/virtual\/produto\/criacao-de-arte-digital\/\" \/>\n<meta property=\"og:locale\" content=\"pt_BR\" \/>\n<meta property=\"og:type\" content=\"article\" \/>\n<meta property=\"og:title\" content=\"Cria\u00e7\u00e3o de Arte Digital - Wsa Consultoria em Marketing Digital\" \/>\n<meta property=\"og:description\" content=\"Fa\u00e7a de sua marca um \u00edcone do mercado com uma identidade visual e um nome forte e marcante para seus clientes e concorrentes.  Papel \/ Material:\u00a0n\u00e3o se aplica Cores:\u00a0n\u00e3o se aplica Tamanho final:\u00a0n\u00e3o se aplica Tamanho com Sangria:\u00a0n\u00e3o se aplica Prazo de produ\u00e7\u00e3o estimado:10 dias + seu tempo + ajustes MAIS INFORMA\u00c7\u00d5ES: Envie um email para orcamento@wsaconsultoriadigital.com.br   Para cria\u00e7\u00f5es mais complexas SOLICITAR or\u00e7amento via WhatsApp.       OBSERVA\u00c7\u00c3O Pacote v\u00e1lido\u00a0 por 30 dias corridos. Cr\u00e9ditos N\u00e3o acumulativo.\" \/>\n<meta property=\"og:url\" content=\"https:\/\/www.wsaconsultoriadigital.com.br\/virtual\/produto\/criacao-de-arte-digital\/\" \/>\n<meta property=\"og:site_name\" content=\"Wsa Consultoria em Marketing Digital\" \/>\n<meta property=\"article:publisher\" content=\"https:\/\/facebook.com\/wsaconsultoria\" \/>\n<meta property=\"article:modified_time\" content=\"2026-04-08T19:03:56+00:00\" \/>\n<meta property=\"og:image\" content=\"https:\/\/www.wsaconsultoriadigital.com.br\/virtual\/wp-content\/uploads\/2018\/11\/wsa_consultoria_marketing_digital-brigaderia_delicia-jo-cartao_visita.jpg\" \/>\n\t<meta property=\"og:image:width\" content=\"960\" \/>\n\t<meta property=\"og:image:height\" content=\"720\" \/>\n\t<meta property=\"og:image:type\" content=\"image\/jpeg\" \/>\n<meta name=\"twitter:card\" content=\"summary_large_image\" \/>\n<meta name=\"twitter:site\" content=\"@wsa_consultoria\" \/>\n<meta name=\"twitter:label1\" content=\"Est. tempo de leitura\" \/>\n\t<meta name=\"twitter:data1\" content=\"1 minuto\" \/>\n<script type=\"application\/ld+json\" class=\"yoast-schema-graph\">{\"@context\":\"https:\\\/\\\/schema.org\",\"@graph\":[{\"@type\":\"WebPage\",\"@id\":\"https:\\\/\\\/www.wsaconsultoriadigital.com.br\\\/virtual\\\/produto\\\/criacao-de-arte-digital\\\/\",\"url\":\"https:\\\/\\\/www.wsaconsultoriadigital.com.br\\\/virtual\\\/produto\\\/criacao-de-arte-digital\\\/\",\"name\":\"Cria\u00e7\u00e3o de Arte Digital - Wsa Consultoria em Marketing Digital\",\"isPartOf\":{\"@id\":\"https:\\\/\\\/www.wsaconsultoriadigital.com.br\\\/virtual\\\/#website\"},\"primaryImageOfPage\":{\"@id\":\"https:\\\/\\\/www.wsaconsultoriadigital.com.br\\\/virtual\\\/produto\\\/criacao-de-arte-digital\\\/#primaryimage\"},\"image\":{\"@id\":\"https:\\\/\\\/www.wsaconsultoriadigital.com.br\\\/virtual\\\/produto\\\/criacao-de-arte-digital\\\/#primaryimage\"},\"thumbnailUrl\":\"https:\\\/\\\/www.wsaconsultoriadigital.com.br\\\/virtual\\\/wp-content\\\/uploads\\\/2018\\\/11\\\/wsa_consultoria_marketing_digital-brigaderia_delicia-jo-cartao_visita.jpg\",\"datePublished\":\"2018-11-12T20:09:36+00:00\",\"dateModified\":\"2026-04-08T19:03:56+00:00\",\"breadcrumb\":{\"@id\":\"https:\\\/\\\/www.wsaconsultoriadigital.com.br\\\/virtual\\\/produto\\\/criacao-de-arte-digital\\\/#breadcrumb\"},\"inLanguage\":\"pt-BR\",\"potentialAction\":[{\"@type\":\"ReadAction\",\"target\":[\"https:\\\/\\\/www.wsaconsultoriadigital.com.br\\\/virtual\\\/produto\\\/criacao-de-arte-digital\\\/\"]}]},{\"@type\":\"ImageObject\",\"inLanguage\":\"pt-BR\",\"@id\":\"https:\\\/\\\/www.wsaconsultoriadigital.com.br\\\/virtual\\\/produto\\\/criacao-de-arte-digital\\\/#primaryimage\",\"url\":\"https:\\\/\\\/www.wsaconsultoriadigital.com.br\\\/virtual\\\/wp-content\\\/uploads\\\/2018\\\/11\\\/wsa_consultoria_marketing_digital-brigaderia_delicia-jo-cartao_visita.jpg\",\"contentUrl\":\"https:\\\/\\\/www.wsaconsultoriadigital.com.br\\\/virtual\\\/wp-content\\\/uploads\\\/2018\\\/11\\\/wsa_consultoria_marketing_digital-brigaderia_delicia-jo-cartao_visita.jpg\",\"width\":960,\"height\":720},{\"@type\":\"BreadcrumbList\",\"@id\":\"https:\\\/\\\/www.wsaconsultoriadigital.com.br\\\/virtual\\\/produto\\\/criacao-de-arte-digital\\\/#breadcrumb\",\"itemListElement\":[{\"@type\":\"ListItem\",\"position\":1,\"name\":\"In\u00edcio\",\"item\":\"https:\\\/\\\/www.wsaconsultoriadigital.com.br\\\/virtual\\\/\"},{\"@type\":\"ListItem\",\"position\":2,\"name\":\"Loja\",\"item\":\"https:\\\/\\\/www.wsaconsultoriadigital.com.br\\\/virtual\\\/loja\\\/\"},{\"@type\":\"ListItem\",\"position\":3,\"name\":\"Cria\u00e7\u00e3o de Arte Digital\"}]},{\"@type\":\"WebSite\",\"@id\":\"https:\\\/\\\/www.wsaconsultoriadigital.com.br\\\/virtual\\\/#website\",\"url\":\"https:\\\/\\\/www.wsaconsultoriadigital.com.br\\\/virtual\\\/\",\"name\":\"Wsa Consultoria em Marketing Digital\",\"description\":\"Ag\u00eancia de Marketing Digital no Rio de Janeiro - RJ - Online\",\"publisher\":{\"@id\":\"https:\\\/\\\/www.wsaconsultoriadigital.com.br\\\/virtual\\\/#organization\"},\"potentialAction\":[{\"@type\":\"SearchAction\",\"target\":{\"@type\":\"EntryPoint\",\"urlTemplate\":\"https:\\\/\\\/www.wsaconsultoriadigital.com.br\\\/virtual\\\/?s={search_term_string}\"},\"query-input\":{\"@type\":\"PropertyValueSpecification\",\"valueRequired\":true,\"valueName\":\"search_term_string\"}}],\"inLanguage\":\"pt-BR\"},{\"@type\":\"Organization\",\"@id\":\"https:\\\/\\\/www.wsaconsultoriadigital.com.br\\\/virtual\\\/#organization\",\"name\":\"Wsa Consultoria em Marketing Digital \\\/ RJ\",\"url\":\"https:\\\/\\\/www.wsaconsultoriadigital.com.br\\\/virtual\\\/\",\"logo\":{\"@type\":\"ImageObject\",\"inLanguage\":\"pt-BR\",\"@id\":\"https:\\\/\\\/www.wsaconsultoriadigital.com.br\\\/virtual\\\/#\\\/schema\\\/logo\\\/image\\\/\",\"url\":\"https:\\\/\\\/www.wsaconsultoriadigital.com.br\\\/virtual\\\/wp-content\\\/uploads\\\/2018\\\/11\\\/wsa_consultoria-logo.png\",\"contentUrl\":\"https:\\\/\\\/www.wsaconsultoriadigital.com.br\\\/virtual\\\/wp-content\\\/uploads\\\/2018\\\/11\\\/wsa_consultoria-logo.png\",\"width\":440,\"height\":214,\"caption\":\"Wsa Consultoria em Marketing Digital \\\/ RJ\"},\"image\":{\"@id\":\"https:\\\/\\\/www.wsaconsultoriadigital.com.br\\\/virtual\\\/#\\\/schema\\\/logo\\\/image\\\/\"},\"sameAs\":[\"https:\\\/\\\/facebook.com\\\/wsaconsultoria\",\"https:\\\/\\\/x.com\\\/wsa_consultoria\",\"https:\\\/\\\/www.instagram.com\\\/wsa_consultoria\\\/\",\"https:\\\/\\\/www.linkedin.com\\\/in\\\/wsa-consultoria-em-marketing-digital-2842a8141\\\/\",\"https:\\\/\\\/br.pinterest.com\\\/wsaconsultoria\\\/\"]}]}<\/script>\n<!-- \/ Yoast SEO plugin. -->","yoast_head_json":{"title":"Cria\u00e7\u00e3o de Arte Digital - Wsa Consultoria em Marketing Digital","robots":{"index":"index","follow":"follow","max-snippet":"max-snippet:-1","max-image-preview":"max-image-preview:large","max-video-preview":"max-video-preview:-1"},"canonical":"https:\/\/www.wsaconsultoriadigital.com.br\/virtual\/produto\/criacao-de-arte-digital\/","og_locale":"pt_BR","og_type":"article","og_title":"Cria\u00e7\u00e3o de Arte Digital - Wsa Consultoria em Marketing Digital","og_description":"Fa\u00e7a de sua marca um \u00edcone do mercado com uma identidade visual e um nome forte e marcante para seus clientes e concorrentes.  Papel \/ Material:\u00a0n\u00e3o se aplica Cores:\u00a0n\u00e3o se aplica Tamanho final:\u00a0n\u00e3o se aplica Tamanho com Sangria:\u00a0n\u00e3o se aplica Prazo de produ\u00e7\u00e3o estimado:10 dias + seu tempo + ajustes MAIS INFORMA\u00c7\u00d5ES: Envie um email para orcamento@wsaconsultoriadigital.com.br   Para cria\u00e7\u00f5es mais complexas SOLICITAR or\u00e7amento via WhatsApp.       OBSERVA\u00c7\u00c3O Pacote v\u00e1lido\u00a0 por 30 dias corridos. Cr\u00e9ditos N\u00e3o acumulativo.","og_url":"https:\/\/www.wsaconsultoriadigital.com.br\/virtual\/produto\/criacao-de-arte-digital\/","og_site_name":"Wsa Consultoria em Marketing Digital","article_publisher":"https:\/\/facebook.com\/wsaconsultoria","article_modified_time":"2026-04-08T19:03:56+00:00","og_image":[{"width":960,"height":720,"url":"https:\/\/www.wsaconsultoriadigital.com.br\/virtual\/wp-content\/uploads\/2018\/11\/wsa_consultoria_marketing_digital-brigaderia_delicia-jo-cartao_visita.jpg","type":"image\/jpeg"}],"twitter_card":"summary_large_image","twitter_site":"@wsa_consultoria","twitter_misc":{"Est. tempo de leitura":"1 minuto"},"schema":{"@context":"https:\/\/schema.org","@graph":[{"@type":"WebPage","@id":"https:\/\/www.wsaconsultoriadigital.com.br\/virtual\/produto\/criacao-de-arte-digital\/","url":"https:\/\/www.wsaconsultoriadigital.com.br\/virtual\/produto\/criacao-de-arte-digital\/","name":"Cria\u00e7\u00e3o de Arte Digital - Wsa Consultoria em Marketing Digital","isPartOf":{"@id":"https:\/\/www.wsaconsultoriadigital.com.br\/virtual\/#website"},"primaryImageOfPage":{"@id":"https:\/\/www.wsaconsultoriadigital.com.br\/virtual\/produto\/criacao-de-arte-digital\/#primaryimage"},"image":{"@id":"https:\/\/www.wsaconsultoriadigital.com.br\/virtual\/produto\/criacao-de-arte-digital\/#primaryimage"},"thumbnailUrl":"https:\/\/www.wsaconsultoriadigital.com.br\/virtual\/wp-content\/uploads\/2018\/11\/wsa_consultoria_marketing_digital-brigaderia_delicia-jo-cartao_visita.jpg","datePublished":"2018-11-12T20:09:36+00:00","dateModified":"2026-04-08T19:03:56+00:00","breadcrumb":{"@id":"https:\/\/www.wsaconsultoriadigital.com.br\/virtual\/produto\/criacao-de-arte-digital\/#breadcrumb"},"inLanguage":"pt-BR","potentialAction":[{"@type":"ReadAction","target":["https:\/\/www.wsaconsultoriadigital.com.br\/virtual\/produto\/criacao-de-arte-digital\/"]}]},{"@type":"ImageObject","inLanguage":"pt-BR","@id":"https:\/\/www.wsaconsultoriadigital.com.br\/virtual\/produto\/criacao-de-arte-digital\/#primaryimage","url":"https:\/\/www.wsaconsultoriadigital.com.br\/virtual\/wp-content\/uploads\/2018\/11\/wsa_consultoria_marketing_digital-brigaderia_delicia-jo-cartao_visita.jpg","contentUrl":"https:\/\/www.wsaconsultoriadigital.com.br\/virtual\/wp-content\/uploads\/2018\/11\/wsa_consultoria_marketing_digital-brigaderia_delicia-jo-cartao_visita.jpg","width":960,"height":720},{"@type":"BreadcrumbList","@id":"https:\/\/www.wsaconsultoriadigital.com.br\/virtual\/produto\/criacao-de-arte-digital\/#breadcrumb","itemListElement":[{"@type":"ListItem","position":1,"name":"In\u00edcio","item":"https:\/\/www.wsaconsultoriadigital.com.br\/virtual\/"},{"@type":"ListItem","position":2,"name":"Loja","item":"https:\/\/www.wsaconsultoriadigital.com.br\/virtual\/loja\/"},{"@type":"ListItem","position":3,"name":"Cria\u00e7\u00e3o de Arte Digital"}]},{"@type":"WebSite","@id":"https:\/\/www.wsaconsultoriadigital.com.br\/virtual\/#website","url":"https:\/\/www.wsaconsultoriadigital.com.br\/virtual\/","name":"Wsa Consultoria em Marketing Digital","description":"Ag\u00eancia de Marketing Digital no Rio de Janeiro - RJ - Online","publisher":{"@id":"https:\/\/www.wsaconsultoriadigital.com.br\/virtual\/#organization"},"potentialAction":[{"@type":"SearchAction","target":{"@type":"EntryPoint","urlTemplate":"https:\/\/www.wsaconsultoriadigital.com.br\/virtual\/?s={search_term_string}"},"query-input":{"@type":"PropertyValueSpecification","valueRequired":true,"valueName":"search_term_string"}}],"inLanguage":"pt-BR"},{"@type":"Organization","@id":"https:\/\/www.wsaconsultoriadigital.com.br\/virtual\/#organization","name":"Wsa Consultoria em Marketing Digital \/ RJ","url":"https:\/\/www.wsaconsultoriadigital.com.br\/virtual\/","logo":{"@type":"ImageObject","inLanguage":"pt-BR","@id":"https:\/\/www.wsaconsultoriadigital.com.br\/virtual\/#\/schema\/logo\/image\/","url":"https:\/\/www.wsaconsultoriadigital.com.br\/virtual\/wp-content\/uploads\/2018\/11\/wsa_consultoria-logo.png","contentUrl":"https:\/\/www.wsaconsultoriadigital.com.br\/virtual\/wp-content\/uploads\/2018\/11\/wsa_consultoria-logo.png","width":440,"height":214,"caption":"Wsa Consultoria em Marketing Digital \/ RJ"},"image":{"@id":"https:\/\/www.wsaconsultoriadigital.com.br\/virtual\/#\/schema\/logo\/image\/"},"sameAs":["https:\/\/facebook.com\/wsaconsultoria","https:\/\/x.com\/wsa_consultoria","https:\/\/www.instagram.com\/wsa_consultoria\/","https:\/\/www.linkedin.com\/in\/wsa-consultoria-em-marketing-digital-2842a8141\/","https:\/\/br.pinterest.com\/wsaconsultoria\/"]}]}},"_links":{"self":[{"href":"https:\/\/www.wsaconsultoriadigital.com.br\/virtual\/wp-json\/wp\/v2\/product\/172","targetHints":{"allow":["GET"]}}],"collection":[{"href":"https:\/\/www.wsaconsultoriadigital.com.br\/virtual\/wp-json\/wp\/v2\/product"}],"about":[{"href":"https:\/\/www.wsaconsultoriadigital.com.br\/virtual\/wp-json\/wp\/v2\/types\/product"}],"replies":[{"embeddable":true,"href":"https:\/\/www.wsaconsultoriadigital.com.br\/virtual\/wp-json\/wp\/v2\/comments?post=172"}],"version-history":[{"count":13,"href":"https:\/\/www.wsaconsultoriadigital.com.br\/virtual\/wp-json\/wp\/v2\/product\/172\/revisions"}],"predecessor-version":[{"id":7266,"href":"https:\/\/www.wsaconsultoriadigital.com.br\/virtual\/wp-json\/wp\/v2\/product\/172\/revisions\/7266"}],"wp:featuredmedia":[{"embeddable":true,"href":"https:\/\/www.wsaconsultoriadigital.com.br\/virtual\/wp-json\/wp\/v2\/media\/187"}],"wp:attachment":[{"href":"https:\/\/www.wsaconsultoriadigital.com.br\/virtual\/wp-json\/wp\/v2\/media?parent=172"}],"wp:term":[{"taxonomy":"product_brand","embeddable":true,"href":"https:\/\/www.wsaconsultoriadigital.com.br\/virtual\/wp-json\/wp\/v2\/product_brand?post=172"},{"taxonomy":"product_cat","embeddable":true,"href":"https:\/\/www.wsaconsultoriadigital.com.br\/virtual\/wp-json\/wp\/v2\/product_cat?post=172"},{"taxonomy":"product_tag","embeddable":true,"href":"https:\/\/www.wsaconsultoriadigital.com.br\/virtual\/wp-json\/wp\/v2\/product_tag?post=172"}],"curies":[{"name":"wp","href":"https:\/\/api.w.org\/{rel}","templated":true}]}}