{"id":170,"date":"2018-11-12T19:42:17","date_gmt":"2018-11-12T19:42:17","guid":{"rendered":"http:\/\/www.wsaconsultoriadigital.com.br\/virtual\/?post_type=product&#038;p=170"},"modified":"2023-01-13T15:56:19","modified_gmt":"2023-01-13T15:56:19","slug":"reconstrucao-ou-renovacao-de-logomarca-e-papelaria","status":"publish","type":"product","link":"https:\/\/www.wsaconsultoriadigital.com.br\/virtual\/produto\/reconstrucao-ou-renovacao-de-logomarca-e-papelaria\/","title":{"rendered":"Reconstru\u00e7\u00e3o ou Renova\u00e7\u00e3o de logomarca e papelaria"},"content":{"rendered":"<p>Uma marca aut\u00eantica e profissional.<\/p>\n<p><em><strong>O que ser\u00e1 entregue:<\/strong><\/em><\/p>\n<ul>\n<li>Logotipo ou logomarca<\/li>\n<li>Padr\u00e3o de filtro e elementos gr\u00e1ficos para aplicar em banners<\/li>\n<li>Design Cart\u00e3o de visita<\/li>\n<li>Assinatura de e-mail<\/li>\n<li>Imagem de perfil e capa para Facebook<\/li>\n<li>4 imagens de banco de imagens com aplica\u00e7\u00e3o da identidade visual<\/li>\n<li>Modelo de papel timbrado em Word<\/li>\n<li>Modelo de apresenta\u00e7\u00e3o PPT (Power Point)<\/li>\n<li>Diversos tamanhos de recorte das logos para facilitar utiliza\u00e7\u00e3o.<\/li>\n<li>Arquivos prontos para o uso e vetores gr\u00e1ficos para uso profissional<\/li>\n<\/ul>\n<!-- AddThis Advanced Settings generic via filter on the_content --><!-- AddThis Share Buttons generic via filter on the_content -->","protected":false},"excerpt":{"rendered":"<p>Fa\u00e7a de sua marca um \u00edcone do mercado com uma identidade visual e um nome forte e marcante para seus clientes e concorrentes.<\/p>\n<p><b>Papel \/ Material:\u00a0<\/b>n\u00e3o se aplica<br \/>\n<b>Cores:\u00a0<\/b>n\u00e3o se aplica<br \/>\n<b>Tamanho final:\u00a0<\/b>n\u00e3o se aplica<br \/>\n<b>Tamanho com Sangria:\u00a0<\/b>n\u00e3o se aplica<br \/>\n<b>Prazo de produ\u00e7\u00e3o estimado:<\/b><em>10 dias + seu tempo + ajustes<\/em><\/p>\n<div class=\"txtMaisDetal\"><strong>MAIS INFORMA\u00c7\u00d5ES:<br \/>\n<\/strong>Envie um e-mail para\u00a0<a href=\"mailto:orcamento@wsaconsultoriadigital.com.br\">orcamento@wsaconsultoriadigital.com.br<\/a><\/div>\n<div class=\"txtMaisDetal\">\n<p>Para cria\u00e7\u00f5es mais complexas <em><strong>SOLICITAR<\/strong>\u00a0<strong>OR\u00c7AMENTO<\/strong><\/em>\u00a0via\u00a0<a href=\"https:\/\/api.whatsapp.com\/send?l=pt_BR&amp;phone=55021993813195\" target=\"_blank\" rel=\"noopener noreferrer\">WhatsApp<\/a>.<\/p>\n<\/div>\n<p><!-- AddThis Advanced Settings generic via filter on get_the_excerpt --><!-- AddThis Share Buttons generic via filter on get_the_excerpt --><\/p>\n","protected":false},"featured_media":162,"comment_status":"open","ping_status":"closed","template":"","meta":[],"product_brand":[],"product_cat":[39],"product_tag":[50,51,125,66,98,97],"class_list":{"0":"post-170","1":"product","2":"type-product","3":"status-publish","4":"has-post-thumbnail","6":"product_cat-identidade-corporativa","7":"product_tag-criacao-de-logotipo","8":"product_tag-criacao-de-marca","9":"product_tag-online","10":"product_tag-papelaria","11":"product_tag-web","12":"product_tag-www","13":"post","15":"first","16":"instock","17":"virtual","18":"purchasable","19":"product-type-simple"},"yoast_head":"<!-- This site is optimized with the Yoast SEO plugin v27.3 - https:\/\/yoast.com\/product\/yoast-seo-wordpress\/ -->\n<title>Reconstru\u00e7\u00e3o ou Renova\u00e7\u00e3o de logomarca e papelaria - Wsa Consultoria em Marketing Digital<\/title>\n<meta name=\"robots\" content=\"index, follow, max-snippet:-1, max-image-preview:large, max-video-preview:-1\" \/>\n<link rel=\"canonical\" href=\"https:\/\/www.wsaconsultoriadigital.com.br\/virtual\/produto\/reconstrucao-ou-renovacao-de-logomarca-e-papelaria\/\" \/>\n<meta property=\"og:locale\" content=\"pt_BR\" \/>\n<meta property=\"og:type\" content=\"article\" \/>\n<meta property=\"og:title\" content=\"Reconstru\u00e7\u00e3o ou Renova\u00e7\u00e3o de logomarca e papelaria - Wsa Consultoria em Marketing Digital\" \/>\n<meta property=\"og:description\" content=\"Fa\u00e7a de sua marca um \u00edcone do mercado com uma identidade visual e um nome forte e marcante para seus clientes e concorrentes.  Papel \/ Material:\u00a0n\u00e3o se aplica Cores:\u00a0n\u00e3o se aplica Tamanho final:\u00a0n\u00e3o se aplica Tamanho com Sangria:\u00a0n\u00e3o se aplica Prazo de produ\u00e7\u00e3o estimado:10 dias + seu tempo + ajustes MAIS INFORMA\u00c7\u00d5ES: Envie um e-mail para\u00a0orcamento@wsaconsultoriadigital.com.br   Para cria\u00e7\u00f5es mais complexas SOLICITAR\u00a0OR\u00c7AMENTO\u00a0via\u00a0WhatsApp.\" \/>\n<meta property=\"og:url\" content=\"https:\/\/www.wsaconsultoriadigital.com.br\/virtual\/produto\/reconstrucao-ou-renovacao-de-logomarca-e-papelaria\/\" \/>\n<meta property=\"og:site_name\" content=\"Wsa Consultoria em Marketing Digital\" \/>\n<meta property=\"article:publisher\" content=\"https:\/\/facebook.com\/wsaconsultoria\" \/>\n<meta property=\"article:modified_time\" content=\"2023-01-13T15:56:19+00:00\" \/>\n<meta property=\"og:image\" content=\"https:\/\/www.wsaconsultoriadigital.com.br\/virtual\/wp-content\/uploads\/2018\/11\/wsa_consultoria_marketing_digital-criacao_identidade_visual.jpg\" \/>\n\t<meta property=\"og:image:width\" content=\"960\" \/>\n\t<meta property=\"og:image:height\" content=\"839\" \/>\n\t<meta property=\"og:image:type\" content=\"image\/jpeg\" \/>\n<meta name=\"twitter:card\" content=\"summary_large_image\" \/>\n<meta name=\"twitter:site\" content=\"@wsa_consultoria\" \/>\n<meta name=\"twitter:label1\" content=\"Est. tempo de leitura\" \/>\n\t<meta name=\"twitter:data1\" content=\"1 minuto\" \/>\n<script type=\"application\/ld+json\" class=\"yoast-schema-graph\">{\"@context\":\"https:\\\/\\\/schema.org\",\"@graph\":[{\"@type\":\"WebPage\",\"@id\":\"https:\\\/\\\/www.wsaconsultoriadigital.com.br\\\/virtual\\\/produto\\\/reconstrucao-ou-renovacao-de-logomarca-e-papelaria\\\/\",\"url\":\"https:\\\/\\\/www.wsaconsultoriadigital.com.br\\\/virtual\\\/produto\\\/reconstrucao-ou-renovacao-de-logomarca-e-papelaria\\\/\",\"name\":\"Reconstru\u00e7\u00e3o ou Renova\u00e7\u00e3o de logomarca e papelaria - Wsa Consultoria em Marketing Digital\",\"isPartOf\":{\"@id\":\"https:\\\/\\\/www.wsaconsultoriadigital.com.br\\\/virtual\\\/#website\"},\"primaryImageOfPage\":{\"@id\":\"https:\\\/\\\/www.wsaconsultoriadigital.com.br\\\/virtual\\\/produto\\\/reconstrucao-ou-renovacao-de-logomarca-e-papelaria\\\/#primaryimage\"},\"image\":{\"@id\":\"https:\\\/\\\/www.wsaconsultoriadigital.com.br\\\/virtual\\\/produto\\\/reconstrucao-ou-renovacao-de-logomarca-e-papelaria\\\/#primaryimage\"},\"thumbnailUrl\":\"https:\\\/\\\/www.wsaconsultoriadigital.com.br\\\/virtual\\\/wp-content\\\/uploads\\\/2018\\\/11\\\/wsa_consultoria_marketing_digital-criacao_identidade_visual.jpg\",\"datePublished\":\"2018-11-12T19:42:17+00:00\",\"dateModified\":\"2023-01-13T15:56:19+00:00\",\"breadcrumb\":{\"@id\":\"https:\\\/\\\/www.wsaconsultoriadigital.com.br\\\/virtual\\\/produto\\\/reconstrucao-ou-renovacao-de-logomarca-e-papelaria\\\/#breadcrumb\"},\"inLanguage\":\"pt-BR\",\"potentialAction\":[{\"@type\":\"ReadAction\",\"target\":[\"https:\\\/\\\/www.wsaconsultoriadigital.com.br\\\/virtual\\\/produto\\\/reconstrucao-ou-renovacao-de-logomarca-e-papelaria\\\/\"]}]},{\"@type\":\"ImageObject\",\"inLanguage\":\"pt-BR\",\"@id\":\"https:\\\/\\\/www.wsaconsultoriadigital.com.br\\\/virtual\\\/produto\\\/reconstrucao-ou-renovacao-de-logomarca-e-papelaria\\\/#primaryimage\",\"url\":\"https:\\\/\\\/www.wsaconsultoriadigital.com.br\\\/virtual\\\/wp-content\\\/uploads\\\/2018\\\/11\\\/wsa_consultoria_marketing_digital-criacao_identidade_visual.jpg\",\"contentUrl\":\"https:\\\/\\\/www.wsaconsultoriadigital.com.br\\\/virtual\\\/wp-content\\\/uploads\\\/2018\\\/11\\\/wsa_consultoria_marketing_digital-criacao_identidade_visual.jpg\",\"width\":960,\"height\":839},{\"@type\":\"BreadcrumbList\",\"@id\":\"https:\\\/\\\/www.wsaconsultoriadigital.com.br\\\/virtual\\\/produto\\\/reconstrucao-ou-renovacao-de-logomarca-e-papelaria\\\/#breadcrumb\",\"itemListElement\":[{\"@type\":\"ListItem\",\"position\":1,\"name\":\"In\u00edcio\",\"item\":\"https:\\\/\\\/www.wsaconsultoriadigital.com.br\\\/virtual\\\/\"},{\"@type\":\"ListItem\",\"position\":2,\"name\":\"Loja\",\"item\":\"https:\\\/\\\/www.wsaconsultoriadigital.com.br\\\/virtual\\\/loja\\\/\"},{\"@type\":\"ListItem\",\"position\":3,\"name\":\"Reconstru\u00e7\u00e3o ou Renova\u00e7\u00e3o de logomarca e papelaria\"}]},{\"@type\":\"WebSite\",\"@id\":\"https:\\\/\\\/www.wsaconsultoriadigital.com.br\\\/virtual\\\/#website\",\"url\":\"https:\\\/\\\/www.wsaconsultoriadigital.com.br\\\/virtual\\\/\",\"name\":\"Wsa Consultoria em Marketing Digital\",\"description\":\"Ag\u00eancia de Marketing Digital no Rio de Janeiro - RJ - Online\",\"publisher\":{\"@id\":\"https:\\\/\\\/www.wsaconsultoriadigital.com.br\\\/virtual\\\/#organization\"},\"potentialAction\":[{\"@type\":\"SearchAction\",\"target\":{\"@type\":\"EntryPoint\",\"urlTemplate\":\"https:\\\/\\\/www.wsaconsultoriadigital.com.br\\\/virtual\\\/?s={search_term_string}\"},\"query-input\":{\"@type\":\"PropertyValueSpecification\",\"valueRequired\":true,\"valueName\":\"search_term_string\"}}],\"inLanguage\":\"pt-BR\"},{\"@type\":\"Organization\",\"@id\":\"https:\\\/\\\/www.wsaconsultoriadigital.com.br\\\/virtual\\\/#organization\",\"name\":\"Wsa Consultoria em Marketing Digital \\\/ RJ\",\"url\":\"https:\\\/\\\/www.wsaconsultoriadigital.com.br\\\/virtual\\\/\",\"logo\":{\"@type\":\"ImageObject\",\"inLanguage\":\"pt-BR\",\"@id\":\"https:\\\/\\\/www.wsaconsultoriadigital.com.br\\\/virtual\\\/#\\\/schema\\\/logo\\\/image\\\/\",\"url\":\"https:\\\/\\\/www.wsaconsultoriadigital.com.br\\\/virtual\\\/wp-content\\\/uploads\\\/2018\\\/11\\\/wsa_consultoria-logo.png\",\"contentUrl\":\"https:\\\/\\\/www.wsaconsultoriadigital.com.br\\\/virtual\\\/wp-content\\\/uploads\\\/2018\\\/11\\\/wsa_consultoria-logo.png\",\"width\":440,\"height\":214,\"caption\":\"Wsa Consultoria em Marketing Digital \\\/ RJ\"},\"image\":{\"@id\":\"https:\\\/\\\/www.wsaconsultoriadigital.com.br\\\/virtual\\\/#\\\/schema\\\/logo\\\/image\\\/\"},\"sameAs\":[\"https:\\\/\\\/facebook.com\\\/wsaconsultoria\",\"https:\\\/\\\/x.com\\\/wsa_consultoria\",\"https:\\\/\\\/www.instagram.com\\\/wsa_consultoria\\\/\",\"https:\\\/\\\/www.linkedin.com\\\/in\\\/wsa-consultoria-em-marketing-digital-2842a8141\\\/\",\"https:\\\/\\\/br.pinterest.com\\\/wsaconsultoria\\\/\"]}]}<\/script>\n<!-- \/ Yoast SEO plugin. -->","yoast_head_json":{"title":"Reconstru\u00e7\u00e3o ou Renova\u00e7\u00e3o de logomarca e papelaria - Wsa Consultoria em Marketing Digital","robots":{"index":"index","follow":"follow","max-snippet":"max-snippet:-1","max-image-preview":"max-image-preview:large","max-video-preview":"max-video-preview:-1"},"canonical":"https:\/\/www.wsaconsultoriadigital.com.br\/virtual\/produto\/reconstrucao-ou-renovacao-de-logomarca-e-papelaria\/","og_locale":"pt_BR","og_type":"article","og_title":"Reconstru\u00e7\u00e3o ou Renova\u00e7\u00e3o de logomarca e papelaria - Wsa Consultoria em Marketing Digital","og_description":"Fa\u00e7a de sua marca um \u00edcone do mercado com uma identidade visual e um nome forte e marcante para seus clientes e concorrentes.  Papel \/ Material:\u00a0n\u00e3o se aplica Cores:\u00a0n\u00e3o se aplica Tamanho final:\u00a0n\u00e3o se aplica Tamanho com Sangria:\u00a0n\u00e3o se aplica Prazo de produ\u00e7\u00e3o estimado:10 dias + seu tempo + ajustes MAIS INFORMA\u00c7\u00d5ES: Envie um e-mail para\u00a0orcamento@wsaconsultoriadigital.com.br   Para cria\u00e7\u00f5es mais complexas SOLICITAR\u00a0OR\u00c7AMENTO\u00a0via\u00a0WhatsApp.","og_url":"https:\/\/www.wsaconsultoriadigital.com.br\/virtual\/produto\/reconstrucao-ou-renovacao-de-logomarca-e-papelaria\/","og_site_name":"Wsa Consultoria em Marketing Digital","article_publisher":"https:\/\/facebook.com\/wsaconsultoria","article_modified_time":"2023-01-13T15:56:19+00:00","og_image":[{"width":960,"height":839,"url":"https:\/\/www.wsaconsultoriadigital.com.br\/virtual\/wp-content\/uploads\/2018\/11\/wsa_consultoria_marketing_digital-criacao_identidade_visual.jpg","type":"image\/jpeg"}],"twitter_card":"summary_large_image","twitter_site":"@wsa_consultoria","twitter_misc":{"Est. tempo de leitura":"1 minuto"},"schema":{"@context":"https:\/\/schema.org","@graph":[{"@type":"WebPage","@id":"https:\/\/www.wsaconsultoriadigital.com.br\/virtual\/produto\/reconstrucao-ou-renovacao-de-logomarca-e-papelaria\/","url":"https:\/\/www.wsaconsultoriadigital.com.br\/virtual\/produto\/reconstrucao-ou-renovacao-de-logomarca-e-papelaria\/","name":"Reconstru\u00e7\u00e3o ou Renova\u00e7\u00e3o de logomarca e papelaria - Wsa Consultoria em Marketing Digital","isPartOf":{"@id":"https:\/\/www.wsaconsultoriadigital.com.br\/virtual\/#website"},"primaryImageOfPage":{"@id":"https:\/\/www.wsaconsultoriadigital.com.br\/virtual\/produto\/reconstrucao-ou-renovacao-de-logomarca-e-papelaria\/#primaryimage"},"image":{"@id":"https:\/\/www.wsaconsultoriadigital.com.br\/virtual\/produto\/reconstrucao-ou-renovacao-de-logomarca-e-papelaria\/#primaryimage"},"thumbnailUrl":"https:\/\/www.wsaconsultoriadigital.com.br\/virtual\/wp-content\/uploads\/2018\/11\/wsa_consultoria_marketing_digital-criacao_identidade_visual.jpg","datePublished":"2018-11-12T19:42:17+00:00","dateModified":"2023-01-13T15:56:19+00:00","breadcrumb":{"@id":"https:\/\/www.wsaconsultoriadigital.com.br\/virtual\/produto\/reconstrucao-ou-renovacao-de-logomarca-e-papelaria\/#breadcrumb"},"inLanguage":"pt-BR","potentialAction":[{"@type":"ReadAction","target":["https:\/\/www.wsaconsultoriadigital.com.br\/virtual\/produto\/reconstrucao-ou-renovacao-de-logomarca-e-papelaria\/"]}]},{"@type":"ImageObject","inLanguage":"pt-BR","@id":"https:\/\/www.wsaconsultoriadigital.com.br\/virtual\/produto\/reconstrucao-ou-renovacao-de-logomarca-e-papelaria\/#primaryimage","url":"https:\/\/www.wsaconsultoriadigital.com.br\/virtual\/wp-content\/uploads\/2018\/11\/wsa_consultoria_marketing_digital-criacao_identidade_visual.jpg","contentUrl":"https:\/\/www.wsaconsultoriadigital.com.br\/virtual\/wp-content\/uploads\/2018\/11\/wsa_consultoria_marketing_digital-criacao_identidade_visual.jpg","width":960,"height":839},{"@type":"BreadcrumbList","@id":"https:\/\/www.wsaconsultoriadigital.com.br\/virtual\/produto\/reconstrucao-ou-renovacao-de-logomarca-e-papelaria\/#breadcrumb","itemListElement":[{"@type":"ListItem","position":1,"name":"In\u00edcio","item":"https:\/\/www.wsaconsultoriadigital.com.br\/virtual\/"},{"@type":"ListItem","position":2,"name":"Loja","item":"https:\/\/www.wsaconsultoriadigital.com.br\/virtual\/loja\/"},{"@type":"ListItem","position":3,"name":"Reconstru\u00e7\u00e3o ou Renova\u00e7\u00e3o de logomarca e papelaria"}]},{"@type":"WebSite","@id":"https:\/\/www.wsaconsultoriadigital.com.br\/virtual\/#website","url":"https:\/\/www.wsaconsultoriadigital.com.br\/virtual\/","name":"Wsa Consultoria em Marketing Digital","description":"Ag\u00eancia de Marketing Digital no Rio de Janeiro - RJ - Online","publisher":{"@id":"https:\/\/www.wsaconsultoriadigital.com.br\/virtual\/#organization"},"potentialAction":[{"@type":"SearchAction","target":{"@type":"EntryPoint","urlTemplate":"https:\/\/www.wsaconsultoriadigital.com.br\/virtual\/?s={search_term_string}"},"query-input":{"@type":"PropertyValueSpecification","valueRequired":true,"valueName":"search_term_string"}}],"inLanguage":"pt-BR"},{"@type":"Organization","@id":"https:\/\/www.wsaconsultoriadigital.com.br\/virtual\/#organization","name":"Wsa Consultoria em Marketing Digital \/ RJ","url":"https:\/\/www.wsaconsultoriadigital.com.br\/virtual\/","logo":{"@type":"ImageObject","inLanguage":"pt-BR","@id":"https:\/\/www.wsaconsultoriadigital.com.br\/virtual\/#\/schema\/logo\/image\/","url":"https:\/\/www.wsaconsultoriadigital.com.br\/virtual\/wp-content\/uploads\/2018\/11\/wsa_consultoria-logo.png","contentUrl":"https:\/\/www.wsaconsultoriadigital.com.br\/virtual\/wp-content\/uploads\/2018\/11\/wsa_consultoria-logo.png","width":440,"height":214,"caption":"Wsa Consultoria em Marketing Digital \/ RJ"},"image":{"@id":"https:\/\/www.wsaconsultoriadigital.com.br\/virtual\/#\/schema\/logo\/image\/"},"sameAs":["https:\/\/facebook.com\/wsaconsultoria","https:\/\/x.com\/wsa_consultoria","https:\/\/www.instagram.com\/wsa_consultoria\/","https:\/\/www.linkedin.com\/in\/wsa-consultoria-em-marketing-digital-2842a8141\/","https:\/\/br.pinterest.com\/wsaconsultoria\/"]}]}},"_links":{"self":[{"href":"https:\/\/www.wsaconsultoriadigital.com.br\/virtual\/wp-json\/wp\/v2\/product\/170","targetHints":{"allow":["GET"]}}],"collection":[{"href":"https:\/\/www.wsaconsultoriadigital.com.br\/virtual\/wp-json\/wp\/v2\/product"}],"about":[{"href":"https:\/\/www.wsaconsultoriadigital.com.br\/virtual\/wp-json\/wp\/v2\/types\/product"}],"replies":[{"embeddable":true,"href":"https:\/\/www.wsaconsultoriadigital.com.br\/virtual\/wp-json\/wp\/v2\/comments?post=170"}],"version-history":[{"count":12,"href":"https:\/\/www.wsaconsultoriadigital.com.br\/virtual\/wp-json\/wp\/v2\/product\/170\/revisions"}],"predecessor-version":[{"id":7104,"href":"https:\/\/www.wsaconsultoriadigital.com.br\/virtual\/wp-json\/wp\/v2\/product\/170\/revisions\/7104"}],"wp:featuredmedia":[{"embeddable":true,"href":"https:\/\/www.wsaconsultoriadigital.com.br\/virtual\/wp-json\/wp\/v2\/media\/162"}],"wp:attachment":[{"href":"https:\/\/www.wsaconsultoriadigital.com.br\/virtual\/wp-json\/wp\/v2\/media?parent=170"}],"wp:term":[{"taxonomy":"product_brand","embeddable":true,"href":"https:\/\/www.wsaconsultoriadigital.com.br\/virtual\/wp-json\/wp\/v2\/product_brand?post=170"},{"taxonomy":"product_cat","embeddable":true,"href":"https:\/\/www.wsaconsultoriadigital.com.br\/virtual\/wp-json\/wp\/v2\/product_cat?post=170"},{"taxonomy":"product_tag","embeddable":true,"href":"https:\/\/www.wsaconsultoriadigital.com.br\/virtual\/wp-json\/wp\/v2\/product_tag?post=170"}],"curies":[{"name":"wp","href":"https:\/\/api.w.org\/{rel}","templated":true}]}}