{"id":120,"date":"2018-11-12T00:04:07","date_gmt":"2018-11-12T00:04:07","guid":{"rendered":"http:\/\/www.wsaconsultoriadigital.com.br\/virtual\/?post_type=product&#038;p=120"},"modified":"2025-03-31T01:09:10","modified_gmt":"2025-03-31T01:09:10","slug":"producao-de-texto-e-artigo-blog-marketing-de-conteudo","status":"publish","type":"product","link":"https:\/\/www.wsaconsultoriadigital.com.br\/virtual\/produto\/producao-de-texto-e-artigo-blog-marketing-de-conteudo\/","title":{"rendered":"Marketing de Conte\u00fado &#8211; Cria\u00e7\u00e3o de Textos e Artigo Blog"},"content":{"rendered":"<p><em><strong>O que est\u00e1\u00a0<\/strong><\/em><b><i>inclu\u00eddo<\/i><\/b><\/p>\n<ul>\n<li>Pesquisa e complemento de conte\u00fado;<\/li>\n<li>Texto com limite de 750 palavras;<\/li>\n<li>Revis\u00e3o ortogr\u00e1fica profissional;<\/li>\n<li>Estrutura de conte\u00fado ideal para internet;<\/li>\n<li>Otimiza\u00e7\u00e3o do conte\u00fado para o Google (SEO);<\/li>\n<li>Textos de chamada para Facebook;<\/li>\n<li>Sele\u00e7\u00e3o de imagem para capa da publica\u00e7\u00e3o, a partir de banco de imagens profissional;<\/li>\n<li>Publica\u00e7\u00e3o profissional em seu blog ou site (se desejar).<\/li>\n<\/ul>\n<p><em><strong>O que N\u00c3O est\u00e1\u00a0<\/strong><\/em><b><i>inclu\u00eddo<\/i><\/b><\/p>\n<ul>\n<li>Cria\u00e7\u00e3o ou manuten\u00e7\u00e3o de blog.<\/li>\n<\/ul>\n<div id=\"especialistas-partes\">\n<div class=\"l-section-h i-cf\">\n<div class=\"g-cols offset_large\">\n<div class=\"vc_col-sm-12 wpb_column\"><\/div>\n<\/div>\n<\/div>\n<\/div>\n<!-- AddThis Advanced Settings generic via filter on the_content --><!-- AddThis Share Buttons generic via filter on the_content -->","protected":false},"excerpt":{"rendered":"<p>Fale sobre seus produtos, torne-se autoridade no seu segmento e apare\u00e7a no Google com textos profissionais, no formato ideal para marketing de conte\u00fado.<\/p>\n<p><strong>Importante: N\u00e3o inclui a cria\u00e7\u00e3o do blog ou site. Inclui somente o texto e a publica\u00e7\u00e3o no seu blog ou site.<\/strong><\/p>\n<p><strong>MAIS INFORMA\u00c7\u00d5ES:<br \/>\n<\/strong>Para cria\u00e7\u00f5es mais complexas\u00a0<em><strong>SOLICITAR<\/strong>\u00a0<strong>OR\u00c7AMENTO<\/strong><\/em>\u00a0via\u00a0<a href=\"https:\/\/api.whatsapp.com\/send?l=pt_BR&amp;phone=55021993813195\" target=\"_blank\" rel=\"noopener noreferrer\">WhatsApp<\/a>.<br \/>\nOu, envie um e-mail para <a href=\"mailto:orcamento@wsaconsultoriadigital.com.br\">orcamento@wsaconsultoriadigital.com.br<\/a><!-- AddThis Advanced Settings generic via filter on get_the_excerpt --><!-- AddThis Share Buttons generic via filter on get_the_excerpt --><\/p>\n","protected":false},"featured_media":7427,"comment_status":"open","ping_status":"closed","template":"","meta":[],"product_brand":[],"product_cat":[17,41],"product_tag":[46,38,47,45],"class_list":{"0":"post-120","1":"product","2":"type-product","3":"status-publish","4":"has-post-thumbnail","6":"product_cat-criacao-de-sites","7":"product_cat-marketing-digital","8":"product_tag-artigo-blog","9":"product_tag-criacao-de-blog","10":"product_tag-marketing-de-conteudo","11":"product_tag-producao-de-texto","12":"pa_pacote-01-texto","13":"pa_pacote-02-texto","14":"pa_pacote-04-texto","15":"pa_pacote-06-texto","16":"pa_pacote-08-texto","17":"post","19":"first","20":"instock","21":"sale","22":"shipping-taxable","23":"purchasable","24":"product-type-variable"},"yoast_head":"<!-- This site is optimized with the Yoast SEO plugin v27.3 - https:\/\/yoast.com\/product\/yoast-seo-wordpress\/ -->\n<title>Marketing de Conte\u00fado - Cria\u00e7\u00e3o de Textos e Artigo Blog - Wsa Consultoria em Marketing Digital<\/title>\n<meta name=\"robots\" content=\"index, follow, max-snippet:-1, max-image-preview:large, max-video-preview:-1\" \/>\n<link rel=\"canonical\" href=\"https:\/\/www.wsaconsultoriadigital.com.br\/virtual\/produto\/producao-de-texto-e-artigo-blog-marketing-de-conteudo\/\" \/>\n<meta property=\"og:locale\" content=\"pt_BR\" \/>\n<meta property=\"og:type\" content=\"article\" \/>\n<meta property=\"og:title\" content=\"Marketing de Conte\u00fado - Cria\u00e7\u00e3o de Textos e Artigo Blog - Wsa Consultoria em Marketing Digital\" \/>\n<meta property=\"og:description\" content=\"Fale sobre seus produtos, torne-se autoridade no seu segmento e apare\u00e7a no Google com textos profissionais, no formato ideal para marketing de conte\u00fado.  Importante: N\u00e3o inclui a cria\u00e7\u00e3o do blog ou site. Inclui somente o texto e a publica\u00e7\u00e3o no seu blog ou site.  MAIS INFORMA\u00c7\u00d5ES: Para cria\u00e7\u00f5es mais complexas\u00a0SOLICITAR\u00a0OR\u00c7AMENTO\u00a0via\u00a0WhatsApp. Ou, envie um e-mail para orcamento@wsaconsultoriadigital.com.br\" \/>\n<meta property=\"og:url\" content=\"https:\/\/www.wsaconsultoriadigital.com.br\/virtual\/produto\/producao-de-texto-e-artigo-blog-marketing-de-conteudo\/\" \/>\n<meta property=\"og:site_name\" content=\"Wsa Consultoria em Marketing Digital\" \/>\n<meta property=\"article:publisher\" content=\"https:\/\/facebook.com\/wsaconsultoria\" \/>\n<meta property=\"article:modified_time\" content=\"2025-03-31T01:09:10+00:00\" \/>\n<meta property=\"og:image\" content=\"https:\/\/www.wsaconsultoriadigital.com.br\/virtual\/wp-content\/uploads\/2018\/11\/wsa_consultoria-marketing-digital-criacao-marketing-de-conteudo-scaled.jpg\" \/>\n\t<meta property=\"og:image:width\" content=\"2048\" \/>\n\t<meta property=\"og:image:height\" content=\"2560\" \/>\n\t<meta property=\"og:image:type\" content=\"image\/jpeg\" \/>\n<meta name=\"twitter:card\" content=\"summary_large_image\" \/>\n<meta name=\"twitter:site\" content=\"@wsa_consultoria\" \/>\n<meta name=\"twitter:label1\" content=\"Est. tempo de leitura\" \/>\n\t<meta name=\"twitter:data1\" content=\"1 minuto\" \/>\n<script type=\"application\/ld+json\" class=\"yoast-schema-graph\">{\"@context\":\"https:\\\/\\\/schema.org\",\"@graph\":[{\"@type\":\"WebPage\",\"@id\":\"https:\\\/\\\/www.wsaconsultoriadigital.com.br\\\/virtual\\\/produto\\\/producao-de-texto-e-artigo-blog-marketing-de-conteudo\\\/\",\"url\":\"https:\\\/\\\/www.wsaconsultoriadigital.com.br\\\/virtual\\\/produto\\\/producao-de-texto-e-artigo-blog-marketing-de-conteudo\\\/\",\"name\":\"Marketing de Conte\u00fado - Cria\u00e7\u00e3o de Textos e Artigo Blog - Wsa Consultoria em Marketing Digital\",\"isPartOf\":{\"@id\":\"https:\\\/\\\/www.wsaconsultoriadigital.com.br\\\/virtual\\\/#website\"},\"primaryImageOfPage\":{\"@id\":\"https:\\\/\\\/www.wsaconsultoriadigital.com.br\\\/virtual\\\/produto\\\/producao-de-texto-e-artigo-blog-marketing-de-conteudo\\\/#primaryimage\"},\"image\":{\"@id\":\"https:\\\/\\\/www.wsaconsultoriadigital.com.br\\\/virtual\\\/produto\\\/producao-de-texto-e-artigo-blog-marketing-de-conteudo\\\/#primaryimage\"},\"thumbnailUrl\":\"https:\\\/\\\/www.wsaconsultoriadigital.com.br\\\/virtual\\\/wp-content\\\/uploads\\\/2018\\\/11\\\/wsa_consultoria-marketing-digital-criacao-marketing-de-conteudo-scaled.jpg\",\"datePublished\":\"2018-11-12T00:04:07+00:00\",\"dateModified\":\"2025-03-31T01:09:10+00:00\",\"breadcrumb\":{\"@id\":\"https:\\\/\\\/www.wsaconsultoriadigital.com.br\\\/virtual\\\/produto\\\/producao-de-texto-e-artigo-blog-marketing-de-conteudo\\\/#breadcrumb\"},\"inLanguage\":\"pt-BR\",\"potentialAction\":[{\"@type\":\"ReadAction\",\"target\":[\"https:\\\/\\\/www.wsaconsultoriadigital.com.br\\\/virtual\\\/produto\\\/producao-de-texto-e-artigo-blog-marketing-de-conteudo\\\/\"]}]},{\"@type\":\"ImageObject\",\"inLanguage\":\"pt-BR\",\"@id\":\"https:\\\/\\\/www.wsaconsultoriadigital.com.br\\\/virtual\\\/produto\\\/producao-de-texto-e-artigo-blog-marketing-de-conteudo\\\/#primaryimage\",\"url\":\"https:\\\/\\\/www.wsaconsultoriadigital.com.br\\\/virtual\\\/wp-content\\\/uploads\\\/2018\\\/11\\\/wsa_consultoria-marketing-digital-criacao-marketing-de-conteudo-scaled.jpg\",\"contentUrl\":\"https:\\\/\\\/www.wsaconsultoriadigital.com.br\\\/virtual\\\/wp-content\\\/uploads\\\/2018\\\/11\\\/wsa_consultoria-marketing-digital-criacao-marketing-de-conteudo-scaled.jpg\",\"width\":1536,\"height\":1920},{\"@type\":\"BreadcrumbList\",\"@id\":\"https:\\\/\\\/www.wsaconsultoriadigital.com.br\\\/virtual\\\/produto\\\/producao-de-texto-e-artigo-blog-marketing-de-conteudo\\\/#breadcrumb\",\"itemListElement\":[{\"@type\":\"ListItem\",\"position\":1,\"name\":\"In\u00edcio\",\"item\":\"https:\\\/\\\/www.wsaconsultoriadigital.com.br\\\/virtual\\\/\"},{\"@type\":\"ListItem\",\"position\":2,\"name\":\"Loja\",\"item\":\"https:\\\/\\\/www.wsaconsultoriadigital.com.br\\\/virtual\\\/loja\\\/\"},{\"@type\":\"ListItem\",\"position\":3,\"name\":\"Marketing de Conte\u00fado &#8211; Cria\u00e7\u00e3o de Textos e Artigo Blog\"}]},{\"@type\":\"WebSite\",\"@id\":\"https:\\\/\\\/www.wsaconsultoriadigital.com.br\\\/virtual\\\/#website\",\"url\":\"https:\\\/\\\/www.wsaconsultoriadigital.com.br\\\/virtual\\\/\",\"name\":\"Wsa Consultoria em Marketing Digital\",\"description\":\"Ag\u00eancia de Marketing Digital no Rio de Janeiro - RJ - Online\",\"publisher\":{\"@id\":\"https:\\\/\\\/www.wsaconsultoriadigital.com.br\\\/virtual\\\/#organization\"},\"potentialAction\":[{\"@type\":\"SearchAction\",\"target\":{\"@type\":\"EntryPoint\",\"urlTemplate\":\"https:\\\/\\\/www.wsaconsultoriadigital.com.br\\\/virtual\\\/?s={search_term_string}\"},\"query-input\":{\"@type\":\"PropertyValueSpecification\",\"valueRequired\":true,\"valueName\":\"search_term_string\"}}],\"inLanguage\":\"pt-BR\"},{\"@type\":\"Organization\",\"@id\":\"https:\\\/\\\/www.wsaconsultoriadigital.com.br\\\/virtual\\\/#organization\",\"name\":\"Wsa Consultoria em Marketing Digital \\\/ RJ\",\"url\":\"https:\\\/\\\/www.wsaconsultoriadigital.com.br\\\/virtual\\\/\",\"logo\":{\"@type\":\"ImageObject\",\"inLanguage\":\"pt-BR\",\"@id\":\"https:\\\/\\\/www.wsaconsultoriadigital.com.br\\\/virtual\\\/#\\\/schema\\\/logo\\\/image\\\/\",\"url\":\"https:\\\/\\\/www.wsaconsultoriadigital.com.br\\\/virtual\\\/wp-content\\\/uploads\\\/2018\\\/11\\\/wsa_consultoria-logo.png\",\"contentUrl\":\"https:\\\/\\\/www.wsaconsultoriadigital.com.br\\\/virtual\\\/wp-content\\\/uploads\\\/2018\\\/11\\\/wsa_consultoria-logo.png\",\"width\":440,\"height\":214,\"caption\":\"Wsa Consultoria em Marketing Digital \\\/ RJ\"},\"image\":{\"@id\":\"https:\\\/\\\/www.wsaconsultoriadigital.com.br\\\/virtual\\\/#\\\/schema\\\/logo\\\/image\\\/\"},\"sameAs\":[\"https:\\\/\\\/facebook.com\\\/wsaconsultoria\",\"https:\\\/\\\/x.com\\\/wsa_consultoria\",\"https:\\\/\\\/www.instagram.com\\\/wsa_consultoria\\\/\",\"https:\\\/\\\/www.linkedin.com\\\/in\\\/wsa-consultoria-em-marketing-digital-2842a8141\\\/\",\"https:\\\/\\\/br.pinterest.com\\\/wsaconsultoria\\\/\"]}]}<\/script>\n<!-- \/ Yoast SEO plugin. -->","yoast_head_json":{"title":"Marketing de Conte\u00fado - Cria\u00e7\u00e3o de Textos e Artigo Blog - Wsa Consultoria em Marketing Digital","robots":{"index":"index","follow":"follow","max-snippet":"max-snippet:-1","max-image-preview":"max-image-preview:large","max-video-preview":"max-video-preview:-1"},"canonical":"https:\/\/www.wsaconsultoriadigital.com.br\/virtual\/produto\/producao-de-texto-e-artigo-blog-marketing-de-conteudo\/","og_locale":"pt_BR","og_type":"article","og_title":"Marketing de Conte\u00fado - Cria\u00e7\u00e3o de Textos e Artigo Blog - Wsa Consultoria em Marketing Digital","og_description":"Fale sobre seus produtos, torne-se autoridade no seu segmento e apare\u00e7a no Google com textos profissionais, no formato ideal para marketing de conte\u00fado.  Importante: N\u00e3o inclui a cria\u00e7\u00e3o do blog ou site. Inclui somente o texto e a publica\u00e7\u00e3o no seu blog ou site.  MAIS INFORMA\u00c7\u00d5ES: Para cria\u00e7\u00f5es mais complexas\u00a0SOLICITAR\u00a0OR\u00c7AMENTO\u00a0via\u00a0WhatsApp. Ou, envie um e-mail para orcamento@wsaconsultoriadigital.com.br","og_url":"https:\/\/www.wsaconsultoriadigital.com.br\/virtual\/produto\/producao-de-texto-e-artigo-blog-marketing-de-conteudo\/","og_site_name":"Wsa Consultoria em Marketing Digital","article_publisher":"https:\/\/facebook.com\/wsaconsultoria","article_modified_time":"2025-03-31T01:09:10+00:00","og_image":[{"width":2048,"height":2560,"url":"https:\/\/www.wsaconsultoriadigital.com.br\/virtual\/wp-content\/uploads\/2018\/11\/wsa_consultoria-marketing-digital-criacao-marketing-de-conteudo-scaled.jpg","type":"image\/jpeg"}],"twitter_card":"summary_large_image","twitter_site":"@wsa_consultoria","twitter_misc":{"Est. tempo de leitura":"1 minuto"},"schema":{"@context":"https:\/\/schema.org","@graph":[{"@type":"WebPage","@id":"https:\/\/www.wsaconsultoriadigital.com.br\/virtual\/produto\/producao-de-texto-e-artigo-blog-marketing-de-conteudo\/","url":"https:\/\/www.wsaconsultoriadigital.com.br\/virtual\/produto\/producao-de-texto-e-artigo-blog-marketing-de-conteudo\/","name":"Marketing de Conte\u00fado - Cria\u00e7\u00e3o de Textos e Artigo Blog - Wsa Consultoria em Marketing Digital","isPartOf":{"@id":"https:\/\/www.wsaconsultoriadigital.com.br\/virtual\/#website"},"primaryImageOfPage":{"@id":"https:\/\/www.wsaconsultoriadigital.com.br\/virtual\/produto\/producao-de-texto-e-artigo-blog-marketing-de-conteudo\/#primaryimage"},"image":{"@id":"https:\/\/www.wsaconsultoriadigital.com.br\/virtual\/produto\/producao-de-texto-e-artigo-blog-marketing-de-conteudo\/#primaryimage"},"thumbnailUrl":"https:\/\/www.wsaconsultoriadigital.com.br\/virtual\/wp-content\/uploads\/2018\/11\/wsa_consultoria-marketing-digital-criacao-marketing-de-conteudo-scaled.jpg","datePublished":"2018-11-12T00:04:07+00:00","dateModified":"2025-03-31T01:09:10+00:00","breadcrumb":{"@id":"https:\/\/www.wsaconsultoriadigital.com.br\/virtual\/produto\/producao-de-texto-e-artigo-blog-marketing-de-conteudo\/#breadcrumb"},"inLanguage":"pt-BR","potentialAction":[{"@type":"ReadAction","target":["https:\/\/www.wsaconsultoriadigital.com.br\/virtual\/produto\/producao-de-texto-e-artigo-blog-marketing-de-conteudo\/"]}]},{"@type":"ImageObject","inLanguage":"pt-BR","@id":"https:\/\/www.wsaconsultoriadigital.com.br\/virtual\/produto\/producao-de-texto-e-artigo-blog-marketing-de-conteudo\/#primaryimage","url":"https:\/\/www.wsaconsultoriadigital.com.br\/virtual\/wp-content\/uploads\/2018\/11\/wsa_consultoria-marketing-digital-criacao-marketing-de-conteudo-scaled.jpg","contentUrl":"https:\/\/www.wsaconsultoriadigital.com.br\/virtual\/wp-content\/uploads\/2018\/11\/wsa_consultoria-marketing-digital-criacao-marketing-de-conteudo-scaled.jpg","width":1536,"height":1920},{"@type":"BreadcrumbList","@id":"https:\/\/www.wsaconsultoriadigital.com.br\/virtual\/produto\/producao-de-texto-e-artigo-blog-marketing-de-conteudo\/#breadcrumb","itemListElement":[{"@type":"ListItem","position":1,"name":"In\u00edcio","item":"https:\/\/www.wsaconsultoriadigital.com.br\/virtual\/"},{"@type":"ListItem","position":2,"name":"Loja","item":"https:\/\/www.wsaconsultoriadigital.com.br\/virtual\/loja\/"},{"@type":"ListItem","position":3,"name":"Marketing de Conte\u00fado &#8211; Cria\u00e7\u00e3o de Textos e Artigo Blog"}]},{"@type":"WebSite","@id":"https:\/\/www.wsaconsultoriadigital.com.br\/virtual\/#website","url":"https:\/\/www.wsaconsultoriadigital.com.br\/virtual\/","name":"Wsa Consultoria em Marketing Digital","description":"Ag\u00eancia de Marketing Digital no Rio de Janeiro - RJ - Online","publisher":{"@id":"https:\/\/www.wsaconsultoriadigital.com.br\/virtual\/#organization"},"potentialAction":[{"@type":"SearchAction","target":{"@type":"EntryPoint","urlTemplate":"https:\/\/www.wsaconsultoriadigital.com.br\/virtual\/?s={search_term_string}"},"query-input":{"@type":"PropertyValueSpecification","valueRequired":true,"valueName":"search_term_string"}}],"inLanguage":"pt-BR"},{"@type":"Organization","@id":"https:\/\/www.wsaconsultoriadigital.com.br\/virtual\/#organization","name":"Wsa Consultoria em Marketing Digital \/ RJ","url":"https:\/\/www.wsaconsultoriadigital.com.br\/virtual\/","logo":{"@type":"ImageObject","inLanguage":"pt-BR","@id":"https:\/\/www.wsaconsultoriadigital.com.br\/virtual\/#\/schema\/logo\/image\/","url":"https:\/\/www.wsaconsultoriadigital.com.br\/virtual\/wp-content\/uploads\/2018\/11\/wsa_consultoria-logo.png","contentUrl":"https:\/\/www.wsaconsultoriadigital.com.br\/virtual\/wp-content\/uploads\/2018\/11\/wsa_consultoria-logo.png","width":440,"height":214,"caption":"Wsa Consultoria em Marketing Digital \/ RJ"},"image":{"@id":"https:\/\/www.wsaconsultoriadigital.com.br\/virtual\/#\/schema\/logo\/image\/"},"sameAs":["https:\/\/facebook.com\/wsaconsultoria","https:\/\/x.com\/wsa_consultoria","https:\/\/www.instagram.com\/wsa_consultoria\/","https:\/\/www.linkedin.com\/in\/wsa-consultoria-em-marketing-digital-2842a8141\/","https:\/\/br.pinterest.com\/wsaconsultoria\/"]}]}},"_links":{"self":[{"href":"https:\/\/www.wsaconsultoriadigital.com.br\/virtual\/wp-json\/wp\/v2\/product\/120","targetHints":{"allow":["GET"]}}],"collection":[{"href":"https:\/\/www.wsaconsultoriadigital.com.br\/virtual\/wp-json\/wp\/v2\/product"}],"about":[{"href":"https:\/\/www.wsaconsultoriadigital.com.br\/virtual\/wp-json\/wp\/v2\/types\/product"}],"replies":[{"embeddable":true,"href":"https:\/\/www.wsaconsultoriadigital.com.br\/virtual\/wp-json\/wp\/v2\/comments?post=120"}],"version-history":[{"count":11,"href":"https:\/\/www.wsaconsultoriadigital.com.br\/virtual\/wp-json\/wp\/v2\/product\/120\/revisions"}],"predecessor-version":[{"id":7087,"href":"https:\/\/www.wsaconsultoriadigital.com.br\/virtual\/wp-json\/wp\/v2\/product\/120\/revisions\/7087"}],"wp:featuredmedia":[{"embeddable":true,"href":"https:\/\/www.wsaconsultoriadigital.com.br\/virtual\/wp-json\/wp\/v2\/media\/7427"}],"wp:attachment":[{"href":"https:\/\/www.wsaconsultoriadigital.com.br\/virtual\/wp-json\/wp\/v2\/media?parent=120"}],"wp:term":[{"taxonomy":"product_brand","embeddable":true,"href":"https:\/\/www.wsaconsultoriadigital.com.br\/virtual\/wp-json\/wp\/v2\/product_brand?post=120"},{"taxonomy":"product_cat","embeddable":true,"href":"https:\/\/www.wsaconsultoriadigital.com.br\/virtual\/wp-json\/wp\/v2\/product_cat?post=120"},{"taxonomy":"product_tag","embeddable":true,"href":"https:\/\/www.wsaconsultoriadigital.com.br\/virtual\/wp-json\/wp\/v2\/product_tag?post=120"}],"curies":[{"name":"wp","href":"https:\/\/api.w.org\/{rel}","templated":true}]}}