{"id":115,"date":"2018-11-11T23:35:56","date_gmt":"2018-11-11T23:35:56","guid":{"rendered":"http:\/\/www.wsaconsultoriadigital.com.br\/virtual\/?post_type=product&#038;p=115"},"modified":"2025-02-25T23:54:59","modified_gmt":"2025-02-25T23:54:59","slug":"criacao-de-site-basico-pronto-para-celular-responsivo-e-seo-2","status":"publish","type":"product","link":"https:\/\/www.wsaconsultoriadigital.com.br\/virtual\/produto\/criacao-de-site-basico-pronto-para-celular-responsivo-e-seo-2\/","title":{"rendered":"Cria\u00e7\u00e3o de Site B\u00e1sico \u2013 Pronto para Celular (Responsivo) e SEO"},"content":{"rendered":"<div class=\"elementor-element elementor-element-9afc9f3 elementor-widget elementor-widget-heading\" data-id=\"9afc9f3\" data-element_type=\"heading.default\">\n<div class=\"elementor-widget-container\">\n<h2 class=\"elementor-heading-title elementor-size-large\">Seu site institucional est\u00e1 aqui!<\/h2>\n<\/div>\n<\/div>\n<div class=\"elementor-element elementor-element-1208d7e elementor-widget elementor-widget-divider\" data-id=\"1208d7e\" data-element_type=\"divider.default\">\n<div class=\"elementor-widget-container\">\n<div class=\"elementor-divider\">Desenvolvemos uma estrutura a partir do que voc\u00ea necessita para divulga\u00e7\u00e3o de seu servi\u00e7os e\/ou produtos, atrav\u00e9s de um conjunto de ideias bem direcionadas para atender a todos os segmentos da sua empresa.<\/div>\n<div><\/div>\n<div class=\"elementor-divider\">Cria\u00e7\u00e3o de Site B\u00e1sico \u2013 Pronto para Celular (Responsivo) e SEO (OTIMIZADO PARA OS BUSCADORES)<\/div>\n<\/div>\n<\/div>\n<h4>O que est\u00e1 incluso:<\/h4>\n<div class=\"elementor-element elementor-element-1208d7e elementor-widget elementor-widget-divider\" data-id=\"1208d7e\" data-element_type=\"divider.default\">\n<div class=\"elementor-widget-container\">\n<ul>\n<li>DOM\u00cdNIO NACIONAL (vigente 12 meses)<\/li>\n<li>HOSPEDAGEM DE SITE (vigente 12 meses)<\/li>\n<li>5 CONTAS DE E-MAIL PROFISSIONAL \u00a0(vigente 12 meses)<\/li>\n<li>OTIMIZA\u00c7\u00c3O DO SITE (SEO)<\/li>\n<li>SITE RESPONSIVO<\/li>\n<li>ESTAT\u00cdSTICAS DO SITE<\/li>\n<li>CERTIFICADO SSL DV ESSENCIAL \u2013 (Para novas contrata\u00e7\u00f5es a partir 05\/2020)***<\/li>\n<li>LGPD \u2013 LEI GERAL DE PROTE\u00c7\u00c3O DE DADOS \u2013 Site j\u00e1 adaptado<\/li>\n<\/ul>\n<\/div>\n<\/div>\n<!-- AddThis Advanced Settings generic via filter on the_content --><!-- AddThis Share Buttons generic via filter on the_content -->","protected":false},"excerpt":{"rendered":"<div class=\"elementor-element elementor-element-8af5646 elementor-column elementor-col-50 elementor-top-column\" data-id=\"8af5646\" data-element_type=\"column\">\n<div class=\"elementor-column-wrap elementor-element-populated\">\n<div class=\"elementor-widget-wrap\">\n<div class=\"elementor-element elementor-element-8f93415 elementor-widget elementor-widget-accordion\" data-id=\"8f93415\" data-element_type=\"accordion.default\">\n<div class=\"elementor-widget-container\">\n<div class=\"elementor-accordion\" role=\"tablist\">\n<div class=\"elementor-accordion-item\">\n<p id=\"elementor-tab-title-1506\" class=\"elementor-tab-title\" tabindex=\"1506\" role=\"tab\" data-tab=\"6\" aria-controls=\"elementor-tab-content-1506\"><strong>Um site do jeito que voc\u00ea precisa<br \/>\n<\/strong>Sua empresa na internet com um site eficiente, flex\u00edvel, bonito e que traga resultados para o seu neg\u00f3cio.<\/p>\n<\/div>\n<\/div>\n<\/div>\n<\/div>\n<\/div>\n<\/div>\n<\/div>\n<div tabindex=\"1506\" role=\"tab\" data-tab=\"6\" aria-controls=\"elementor-tab-content-1506\"><strong>MAIS INFORMA\u00c7\u00d5ES:<br \/>\n<\/strong>Mande um e-mail para <a href=\"mailto:orcamento@wsaconsultoriadigital.com.br\">orcamento@wsaconsultoriadigital.com.br<\/a><strong><br \/>\n<\/strong>Para cria\u00e7\u00f5es mais complexas\u00a0<em><strong>SOLICITAR<\/strong>\u00a0<strong>OR\u00c7AMENTO<\/strong><\/em>\u00a0via\u00a0<a href=\"https:\/\/api.whatsapp.com\/send?l=pt_BR&amp;phone=55021993813195\" target=\"_blank\" rel=\"noopener noreferrer\">WhatsApp<\/a>.<\/div>\n<p><!-- AddThis Advanced Settings generic via filter on get_the_excerpt --><!-- AddThis Share Buttons generic via filter on get_the_excerpt --><\/p>\n","protected":false},"featured_media":7405,"comment_status":"open","ping_status":"closed","template":"","meta":[],"product_brand":[],"product_cat":[17],"product_tag":[19,21,18,98,97],"class_list":{"0":"post-115","1":"product","2":"type-product","3":"status-publish","4":"has-post-thumbnail","6":"product_cat-criacao-de-sites","7":"product_tag-criacao_de_site_basico","8":"product_tag-criacao_de_site_responsivo","9":"product_tag-criacao_de_web_sites","10":"product_tag-web","11":"product_tag-www","12":"pa_paginas-ate-04-paginas","13":"pa_paginas-ate-06-paginas","14":"pa_paginas-ate-10-paginas","15":"post","17":"first","18":"instock","19":"sale","20":"shipping-taxable","21":"purchasable","22":"product-type-variable"},"yoast_head":"<!-- This site is optimized with the Yoast SEO plugin v27.3 - https:\/\/yoast.com\/product\/yoast-seo-wordpress\/ -->\n<title>Cria\u00e7\u00e3o de Site B\u00e1sico \u2013 Pronto para Celular (Responsivo) e SEO - Wsa Consultoria em Marketing Digital<\/title>\n<meta name=\"robots\" content=\"index, follow, max-snippet:-1, max-image-preview:large, max-video-preview:-1\" \/>\n<link rel=\"canonical\" href=\"https:\/\/www.wsaconsultoriadigital.com.br\/virtual\/produto\/criacao-de-site-basico-pronto-para-celular-responsivo-e-seo-2\/\" \/>\n<meta property=\"og:locale\" content=\"pt_BR\" \/>\n<meta property=\"og:type\" content=\"article\" \/>\n<meta property=\"og:title\" content=\"Cria\u00e7\u00e3o de Site B\u00e1sico \u2013 Pronto para Celular (Responsivo) e SEO - Wsa Consultoria em Marketing Digital\" \/>\n<meta property=\"og:description\" content=\"Um site do jeito que voc\u00ea precisa Sua empresa na internet com um site eficiente, flex\u00edvel, bonito e que traga resultados para o seu neg\u00f3cio.         MAIS INFORMA\u00c7\u00d5ES: Mande um e-mail para orcamento@wsaconsultoriadigital.com.br Para cria\u00e7\u00f5es mais complexas\u00a0SOLICITAR\u00a0OR\u00c7AMENTO\u00a0via\u00a0WhatsApp.\" \/>\n<meta property=\"og:url\" content=\"https:\/\/www.wsaconsultoriadigital.com.br\/virtual\/produto\/criacao-de-site-basico-pronto-para-celular-responsivo-e-seo-2\/\" \/>\n<meta property=\"og:site_name\" content=\"Wsa Consultoria em Marketing Digital\" \/>\n<meta property=\"article:publisher\" content=\"https:\/\/facebook.com\/wsaconsultoria\" \/>\n<meta property=\"article:modified_time\" content=\"2025-02-25T23:54:59+00:00\" \/>\n<meta property=\"og:image\" content=\"https:\/\/www.wsaconsultoriadigital.com.br\/virtual\/wp-content\/uploads\/2018\/11\/wsa_consultoria-marketing-digital-criacao-de-site-web-site-site-basico-site-profissional-1.jpg\" \/>\n\t<meta property=\"og:image:width\" content=\"1800\" \/>\n\t<meta property=\"og:image:height\" content=\"1800\" \/>\n\t<meta property=\"og:image:type\" content=\"image\/jpeg\" \/>\n<meta name=\"twitter:card\" content=\"summary_large_image\" \/>\n<meta name=\"twitter:site\" content=\"@wsa_consultoria\" \/>\n<meta name=\"twitter:label1\" content=\"Est. tempo de leitura\" \/>\n\t<meta name=\"twitter:data1\" content=\"1 minuto\" \/>\n<script type=\"application\/ld+json\" class=\"yoast-schema-graph\">{\"@context\":\"https:\\\/\\\/schema.org\",\"@graph\":[{\"@type\":\"WebPage\",\"@id\":\"https:\\\/\\\/www.wsaconsultoriadigital.com.br\\\/virtual\\\/produto\\\/criacao-de-site-basico-pronto-para-celular-responsivo-e-seo-2\\\/\",\"url\":\"https:\\\/\\\/www.wsaconsultoriadigital.com.br\\\/virtual\\\/produto\\\/criacao-de-site-basico-pronto-para-celular-responsivo-e-seo-2\\\/\",\"name\":\"Cria\u00e7\u00e3o de Site B\u00e1sico \u2013 Pronto para Celular (Responsivo) e SEO - Wsa Consultoria em Marketing Digital\",\"isPartOf\":{\"@id\":\"https:\\\/\\\/www.wsaconsultoriadigital.com.br\\\/virtual\\\/#website\"},\"primaryImageOfPage\":{\"@id\":\"https:\\\/\\\/www.wsaconsultoriadigital.com.br\\\/virtual\\\/produto\\\/criacao-de-site-basico-pronto-para-celular-responsivo-e-seo-2\\\/#primaryimage\"},\"image\":{\"@id\":\"https:\\\/\\\/www.wsaconsultoriadigital.com.br\\\/virtual\\\/produto\\\/criacao-de-site-basico-pronto-para-celular-responsivo-e-seo-2\\\/#primaryimage\"},\"thumbnailUrl\":\"https:\\\/\\\/www.wsaconsultoriadigital.com.br\\\/virtual\\\/wp-content\\\/uploads\\\/2018\\\/11\\\/wsa_consultoria-marketing-digital-criacao-de-site-web-site-site-basico-site-profissional-1.jpg\",\"datePublished\":\"2018-11-11T23:35:56+00:00\",\"dateModified\":\"2025-02-25T23:54:59+00:00\",\"breadcrumb\":{\"@id\":\"https:\\\/\\\/www.wsaconsultoriadigital.com.br\\\/virtual\\\/produto\\\/criacao-de-site-basico-pronto-para-celular-responsivo-e-seo-2\\\/#breadcrumb\"},\"inLanguage\":\"pt-BR\",\"potentialAction\":[{\"@type\":\"ReadAction\",\"target\":[\"https:\\\/\\\/www.wsaconsultoriadigital.com.br\\\/virtual\\\/produto\\\/criacao-de-site-basico-pronto-para-celular-responsivo-e-seo-2\\\/\"]}]},{\"@type\":\"ImageObject\",\"inLanguage\":\"pt-BR\",\"@id\":\"https:\\\/\\\/www.wsaconsultoriadigital.com.br\\\/virtual\\\/produto\\\/criacao-de-site-basico-pronto-para-celular-responsivo-e-seo-2\\\/#primaryimage\",\"url\":\"https:\\\/\\\/www.wsaconsultoriadigital.com.br\\\/virtual\\\/wp-content\\\/uploads\\\/2018\\\/11\\\/wsa_consultoria-marketing-digital-criacao-de-site-web-site-site-basico-site-profissional-1.jpg\",\"contentUrl\":\"https:\\\/\\\/www.wsaconsultoriadigital.com.br\\\/virtual\\\/wp-content\\\/uploads\\\/2018\\\/11\\\/wsa_consultoria-marketing-digital-criacao-de-site-web-site-site-basico-site-profissional-1.jpg\",\"width\":1800,\"height\":1800},{\"@type\":\"BreadcrumbList\",\"@id\":\"https:\\\/\\\/www.wsaconsultoriadigital.com.br\\\/virtual\\\/produto\\\/criacao-de-site-basico-pronto-para-celular-responsivo-e-seo-2\\\/#breadcrumb\",\"itemListElement\":[{\"@type\":\"ListItem\",\"position\":1,\"name\":\"In\u00edcio\",\"item\":\"https:\\\/\\\/www.wsaconsultoriadigital.com.br\\\/virtual\\\/\"},{\"@type\":\"ListItem\",\"position\":2,\"name\":\"Loja\",\"item\":\"https:\\\/\\\/www.wsaconsultoriadigital.com.br\\\/virtual\\\/loja\\\/\"},{\"@type\":\"ListItem\",\"position\":3,\"name\":\"Cria\u00e7\u00e3o de Site B\u00e1sico \u2013 Pronto para Celular (Responsivo) e SEO\"}]},{\"@type\":\"WebSite\",\"@id\":\"https:\\\/\\\/www.wsaconsultoriadigital.com.br\\\/virtual\\\/#website\",\"url\":\"https:\\\/\\\/www.wsaconsultoriadigital.com.br\\\/virtual\\\/\",\"name\":\"Wsa Consultoria em Marketing Digital\",\"description\":\"Ag\u00eancia de Marketing Digital no Rio de Janeiro - RJ - Online\",\"publisher\":{\"@id\":\"https:\\\/\\\/www.wsaconsultoriadigital.com.br\\\/virtual\\\/#organization\"},\"potentialAction\":[{\"@type\":\"SearchAction\",\"target\":{\"@type\":\"EntryPoint\",\"urlTemplate\":\"https:\\\/\\\/www.wsaconsultoriadigital.com.br\\\/virtual\\\/?s={search_term_string}\"},\"query-input\":{\"@type\":\"PropertyValueSpecification\",\"valueRequired\":true,\"valueName\":\"search_term_string\"}}],\"inLanguage\":\"pt-BR\"},{\"@type\":\"Organization\",\"@id\":\"https:\\\/\\\/www.wsaconsultoriadigital.com.br\\\/virtual\\\/#organization\",\"name\":\"Wsa Consultoria em Marketing Digital \\\/ RJ\",\"url\":\"https:\\\/\\\/www.wsaconsultoriadigital.com.br\\\/virtual\\\/\",\"logo\":{\"@type\":\"ImageObject\",\"inLanguage\":\"pt-BR\",\"@id\":\"https:\\\/\\\/www.wsaconsultoriadigital.com.br\\\/virtual\\\/#\\\/schema\\\/logo\\\/image\\\/\",\"url\":\"https:\\\/\\\/www.wsaconsultoriadigital.com.br\\\/virtual\\\/wp-content\\\/uploads\\\/2018\\\/11\\\/wsa_consultoria-logo.png\",\"contentUrl\":\"https:\\\/\\\/www.wsaconsultoriadigital.com.br\\\/virtual\\\/wp-content\\\/uploads\\\/2018\\\/11\\\/wsa_consultoria-logo.png\",\"width\":440,\"height\":214,\"caption\":\"Wsa Consultoria em Marketing Digital \\\/ RJ\"},\"image\":{\"@id\":\"https:\\\/\\\/www.wsaconsultoriadigital.com.br\\\/virtual\\\/#\\\/schema\\\/logo\\\/image\\\/\"},\"sameAs\":[\"https:\\\/\\\/facebook.com\\\/wsaconsultoria\",\"https:\\\/\\\/x.com\\\/wsa_consultoria\",\"https:\\\/\\\/www.instagram.com\\\/wsa_consultoria\\\/\",\"https:\\\/\\\/www.linkedin.com\\\/in\\\/wsa-consultoria-em-marketing-digital-2842a8141\\\/\",\"https:\\\/\\\/br.pinterest.com\\\/wsaconsultoria\\\/\"]}]}<\/script>\n<!-- \/ Yoast SEO plugin. -->","yoast_head_json":{"title":"Cria\u00e7\u00e3o de Site B\u00e1sico \u2013 Pronto para Celular (Responsivo) e SEO - Wsa Consultoria em Marketing Digital","robots":{"index":"index","follow":"follow","max-snippet":"max-snippet:-1","max-image-preview":"max-image-preview:large","max-video-preview":"max-video-preview:-1"},"canonical":"https:\/\/www.wsaconsultoriadigital.com.br\/virtual\/produto\/criacao-de-site-basico-pronto-para-celular-responsivo-e-seo-2\/","og_locale":"pt_BR","og_type":"article","og_title":"Cria\u00e7\u00e3o de Site B\u00e1sico \u2013 Pronto para Celular (Responsivo) e SEO - Wsa Consultoria em Marketing Digital","og_description":"Um site do jeito que voc\u00ea precisa Sua empresa na internet com um site eficiente, flex\u00edvel, bonito e que traga resultados para o seu neg\u00f3cio.         MAIS INFORMA\u00c7\u00d5ES: Mande um e-mail para orcamento@wsaconsultoriadigital.com.br Para cria\u00e7\u00f5es mais complexas\u00a0SOLICITAR\u00a0OR\u00c7AMENTO\u00a0via\u00a0WhatsApp.","og_url":"https:\/\/www.wsaconsultoriadigital.com.br\/virtual\/produto\/criacao-de-site-basico-pronto-para-celular-responsivo-e-seo-2\/","og_site_name":"Wsa Consultoria em Marketing Digital","article_publisher":"https:\/\/facebook.com\/wsaconsultoria","article_modified_time":"2025-02-25T23:54:59+00:00","og_image":[{"width":1800,"height":1800,"url":"https:\/\/www.wsaconsultoriadigital.com.br\/virtual\/wp-content\/uploads\/2018\/11\/wsa_consultoria-marketing-digital-criacao-de-site-web-site-site-basico-site-profissional-1.jpg","type":"image\/jpeg"}],"twitter_card":"summary_large_image","twitter_site":"@wsa_consultoria","twitter_misc":{"Est. tempo de leitura":"1 minuto"},"schema":{"@context":"https:\/\/schema.org","@graph":[{"@type":"WebPage","@id":"https:\/\/www.wsaconsultoriadigital.com.br\/virtual\/produto\/criacao-de-site-basico-pronto-para-celular-responsivo-e-seo-2\/","url":"https:\/\/www.wsaconsultoriadigital.com.br\/virtual\/produto\/criacao-de-site-basico-pronto-para-celular-responsivo-e-seo-2\/","name":"Cria\u00e7\u00e3o de Site B\u00e1sico \u2013 Pronto para Celular (Responsivo) e SEO - Wsa Consultoria em Marketing Digital","isPartOf":{"@id":"https:\/\/www.wsaconsultoriadigital.com.br\/virtual\/#website"},"primaryImageOfPage":{"@id":"https:\/\/www.wsaconsultoriadigital.com.br\/virtual\/produto\/criacao-de-site-basico-pronto-para-celular-responsivo-e-seo-2\/#primaryimage"},"image":{"@id":"https:\/\/www.wsaconsultoriadigital.com.br\/virtual\/produto\/criacao-de-site-basico-pronto-para-celular-responsivo-e-seo-2\/#primaryimage"},"thumbnailUrl":"https:\/\/www.wsaconsultoriadigital.com.br\/virtual\/wp-content\/uploads\/2018\/11\/wsa_consultoria-marketing-digital-criacao-de-site-web-site-site-basico-site-profissional-1.jpg","datePublished":"2018-11-11T23:35:56+00:00","dateModified":"2025-02-25T23:54:59+00:00","breadcrumb":{"@id":"https:\/\/www.wsaconsultoriadigital.com.br\/virtual\/produto\/criacao-de-site-basico-pronto-para-celular-responsivo-e-seo-2\/#breadcrumb"},"inLanguage":"pt-BR","potentialAction":[{"@type":"ReadAction","target":["https:\/\/www.wsaconsultoriadigital.com.br\/virtual\/produto\/criacao-de-site-basico-pronto-para-celular-responsivo-e-seo-2\/"]}]},{"@type":"ImageObject","inLanguage":"pt-BR","@id":"https:\/\/www.wsaconsultoriadigital.com.br\/virtual\/produto\/criacao-de-site-basico-pronto-para-celular-responsivo-e-seo-2\/#primaryimage","url":"https:\/\/www.wsaconsultoriadigital.com.br\/virtual\/wp-content\/uploads\/2018\/11\/wsa_consultoria-marketing-digital-criacao-de-site-web-site-site-basico-site-profissional-1.jpg","contentUrl":"https:\/\/www.wsaconsultoriadigital.com.br\/virtual\/wp-content\/uploads\/2018\/11\/wsa_consultoria-marketing-digital-criacao-de-site-web-site-site-basico-site-profissional-1.jpg","width":1800,"height":1800},{"@type":"BreadcrumbList","@id":"https:\/\/www.wsaconsultoriadigital.com.br\/virtual\/produto\/criacao-de-site-basico-pronto-para-celular-responsivo-e-seo-2\/#breadcrumb","itemListElement":[{"@type":"ListItem","position":1,"name":"In\u00edcio","item":"https:\/\/www.wsaconsultoriadigital.com.br\/virtual\/"},{"@type":"ListItem","position":2,"name":"Loja","item":"https:\/\/www.wsaconsultoriadigital.com.br\/virtual\/loja\/"},{"@type":"ListItem","position":3,"name":"Cria\u00e7\u00e3o de Site B\u00e1sico \u2013 Pronto para Celular (Responsivo) e SEO"}]},{"@type":"WebSite","@id":"https:\/\/www.wsaconsultoriadigital.com.br\/virtual\/#website","url":"https:\/\/www.wsaconsultoriadigital.com.br\/virtual\/","name":"Wsa Consultoria em Marketing Digital","description":"Ag\u00eancia de Marketing Digital no Rio de Janeiro - RJ - Online","publisher":{"@id":"https:\/\/www.wsaconsultoriadigital.com.br\/virtual\/#organization"},"potentialAction":[{"@type":"SearchAction","target":{"@type":"EntryPoint","urlTemplate":"https:\/\/www.wsaconsultoriadigital.com.br\/virtual\/?s={search_term_string}"},"query-input":{"@type":"PropertyValueSpecification","valueRequired":true,"valueName":"search_term_string"}}],"inLanguage":"pt-BR"},{"@type":"Organization","@id":"https:\/\/www.wsaconsultoriadigital.com.br\/virtual\/#organization","name":"Wsa Consultoria em Marketing Digital \/ RJ","url":"https:\/\/www.wsaconsultoriadigital.com.br\/virtual\/","logo":{"@type":"ImageObject","inLanguage":"pt-BR","@id":"https:\/\/www.wsaconsultoriadigital.com.br\/virtual\/#\/schema\/logo\/image\/","url":"https:\/\/www.wsaconsultoriadigital.com.br\/virtual\/wp-content\/uploads\/2018\/11\/wsa_consultoria-logo.png","contentUrl":"https:\/\/www.wsaconsultoriadigital.com.br\/virtual\/wp-content\/uploads\/2018\/11\/wsa_consultoria-logo.png","width":440,"height":214,"caption":"Wsa Consultoria em Marketing Digital \/ RJ"},"image":{"@id":"https:\/\/www.wsaconsultoriadigital.com.br\/virtual\/#\/schema\/logo\/image\/"},"sameAs":["https:\/\/facebook.com\/wsaconsultoria","https:\/\/x.com\/wsa_consultoria","https:\/\/www.instagram.com\/wsa_consultoria\/","https:\/\/www.linkedin.com\/in\/wsa-consultoria-em-marketing-digital-2842a8141\/","https:\/\/br.pinterest.com\/wsaconsultoria\/"]}]}},"_links":{"self":[{"href":"https:\/\/www.wsaconsultoriadigital.com.br\/virtual\/wp-json\/wp\/v2\/product\/115","targetHints":{"allow":["GET"]}}],"collection":[{"href":"https:\/\/www.wsaconsultoriadigital.com.br\/virtual\/wp-json\/wp\/v2\/product"}],"about":[{"href":"https:\/\/www.wsaconsultoriadigital.com.br\/virtual\/wp-json\/wp\/v2\/types\/product"}],"replies":[{"embeddable":true,"href":"https:\/\/www.wsaconsultoriadigital.com.br\/virtual\/wp-json\/wp\/v2\/comments?post=115"}],"version-history":[{"count":17,"href":"https:\/\/www.wsaconsultoriadigital.com.br\/virtual\/wp-json\/wp\/v2\/product\/115\/revisions"}],"predecessor-version":[{"id":6118,"href":"https:\/\/www.wsaconsultoriadigital.com.br\/virtual\/wp-json\/wp\/v2\/product\/115\/revisions\/6118"}],"wp:featuredmedia":[{"embeddable":true,"href":"https:\/\/www.wsaconsultoriadigital.com.br\/virtual\/wp-json\/wp\/v2\/media\/7405"}],"wp:attachment":[{"href":"https:\/\/www.wsaconsultoriadigital.com.br\/virtual\/wp-json\/wp\/v2\/media?parent=115"}],"wp:term":[{"taxonomy":"product_brand","embeddable":true,"href":"https:\/\/www.wsaconsultoriadigital.com.br\/virtual\/wp-json\/wp\/v2\/product_brand?post=115"},{"taxonomy":"product_cat","embeddable":true,"href":"https:\/\/www.wsaconsultoriadigital.com.br\/virtual\/wp-json\/wp\/v2\/product_cat?post=115"},{"taxonomy":"product_tag","embeddable":true,"href":"https:\/\/www.wsaconsultoriadigital.com.br\/virtual\/wp-json\/wp\/v2\/product_tag?post=115"}],"curies":[{"name":"wp","href":"https:\/\/api.w.org\/{rel}","templated":true}]}}